{"id":5613,"date":"2024-10-31T08:42:33","date_gmt":"2024-10-31T06:42:33","guid":{"rendered":"https:\/\/finnhems.fi\/bases\/"},"modified":"2026-01-07T13:05:48","modified_gmt":"2026-01-07T11:05:48","slug":"bases","status":"publish","type":"page","link":"https:\/\/finnhems.fi\/en\/bases\/","title":{"rendered":"Bases"},"content":{"rendered":"\r\n<div class=\"px-2 px-md-0\">\r\n    <div class=\"hero  nonsquare\" style=\"background-image:url(https:\/\/finnhems.fi\/wp-content\/uploads\/2025\/09\/finnhems-hero-tukikohdat-2025-scaled.jpg);\" data-aos=\"fade-in\">\r\n\r\n        <div class=\"d-md-flex align-items-center justify-content-end \">\r\n            <div class=\"position-relative col-12 col-lg-6 d-none d-lg-block overlay-desktop order-first \" style=\"\">\r\n                                    <div class=\"p-4 p-xl-5 position-absolute top-50 start-25 translate-x25y50\" data-aos=\"fade-in\" data-aos-anchor-placement=\"top-bottom\">\r\n                        <h1 class=\"mb-3\" data-aos=\"fade-up\" data-aos-delay=\"50\" data-aos-anchor-placement=\"top-bottom\">Bases<\/h1>                        <div class=\"subHeader\" data-aos=\"fade-up\" data-aos-delay=\"150\">\r\n                            FinnHEMS&#8217;s medical helicopters reach up to 80% of Finns within 30 minutes of an alert.                        <\/div>\r\n                                            <\/div>\r\n                            <\/div>\r\n            <div class=\"position-relative col-12 col-lg-6 d-block overlay-desktop-right order-last \">\r\n            <\/div>\r\n        <\/div>\r\n    <\/div>\r\n<\/div>\r\n\r\n<div class=\"position-relative col-12 col-lg-6 d-block d-lg-none overlay-mobile\" style=\"\">\r\n            <div class=\"pt-3 pb-3 pb-md-1 px-2\">\r\n            <h1 class=\"fw-bold hyphenated\">Bases<\/h1>            <div class=\"subHeader fw-bold hyphenated\">\r\n                FinnHEMS&#8217;s medical helicopters reach up to 80% of Finns within 30 minutes of an alert.            <\/div>\r\n                    <\/div>\r\n    <\/div>\r\n\n\n\r\n<div class=\"container content\">\r\n\r\n    <div class=\"row d-md-flex align-items-stretch\">\r\n        <div class=\"col-12 col-md-12 col-lg-6 py-4 px-0 py-md-4 px-md-4 p-xl-5 square  large-text  dark\" style=\"position: relative;\">\r\n            <!-- <div class=\"image-overlay\" style=\"z-index: 0;\"><\/div> -->\r\n            <div class=\"px-2 px-md-4 px-xl-5\" style=\"position: relative;\">\r\n                                <div data-aos=\"fade-up\" data-aos-delay=\"50\">\r\n                    <p>FinnHEMS has seven bases in Finland, located in Vantaa, Turku, Tampere, Sein\u00e4joki, Kuopio, Oulu, and Rovaniemi. At each base, the on-call crew has access to a helicopter and a rapid response emergency vehicle with medical equipment. <\/p>\n<h3>Crew<\/h3>\n<p>In Vantaa, Turku, Tampere, Sein\u00e4joki, Kuopio, and Oulu, the crew always includes an on-call emergency physician, a pilot, and a HEMS paramedic or HEMS rescuer. At the Rovaniemi base, the crew consists of two pilots and two paramedics. In addition, FinnHEMS medical and flight operations experts are constantly working to maintain and develop a high-quality and safe medical helicopter service.<\/p>\n                <\/div>\r\n                            <\/div>\r\n        <\/div>\r\n\r\n                    <div class=\"px-2 px-md-0 pt-3 pt-md-0 col-12 col-md-12 col-lg-6 align-self-stretch content__image  \" style=\"position: relative;\" data-aos=\"fade-up\" data-aos-delay=\"100\">\r\n                <div class=\"h-100\" style=\"background-image:url(https:\/\/finnhems.fi\/wp-content\/uploads\/2026\/01\/Finnhems_kartta-1.png); background-size: cover; background-repeat: no-repeat; background-position: center center;\"><\/div>\r\n                <div class=\"image-overlay\"><\/div>\r\n            <\/div>\r\n                    <\/div>\r\n\r\n<\/div>\n\n\r\n<div class=\"container content\">\r\n\r\n    <div class=\"row d-md-flex align-items-stretch\">\r\n        <div class=\"col-12 col-md-12 col-lg-6 py-4 px-0 py-md-4 px-md-4 p-xl-5 square  large-text  light\" style=\"position: relative;\">\r\n            <!-- <div class=\"image-overlay\" style=\"z-index: 0;\"><\/div> -->\r\n            <div class=\"px-2 px-md-4 px-xl-5\" style=\"position: relative;\">\r\n                <h2 class=\"mb-3 mb-md-4 mb-xl-5\" data-aos=\"fade-up\">Vantaa FH10<\/h2>                <div data-aos=\"fade-up\" data-aos-delay=\"50\">\r\n                    <p>FinnHEMS&#8217;s Vantaa base is located at Helsinki Airport. The medical helicopter at the Vantaa base serves the entire Uusimaa region from Hanko to Hyvink\u00e4\u00e4. This base handles the highest number of emergency calls in Finland. <\/p>\n<p>The fleet consists of Airbus EC135 helicopters. <\/p>\n<p><strong>Address<\/strong><br \/>\nVesikuja 9,<br \/>\n01530 Vantaa<\/p>\n                <\/div>\r\n                            <\/div>\r\n        <\/div>\r\n\r\n                            <div class=\"col-12 col-md-12 col-lg-6 px-2 p-0 px-md-0 square   large-text  light\" data-aos=\"fade-up\" data-aos-delay=\"100\">\r\n                <div class=\"\" style=\"position: relative; height: 100%; align-content: center;\">\r\n                    <div class=\"py-4 py-xl-5 px-3 px-md-4 px-xl-5\" style=\"position: relative; z-index: 10;\">\r\n                                                <ul>\n<li><strong>Staff and responsible persons<br \/>\n<\/strong>The FinnHEMS 10 base in Vantaa is staffed by emergency physicians, pilots, and HEMS paramedics and rescuers. The unit&#8217;s emergency medical services are provided by the HUS Group.<\/li>\n<li><strong>Base Manager<br \/>\n<\/strong>Jonne Lundberg<\/li>\n<li><strong>Physician-in-charge<br \/>\n<\/strong>Susanne \u00c5ngerman<\/li>\n<li><strong>Responsible HCM<br \/>\n<\/strong>Teppo Koskue<\/li>\n<\/ul>\n                                            <\/div>\r\n                    <div class=\"image-overlay\" style=\"z-index: 1;\"><\/div>\r\n                <\/div>\r\n            <\/div>\r\n            <\/div>\r\n\r\n<\/div>\n\n\r\n<div class=\"container content\">\r\n\r\n    <div class=\"row d-md-flex align-items-stretch\">\r\n        <div class=\"col-12 col-md-12 col-lg-6 py-4 px-0 py-md-4 px-md-4 p-xl-5 square  large-text  light\" style=\"position: relative;\">\r\n            <!-- <div class=\"image-overlay\" style=\"z-index: 0;\"><\/div> -->\r\n            <div class=\"px-2 px-md-4 px-xl-5\" style=\"position: relative;\">\r\n                <h2 class=\"mb-3 mb-md-4 mb-xl-5 boldGreen \" data-aos=\"fade-up\">Turku FH 20<\/h2>                <div data-aos=\"fade-up\" data-aos-delay=\"50\">\r\n                    <p>FinnHEMS&#8217;s Turku base is located in the Turku Airport area. The Turku base is the first permanent base designed and built by FinnHEMS to meet the needs of 24-hour emergency services. The base was completed in 2015. The medical helicopter at the Turku base serves the whole of Southwest Finland, and can also reach some areas of Satakunta and Uusimaa within 30 minutes of an emergency call. <\/p>\n<p>The fleet consists of Airbus EC135 helicopters. <\/p>\n<p><strong>Address<\/strong><br \/>\nKerosiinitie 61,<br \/>\n20360 Turku<\/p>\n                <\/div>\r\n                            <\/div>\r\n        <\/div>\r\n\r\n                            <div class=\"col-12 col-md-12 col-lg-6 px-2 p-0 px-md-0 square   large-text  light\" data-aos=\"fade-up\" data-aos-delay=\"100\">\r\n                <div class=\"\" style=\"position: relative; height: 100%; align-content: center;\">\r\n                    <div class=\"py-4 py-xl-5 px-3 px-md-4 px-xl-5\" style=\"position: relative; z-index: 10;\">\r\n                                                <ul>\n<li><strong>Staff and responsible persons<br \/>\n<\/strong>The Turku FinnHEMS 20 base is staffed by emergency physicians, pilots, and HEMS paramedics and rescuers. The unit&#8217;s emergency medical services are provided by the Southwest Finland Wellbeing Services County.<\/li>\n<li><strong>Base Manager<br \/>\n<\/strong>Toni Yli-Hirvel\u00e4<\/li>\n<li><strong>Physician-in charge<br \/>\n<\/strong>Petri Aaltonen<\/li>\n<li><strong>Responsible HCM<br \/>\n<\/strong>Juha Taaveli<\/li>\n<\/ul>\n                                            <\/div>\r\n                    <div class=\"image-overlay\" style=\"z-index: 1;\"><\/div>\r\n                <\/div>\r\n            <\/div>\r\n            <\/div>\r\n\r\n<\/div>\n\n\r\n<div class=\"container content\">\r\n\r\n    <div class=\"row d-md-flex align-items-stretch\">\r\n        <div class=\"col-12 col-md-12 col-lg-6 py-4 px-0 py-md-4 px-md-4 p-xl-5 square  large-text  light\" style=\"position: relative;\">\r\n            <!-- <div class=\"image-overlay\" style=\"z-index: 0;\"><\/div> -->\r\n            <div class=\"px-2 px-md-4 px-xl-5\" style=\"position: relative;\">\r\n                <h2 class=\"mb-3 mb-md-4 mb-xl-5\" data-aos=\"fade-up\">Tampere FH30<\/h2>                <div data-aos=\"fade-up\" data-aos-delay=\"50\">\r\n                    <p>FinnHEMS&#8217;s Tampere base is located at Pirkkala Airport. Medical helicopter operations in Tampere started in September 2012. From the Tampere base, the medical helicopter can reach the entire Pirkanmaa region, parts of Kanta-H\u00e4me and Central Finland, plus Satakunta and Southwest Finland within 30 minutes of an emergency call. <\/p>\n<p>The fleet consists of Airbus EC135 helicopters. <\/p>\n<p><strong>Address<br \/>\n<\/strong>Varikontie 60,<br \/>\n33960 Pirkkala<\/p>\n                <\/div>\r\n                            <\/div>\r\n        <\/div>\r\n\r\n                            <div class=\"col-12 col-md-12 col-lg-6 px-2 p-0 px-md-0 square   large-text  light\" data-aos=\"fade-up\" data-aos-delay=\"100\">\r\n                <div class=\"\" style=\"position: relative; height: 100%; align-content: center;\">\r\n                    <div class=\"py-4 py-xl-5 px-3 px-md-4 px-xl-5\" style=\"position: relative; z-index: 10;\">\r\n                                                <ul>\n<li><strong>Staff and responsible persons<\/strong><br \/>\nThe FinnHEMS 30 base in Tampere is staffed by emergency physicians, pilots, and HEMS paramedics.<br \/>\nThe unit&#8217;s emergency medical services are provided by the Pirkanmaa Wellbeing Services County.<\/li>\n<li><strong>Base Manager<\/strong><br \/>\nNiko Silander<\/li>\n<li><strong>Physician in charge<br \/>\n<\/strong>Paula M\u00e4ki<\/li>\n<li><strong>Responsible HCM<br \/>\n<\/strong>Satu Yliherne<\/li>\n<\/ul>\n                                            <\/div>\r\n                    <div class=\"image-overlay\" style=\"z-index: 1;\"><\/div>\r\n                <\/div>\r\n            <\/div>\r\n            <\/div>\r\n\r\n<\/div>\n\n\r\n<div class=\"container content\">\r\n\r\n    <div class=\"row d-md-flex align-items-stretch\">\r\n        <div class=\"col-12 col-md-12 col-lg-6 py-4 px-0 py-md-4 px-md-4 p-xl-5 square  large-text  light\" style=\"position: relative;\">\r\n            <!-- <div class=\"image-overlay\" style=\"z-index: 0;\"><\/div> -->\r\n            <div class=\"px-2 px-md-4 px-xl-5\" style=\"position: relative;\">\r\n                <h2 class=\"mb-3 mb-md-4 mb-xl-5 boldGreen \" data-aos=\"fade-up\">Sein\u00e4joki FH40<\/h2>                <div data-aos=\"fade-up\" data-aos-delay=\"50\">\r\n                    <p>FinnHEMS&#8217;s Sein\u00e4joki base is located at Sein\u00e4joki Airport in Ilmajoki. The medical helicopter base in Sein\u00e4joki started operations in autumn 2022. The base plays a key role in reinforcing Ostrobothnia\u2019s emergency medical services over a broad area. <\/p>\n<p>The fleet consists of Airbus EC135 helicopters. <\/p>\n<p><strong>Address<\/strong><br \/>\nLentokent\u00e4ntie 8,<br \/>\n60760 Ilmajoki<\/p>\n                <\/div>\r\n                            <\/div>\r\n        <\/div>\r\n\r\n                            <div class=\"col-12 col-md-12 col-lg-6 px-2 p-0 px-md-0 square   large-text  light\" data-aos=\"fade-up\" data-aos-delay=\"100\">\r\n                <div class=\"\" style=\"position: relative; height: 100%; align-content: center;\">\r\n                    <div class=\"py-4 py-xl-5 px-3 px-md-4 px-xl-5\" style=\"position: relative; z-index: 10;\">\r\n                                                <ul>\n<li><strong>Staff and responsible persons<\/strong><br \/>\nThe FinnHEMS 40 base in Sein\u00e4joki is staffed by emergency physicians, pilots, and HEMS paramedics. The unit&#8217;s emergency medical services are provided by the Pirkanmaa Wellbeing Services County.<\/li>\n<li><strong>Base Manager<br \/>\n<\/strong>Matias Salo<\/li>\n<li><strong>Physician-in-charge<br \/>\n<\/strong>Toni Pakkanen<\/li>\n<li><strong>Responsible HCM<br \/>\n<\/strong>Tuomas Syrj\u00e4<\/li>\n<\/ul>\n                                            <\/div>\r\n                    <div class=\"image-overlay\" style=\"z-index: 1;\"><\/div>\r\n                <\/div>\r\n            <\/div>\r\n            <\/div>\r\n\r\n<\/div>\n\n\r\n<div class=\"container content\">\r\n\r\n    <div class=\"row d-md-flex align-items-stretch\">\r\n        <div class=\"col-12 col-md-12 col-lg-6 py-4 px-0 py-md-4 px-md-4 p-xl-5 square  large-text  light\" style=\"position: relative;\">\r\n            <!-- <div class=\"image-overlay\" style=\"z-index: 0;\"><\/div> -->\r\n            <div class=\"px-2 px-md-4 px-xl-5\" style=\"position: relative;\">\r\n                <h2 class=\"mb-3 mb-md-4 mb-xl-5\" data-aos=\"fade-up\">Oulu FH50<\/h2>                <div data-aos=\"fade-up\" data-aos-delay=\"50\">\r\n                    <p>FinnHEMS&#8217;s Oulu base is located in the Oulunsalo Airport area. The operation moved to a new permanent base building in 2024. <\/p>\n<p>From the Oulu base, the medical helicopter can reach North Ostrobothnia and Kainuu, including Pudasj\u00e4rvi and Vaala, within 30 minutes of an emergency call. <\/p>\n<p>The fleet consists of Airbus H145 helicopters. <\/p>\n<p><strong>Address<\/strong><br \/>\nPapinj\u00e4rventie 59,<br \/>\n90460 Oulunsalo<\/p>\n                <\/div>\r\n                            <\/div>\r\n        <\/div>\r\n\r\n                            <div class=\"col-12 col-md-12 col-lg-6 px-2 p-0 px-md-0 square   large-text  light\" data-aos=\"fade-up\" data-aos-delay=\"100\">\r\n                <div class=\"\" style=\"position: relative; height: 100%; align-content: center;\">\r\n                    <div class=\"py-4 py-xl-5 px-3 px-md-4 px-xl-5\" style=\"position: relative; z-index: 10;\">\r\n                                                <ul>\n<li><strong>Staff and responsible persons<\/strong><br \/>\nThe FinnHEMS 50 base in Oulu is staffed by emergency physicians, pilots, and HEMS paramedics. The unit&#8217;s emergency medical services are provided by the North Ostrobothnia Wellbeing Services County.<\/li>\n<li><strong>Base Manager<\/strong><br \/>\nJaakko Hanni<\/li>\n<li><strong>Physician-in-charge<\/strong><br \/>\nTatu-Matti Karjalainen<\/li>\n<li><strong>Responsible HCM<\/strong><br \/>\nJani Rantasuo<\/li>\n<\/ul>\n                                            <\/div>\r\n                    <div class=\"image-overlay\" style=\"z-index: 1;\"><\/div>\r\n                <\/div>\r\n            <\/div>\r\n            <\/div>\r\n\r\n<\/div>\n\n\r\n<div class=\"container content\">\r\n\r\n    <div class=\"row d-md-flex align-items-stretch\">\r\n        <div class=\"col-12 col-md-12 col-lg-6 py-4 px-0 py-md-4 px-md-4 p-xl-5 square  large-text  light\" style=\"position: relative;\">\r\n            <!-- <div class=\"image-overlay\" style=\"z-index: 0;\"><\/div> -->\r\n            <div class=\"px-2 px-md-4 px-xl-5\" style=\"position: relative;\">\r\n                <h2 class=\"mb-3 mb-md-4 mb-xl-5 boldGreen \" data-aos=\"fade-up\">Rovaniemi FH51<\/h2>                <div data-aos=\"fade-up\" data-aos-delay=\"50\">\r\n                    <p>FinnHEMS&#8217;s Rovaniemi base is located at Rovaniemi Airport.<br \/>\nFrom the Rovaniemi base, the medical helicopter has extensive coverage of the areas surrounding Rovaniemi, including Tervola, Pello, Kemij\u00e4rvi, and Sodankyl\u00e4. The healthcare districts in the border regions of Finland, Sweden, and Norway have agreed to collaborate in the Arctic region to ensure better access to emergency services for residents in border areas. <\/p>\n<p>The fleet consists of Airbus H145 helicopters. <\/p>\n<p><strong>Address<\/strong><br \/>\nLentoasemankuja 18,<br \/>\n96930 Napapiiri<\/p>\n                <\/div>\r\n                            <\/div>\r\n        <\/div>\r\n\r\n                            <div class=\"col-12 col-md-12 col-lg-6 px-2 p-0 px-md-0 square   large-text  light\" data-aos=\"fade-up\" data-aos-delay=\"100\">\r\n                <div class=\"\" style=\"position: relative; height: 100%; align-content: center;\">\r\n                    <div class=\"py-4 py-xl-5 px-3 px-md-4 px-xl-5\" style=\"position: relative; z-index: 10;\">\r\n                                                <ul>\n<li><strong>Staff and responsible persons<\/strong><br \/>\nThe Rovaniemi FinnHEMS 51 base employs pilots, HEMS paramedics, and a HEMS assistant. The unit&#8217;s emergency medical services are provided by the North Ostrobothnia Wellbeing Services County (Pohde) and the Lapland Wellbeing Services County.<\/li>\n<li><strong>Base Manager<\/strong><br \/>\nPetteri Savolainen<\/li>\n<li><strong>Paramedic-in-charge<br \/>\n<\/strong>Tero Karvinen<\/li>\n<\/ul>\n                                            <\/div>\r\n                    <div class=\"image-overlay\" style=\"z-index: 1;\"><\/div>\r\n                <\/div>\r\n            <\/div>\r\n            <\/div>\r\n\r\n<\/div>\n\n\r\n<div class=\"container content\">\r\n\r\n    <div class=\"row d-md-flex align-items-stretch\">\r\n        <div class=\"col-12 col-md-12 col-lg-6 py-4 px-0 py-md-4 px-md-4 p-xl-5 square  large-text  light\" style=\"position: relative;\">\r\n            <!-- <div class=\"image-overlay\" style=\"z-index: 0;\"><\/div> -->\r\n            <div class=\"px-2 px-md-4 px-xl-5\" style=\"position: relative;\">\r\n                <h2 class=\"mb-3 mb-md-4 mb-xl-5\" data-aos=\"fade-up\">Kuopio FH60<\/h2>                <div data-aos=\"fade-up\" data-aos-delay=\"50\">\r\n                    <p>In September 2019, FinnHEMS&#8217;s Kuopio FH60 base moved to a new base building designed and built for medical helicopter operations in Kelloniemi, Kuopio.<br \/>\nFrom the Kelloniemi base, the medical helicopter can reach the areas of North and South Savo as far as Varkaus, Suonenjoki, Outokumpu, and Iisalmi within 30 minutes of an emergency call. <\/p>\n<p>The fleet consists of Airbus H145 helicopters. <\/p>\n<p><strong>Address<\/strong><br \/>\nKellonk\u00e4rki 16,<br \/>\n70460 Kuopio<\/p>\n                <\/div>\r\n                            <\/div>\r\n        <\/div>\r\n\r\n                            <div class=\"col-12 col-md-12 col-lg-6 px-2 p-0 px-md-0 square   large-text  light\" data-aos=\"fade-up\" data-aos-delay=\"100\">\r\n                <div class=\"\" style=\"position: relative; height: 100%; align-content: center;\">\r\n                    <div class=\"py-4 py-xl-5 px-3 px-md-4 px-xl-5\" style=\"position: relative; z-index: 10;\">\r\n                                                <ul>\n<li><strong>Staff and responsible persons<\/strong><br \/>\nThe Kuopio FinnHEMS 60 base is staffed by emergency physicians, pilots, and HEMS paramedics. The unit&#8217;s emergency medical services are provided by the North Savo Wellbeing Services County.<\/li>\n<li><strong>Base Manager<br \/>\n<\/strong>Jeri Karotie<\/li>\n<li><strong>Physician-in-charge<\/strong><br \/>\nPamela Toivonen<\/li>\n<li><strong>Responsible HCM<br \/>\n<\/strong>Pekka Tillanen<\/li>\n<\/ul>\n                                            <\/div>\r\n                    <div class=\"image-overlay\" style=\"z-index: 1;\"><\/div>\r\n                <\/div>\r\n            <\/div>\r\n            <\/div>\r\n\r\n<\/div>","protected":false},"excerpt":{"rendered":"<p> [&#8230;]<\/p>\n<p><a class=\"btn btn-secondary understrap-read-more-link\" href=\"https:\/\/finnhems.fi\/en\/bases\/\">Read More&#8230;<span class=\"screen-reader-text\"> from Bases<\/span><\/a><\/p>\n","protected":false},"author":2,"featured_media":0,"parent":0,"menu_order":3,"comment_status":"closed","ping_status":"closed","template":"page-templates\/no-title.php","meta":{"_acf_changed":false,"footnotes":""},"class_list":["post-5613","page","type-page","status-publish","hentry"],"acf":[],"_links":{"self":[{"href":"https:\/\/finnhems.fi\/en\/wp-json\/wp\/v2\/pages\/5613","targetHints":{"allow":["GET"]}}],"collection":[{"href":"https:\/\/finnhems.fi\/en\/wp-json\/wp\/v2\/pages"}],"about":[{"href":"https:\/\/finnhems.fi\/en\/wp-json\/wp\/v2\/types\/page"}],"author":[{"embeddable":true,"href":"https:\/\/finnhems.fi\/en\/wp-json\/wp\/v2\/users\/2"}],"replies":[{"embeddable":true,"href":"https:\/\/finnhems.fi\/en\/wp-json\/wp\/v2\/comments?post=5613"}],"version-history":[{"count":5,"href":"https:\/\/finnhems.fi\/en\/wp-json\/wp\/v2\/pages\/5613\/revisions"}],"predecessor-version":[{"id":9110,"href":"https:\/\/finnhems.fi\/en\/wp-json\/wp\/v2\/pages\/5613\/revisions\/9110"}],"wp:attachment":[{"href":"https:\/\/finnhems.fi\/en\/wp-json\/wp\/v2\/media?parent=5613"}],"curies":[{"name":"wp","href":"https:\/\/api.w.org\/{rel}","templated":true}]}}