{"id":5652,"date":"2024-10-31T08:42:33","date_gmt":"2024-10-31T06:42:33","guid":{"rendered":"https:\/\/finnhems.fi\/baser\/"},"modified":"2026-01-07T13:35:21","modified_gmt":"2026-01-07T11:35:21","slug":"baser","status":"publish","type":"page","link":"https:\/\/finnhems.fi\/sv\/baser\/","title":{"rendered":"Baser"},"content":{"rendered":"\r\n<div class=\"px-2 px-md-0\">\r\n    <div class=\"hero  nonsquare\" style=\"background-image:url(https:\/\/finnhems.fi\/wp-content\/uploads\/2025\/09\/finnhems-hero-tukikohdat-2025-scaled.jpg);\" data-aos=\"fade-in\">\r\n\r\n        <div class=\"d-md-flex align-items-center justify-content-end \">\r\n            <div class=\"position-relative col-12 col-lg-6 d-none d-lg-block overlay-desktop order-first \" style=\"\">\r\n                                    <div class=\"p-4 p-xl-5 position-absolute top-50 start-25 translate-x25y50\" data-aos=\"fade-in\" data-aos-anchor-placement=\"top-bottom\">\r\n                        <h1 class=\"mb-3\" data-aos=\"fade-up\" data-aos-delay=\"50\" data-aos-anchor-placement=\"top-bottom\">Baser<\/h1>                        <div class=\"subHeader\" data-aos=\"fade-up\" data-aos-delay=\"150\">\r\n                            Med sina l\u00e4karhelikoptrar n\u00e5r FinnHEMS\u00a080 procent av finl\u00e4ndarna inom 30 minuter fr\u00e5n larm.                        <\/div>\r\n                                            <\/div>\r\n                            <\/div>\r\n            <div class=\"position-relative col-12 col-lg-6 d-block overlay-desktop-right order-last \">\r\n            <\/div>\r\n        <\/div>\r\n    <\/div>\r\n<\/div>\r\n\r\n<div class=\"position-relative col-12 col-lg-6 d-block d-lg-none overlay-mobile\" style=\"\">\r\n            <div class=\"pt-3 pb-3 pb-md-1 px-2\">\r\n            <h1 class=\"fw-bold hyphenated\">Baser<\/h1>            <div class=\"subHeader fw-bold hyphenated\">\r\n                Med sina l\u00e4karhelikoptrar n\u00e5r FinnHEMS\u00a080 procent av finl\u00e4ndarna inom 30 minuter fr\u00e5n larm.            <\/div>\r\n                    <\/div>\r\n    <\/div>\r\n\n\n\r\n<div class=\"container content\">\r\n\r\n    <div class=\"row d-md-flex align-items-stretch\">\r\n        <div class=\"col-12 col-md-12 col-lg-6 py-4 px-0 py-md-4 px-md-4 p-xl-5 square  large-text  light\" style=\"position: relative;\">\r\n            <!-- <div class=\"image-overlay\" style=\"z-index: 0;\"><\/div> -->\r\n            <div class=\"px-2 px-md-4 px-xl-5\" style=\"position: relative;\">\r\n                                <div data-aos=\"fade-up\" data-aos-delay=\"50\">\r\n                    <p>FinnHEMS har sju baser i Finland: Vanda, \u00c5bo, Tammerfors, Sein\u00e4joki, Kuopio, Ule\u00e5borg och Rovaniemi. Den jourhavande bes\u00e4ttningen p\u00e5 varje bas har en helikopter och ett snabbt utryckningsfordon, allts\u00e5 ett l\u00e4kar- eller akutfordon, till sitt f\u00f6rfogande. <\/p>\n<h3>Bes\u00e4ttning<\/h3>\n<p>Bes\u00e4ttningen i Vanda, \u00c5bo, Tammerfors, Sein\u00e4joki, Kuopio och Ule\u00e5borg best\u00e5r alltid av en jourhavande akutl\u00e4kare, en pilot och en HEMS-akutv\u00e5rdare eller HEMS-r\u00e4ddare. P\u00e5 basen i Rovaniemi best\u00e5r bes\u00e4ttningen av tv\u00e5 piloter och tv\u00e5 akutv\u00e5rdare. Dessutom arbetar FinnHEMS experter inom medicin och luftfart kontinuerligt f\u00f6r att uppr\u00e4tth\u00e5lla och utveckla en h\u00f6gklassig och s\u00e4ker l\u00e4karhelikoptertj\u00e4nst.<\/p>\n                <\/div>\r\n                            <\/div>\r\n        <\/div>\r\n\r\n                    <div class=\"px-2 px-md-0 pt-3 pt-md-0 col-12 col-md-12 col-lg-6 align-self-stretch content__image  \" style=\"position: relative;\" data-aos=\"fade-up\" data-aos-delay=\"100\">\r\n                <div class=\"h-100\" style=\"background-image:url(https:\/\/finnhems.fi\/wp-content\/uploads\/2026\/01\/Finnhems_kartta_SE.png); background-size: cover; background-repeat: no-repeat; background-position: center center;\"><\/div>\r\n                <div class=\"image-overlay\"><\/div>\r\n            <\/div>\r\n                    <\/div>\r\n\r\n<\/div>\n\n\r\n<div class=\"container content\">\r\n\r\n    <div class=\"row d-md-flex align-items-stretch\">\r\n        <div class=\"col-12 col-md-12 col-lg-6 py-4 px-0 py-md-4 px-md-4 p-xl-5 square  large-text  light\" style=\"position: relative;\">\r\n            <!-- <div class=\"image-overlay\" style=\"z-index: 0;\"><\/div> -->\r\n            <div class=\"px-2 px-md-4 px-xl-5\" style=\"position: relative;\">\r\n                <h2 class=\"mb-3 mb-md-4 mb-xl-5\" data-aos=\"fade-up\">Vanda FH10<\/h2>                <div data-aos=\"fade-up\" data-aos-delay=\"50\">\r\n                    <p>FinnHEMS bas i Vanda \u00e4r bel\u00e4gen i anslutning till Helsingfors-Vanda flygplats. L\u00e4karhelikoptern vid basen i Vanda betj\u00e4nar hela Nyland fr\u00e5n Hang\u00f6 till Hyvinge. Basen har flest larm av alla FinnHEMS baser i Finland. <\/p>\n<p>Helikoptertyp: Airbus EC135. <\/p>\n<p><strong>Adress<\/strong><br \/>\nVattengr\u00e4nden 9,<br \/>\n01530 Vanda<\/p>\n                <\/div>\r\n                            <\/div>\r\n        <\/div>\r\n\r\n                            <div class=\"col-12 col-md-12 col-lg-6 px-2 p-0 px-md-0 square   large-text  light\" data-aos=\"fade-up\" data-aos-delay=\"100\">\r\n                <div class=\"\" style=\"position: relative; height: 100%; align-content: center;\">\r\n                    <div class=\"py-4 py-xl-5 px-3 px-md-4 px-xl-5\" style=\"position: relative; z-index: 10;\">\r\n                                                <ul>\n<li><strong>Personal och ansvarspersoner<br \/>\n<\/strong>Vid FinnHEMS 10-basen i Vanda arbetar akutl\u00e4kare, piloter samt HEMS-akutv\u00e5rdare och r\u00e4ddare. HUS-sammanslutningen ansvarar f\u00f6r basens akutv\u00e5rdstj\u00e4nst.<\/li>\n<li><strong>Base Manager<br \/>\n<\/strong>Jonne Lundberg<\/li>\n<li><strong>Ansvarig l\u00e4kare<br \/>\n<\/strong>Susanne \u00c5ngerman<\/li>\n<li><strong>Ansvarig HCM<br \/>\n<\/strong>Teppo Koskue<\/li>\n<\/ul>\n                                            <\/div>\r\n                    <div class=\"image-overlay\" style=\"z-index: 1;\"><\/div>\r\n                <\/div>\r\n            <\/div>\r\n            <\/div>\r\n\r\n<\/div>\n\n\r\n<div class=\"container content\">\r\n\r\n    <div class=\"row d-md-flex align-items-stretch\">\r\n        <div class=\"col-12 col-md-12 col-lg-6 py-4 px-0 py-md-4 px-md-4 p-xl-5 square  large-text  light\" style=\"position: relative;\">\r\n            <!-- <div class=\"image-overlay\" style=\"z-index: 0;\"><\/div> -->\r\n            <div class=\"px-2 px-md-4 px-xl-5\" style=\"position: relative;\">\r\n                <h2 class=\"mb-3 mb-md-4 mb-xl-5 boldGreen \" data-aos=\"fade-up\">\u00c5bo FH 20<\/h2>                <div data-aos=\"fade-up\" data-aos-delay=\"50\">\r\n                    <p>FinnHEMS bas i \u00c5bo \u00e4r bel\u00e4gen vid \u00c5bo flygplats. Basen i \u00c5bo \u00e4r den f\u00f6rsta permanenta bas som FinnHEMS planerat och l\u00e5tit bygga f\u00f6r att tillgodose behoven av dygnetruntjouren. Basen blev f\u00e4rdig \u00e5r 2015. L\u00e4karhelikoptern vid basen i \u00c5bo betj\u00e4nar hela Egentliga Finland och n\u00e5r ocks\u00e5 vissa omr\u00e5den i Satakunta och Nyland inom 30 minuter fr\u00e5n larm. <\/p>\n<p>Helikoptertyp: Airbus EC135. <\/p>\n<p><strong>Adress<\/strong><br \/>\nKerosenv\u00e4gen 61,<br \/>\n20360 \u00c5bo<\/p>\n                <\/div>\r\n                            <\/div>\r\n        <\/div>\r\n\r\n                            <div class=\"col-12 col-md-12 col-lg-6 px-2 p-0 px-md-0 square   large-text  light\" data-aos=\"fade-up\" data-aos-delay=\"100\">\r\n                <div class=\"\" style=\"position: relative; height: 100%; align-content: center;\">\r\n                    <div class=\"py-4 py-xl-5 px-3 px-md-4 px-xl-5\" style=\"position: relative; z-index: 10;\">\r\n                                                <ul>\n<li><strong>Personal och ansvarspersoner<br \/>\n<\/strong>Vid FinnHEMS 20-basen i \u00c5bo arbetar akutl\u00e4kare, piloter samt HEMS-akutv\u00e5rdare och -r\u00e4ddare. Egentliga Finlands v\u00e4lf\u00e4rdsomr\u00e5de ansvarar f\u00f6r enhetens akutv\u00e5rdstj\u00e4nst.<\/li>\n<li><strong>Base Manager<br \/>\n<\/strong>Toni Yli-Hirvel\u00e4<\/li>\n<li><strong>Ansvarig l\u00e4kare<br \/>\n<\/strong>Petri Aaltonen<\/li>\n<li><strong>Ansvarig HCM<br \/>\n<\/strong>Juha Taaveli<\/li>\n<\/ul>\n                                            <\/div>\r\n                    <div class=\"image-overlay\" style=\"z-index: 1;\"><\/div>\r\n                <\/div>\r\n            <\/div>\r\n            <\/div>\r\n\r\n<\/div>\n\n\r\n<div class=\"container content\">\r\n\r\n    <div class=\"row d-md-flex align-items-stretch\">\r\n        <div class=\"col-12 col-md-12 col-lg-6 py-4 px-0 py-md-4 px-md-4 p-xl-5 square  large-text  light\" style=\"position: relative;\">\r\n            <!-- <div class=\"image-overlay\" style=\"z-index: 0;\"><\/div> -->\r\n            <div class=\"px-2 px-md-4 px-xl-5\" style=\"position: relative;\">\r\n                <h2 class=\"mb-3 mb-md-4 mb-xl-5\" data-aos=\"fade-up\">Tammerfors FH30<\/h2>                <div data-aos=\"fade-up\" data-aos-delay=\"50\">\r\n                    <p>FinnHEMS bas i Tammerfors \u00e4r bel\u00e4gen i anslutning till Birkala flygplats. L\u00e4karhelikopterverksamheten i Tammerfors inleddes i september 2012. Fr\u00e5n basen i Tammerfors n\u00e5r l\u00e4karhelikoptern hela Birkaland och delar av Egentliga Tavastland, Mellersta Finland och Egentliga Finland inom 30 minuter fr\u00e5n larm. <\/p>\n<p>Helikoptertyp: Airbus EC135. <\/p>\n<p><strong>Adress<br \/>\n<\/strong>Varikontie 60,<br \/>\n33960\u00a0Birkala<\/p>\n                <\/div>\r\n                            <\/div>\r\n        <\/div>\r\n\r\n                            <div class=\"col-12 col-md-12 col-lg-6 px-2 p-0 px-md-0 square   large-text  light\" data-aos=\"fade-up\" data-aos-delay=\"100\">\r\n                <div class=\"\" style=\"position: relative; height: 100%; align-content: center;\">\r\n                    <div class=\"py-4 py-xl-5 px-3 px-md-4 px-xl-5\" style=\"position: relative; z-index: 10;\">\r\n                                                <ul>\n<li><strong>Personal och ansvarspersoner<\/strong><br \/>\nVid FinnHEMS 30-basen i Tammerfors arbetar akutl\u00e4kare, piloter och HEMS-akutv\u00e5rdare.<br \/>\nBirkalands v\u00e4lf\u00e4rdsomr\u00e5de ansvarar f\u00f6r enhetens akutv\u00e5rdstj\u00e4nst.<\/li>\n<li><strong>Base Manager<\/strong><br \/>\nNiko Silander<\/li>\n<li><strong>Ansvarig l\u00e4kare<br \/>\n<\/strong>Paula M\u00e4ki<\/li>\n<li><strong>Ansvarig HCM<br \/>\n<\/strong>Satu Yliherne<\/li>\n<\/ul>\n                                            <\/div>\r\n                    <div class=\"image-overlay\" style=\"z-index: 1;\"><\/div>\r\n                <\/div>\r\n            <\/div>\r\n            <\/div>\r\n\r\n<\/div>\n\n\r\n<div class=\"container content\">\r\n\r\n    <div class=\"row d-md-flex align-items-stretch\">\r\n        <div class=\"col-12 col-md-12 col-lg-6 py-4 px-0 py-md-4 px-md-4 p-xl-5 square  large-text  light\" style=\"position: relative;\">\r\n            <!-- <div class=\"image-overlay\" style=\"z-index: 0;\"><\/div> -->\r\n            <div class=\"px-2 px-md-4 px-xl-5\" style=\"position: relative;\">\r\n                <h2 class=\"mb-3 mb-md-4 mb-xl-5 boldGreen \" data-aos=\"fade-up\">Sein\u00e4joki FH40<\/h2>                <div data-aos=\"fade-up\" data-aos-delay=\"50\">\r\n                    <p>FinnHEMS bas i Sein\u00e4joki \u00e4r bel\u00e4gen i anslutning till Sein\u00e4joki flygplats i Ilmajoki. L\u00e4karhelikopterbasen i Sein\u00e4joki inledde sin verksamhet under h\u00f6sten september 2022. Basen f\u00f6rst\u00e4rker akutv\u00e5rdstj\u00e4nsterna i \u00d6sterbotten i ett omfattande geografiskt omr\u00e5de. <\/p>\n<p>Helikoptertyp: Airbus EC135. <\/p>\n<p><strong>Adress<\/strong><br \/>\nLentokent\u00e4ntie 8,<br \/>\n60760 Ilmajoki<\/p>\n                <\/div>\r\n                            <\/div>\r\n        <\/div>\r\n\r\n                            <div class=\"col-12 col-md-12 col-lg-6 px-2 p-0 px-md-0 square   large-text  light\" data-aos=\"fade-up\" data-aos-delay=\"100\">\r\n                <div class=\"\" style=\"position: relative; height: 100%; align-content: center;\">\r\n                    <div class=\"py-4 py-xl-5 px-3 px-md-4 px-xl-5\" style=\"position: relative; z-index: 10;\">\r\n                                                <ul>\n<li><strong>Personal och ansvarspersoner<\/strong><br \/>\nVid FinnHEMS 40-basen i Sein\u00e4joki arbetar akutl\u00e4kare, piloter och HEMS-akutv\u00e5rdare.<br \/>\nBirkalands v\u00e4lf\u00e4rdsomr\u00e5de ansvarar f\u00f6r enhetens akutv\u00e5rdstj\u00e4nst.<\/li>\n<li><strong>Base Manager<br \/>\n<\/strong>Matias Salo<\/li>\n<li><strong>Ansvarig l\u00e4kare<br \/>\n<\/strong>Toni Pakkanen<\/li>\n<li><strong>Ansvarig HCM<br \/>\n<\/strong>Tuomas Syrj\u00e4<\/li>\n<\/ul>\n                                            <\/div>\r\n                    <div class=\"image-overlay\" style=\"z-index: 1;\"><\/div>\r\n                <\/div>\r\n            <\/div>\r\n            <\/div>\r\n\r\n<\/div>\n\n\r\n<div class=\"container content\">\r\n\r\n    <div class=\"row d-md-flex align-items-stretch\">\r\n        <div class=\"col-12 col-md-12 col-lg-6 py-4 px-0 py-md-4 px-md-4 p-xl-5 square  large-text  light\" style=\"position: relative;\">\r\n            <!-- <div class=\"image-overlay\" style=\"z-index: 0;\"><\/div> -->\r\n            <div class=\"px-2 px-md-4 px-xl-5\" style=\"position: relative;\">\r\n                <h2 class=\"mb-3 mb-md-4 mb-xl-5\" data-aos=\"fade-up\">Ule\u00e5borg FH50<\/h2>                <div data-aos=\"fade-up\" data-aos-delay=\"50\">\r\n                    <p>FinnHEMS bas i Ule\u00e5borg \u00e4r bel\u00e4gen vid Oulunsalo flygplats. Verksamheten flyttade till den nya, permanenta basbyggnaden \u00e5r 2024. <\/p>\n<p>Fr\u00e5n basen i Ule\u00e5borg n\u00e5r l\u00e4karhelikoptern Norra \u00d6sterbotten och Kajana \u00e4nda till Pudasj\u00e4rvi och Vaala inom 30 minuter fr\u00e5n larm. <\/p>\n<p>Helikoptertyp: Airbus H145. <\/p>\n<p><strong>Adress<\/strong><br \/>\nPapinj\u00e4rventie 59,<br \/>\n90460 Oulunsalo<\/p>\n                <\/div>\r\n                            <\/div>\r\n        <\/div>\r\n\r\n                            <div class=\"col-12 col-md-12 col-lg-6 px-2 p-0 px-md-0 square   large-text  light\" data-aos=\"fade-up\" data-aos-delay=\"100\">\r\n                <div class=\"\" style=\"position: relative; height: 100%; align-content: center;\">\r\n                    <div class=\"py-4 py-xl-5 px-3 px-md-4 px-xl-5\" style=\"position: relative; z-index: 10;\">\r\n                                                <ul>\n<li><strong>Personal och ansvarspersoner<\/strong><br \/>\nVid FinnHEMS 50-basen i Ule\u00e5borg arbetar akutl\u00e4kare, piloter och HEMS-akutv\u00e5rdare.<br \/>\nNorra \u00d6sterbottens v\u00e4lf\u00e4rdsomr\u00e5de ansvarar f\u00f6r enhetens akutv\u00e5rdstj\u00e4nst.<\/li>\n<li><strong>Base Manager<\/strong><br \/>\nJaakko Hanni<\/li>\n<li><strong>Ansvarig l\u00e4kare<\/strong><br \/>\nTatu-Matti Karjalainen<\/li>\n<li><strong>Ansvarig HCM<\/strong><br \/>\nJani Rantasuo<\/li>\n<\/ul>\n                                            <\/div>\r\n                    <div class=\"image-overlay\" style=\"z-index: 1;\"><\/div>\r\n                <\/div>\r\n            <\/div>\r\n            <\/div>\r\n\r\n<\/div>\n\n\r\n<div class=\"container content\">\r\n\r\n    <div class=\"row d-md-flex align-items-stretch\">\r\n        <div class=\"col-12 col-md-12 col-lg-6 py-4 px-0 py-md-4 px-md-4 p-xl-5 square  large-text  light\" style=\"position: relative;\">\r\n            <!-- <div class=\"image-overlay\" style=\"z-index: 0;\"><\/div> -->\r\n            <div class=\"px-2 px-md-4 px-xl-5\" style=\"position: relative;\">\r\n                <h2 class=\"mb-3 mb-md-4 mb-xl-5 boldGreen \" data-aos=\"fade-up\">Rovaniemi FH51<\/h2>                <div data-aos=\"fade-up\" data-aos-delay=\"50\">\r\n                    <p>FinnHEMS bas i Rovaniemi \u00e4r bel\u00e4gen i anslutning till Rovaniemi flygplats.<br \/>\nFr\u00e5n basen i Rovaniemi n\u00e5r l\u00e4karhelikoptern regionen omkring Rovaniemi \u00e4nda till Tervola, Pello, Kemij\u00e4rvi och Sodankyl\u00e4. Sjukv\u00e5rdsdistrikten i gr\u00e4nsomr\u00e5det mellan Finland, Sverige och Norge har kommit \u00f6verens om samarbete i kalottomr\u00e5det f\u00f6r att b\u00e4ttre kunna trygga hj\u00e4lp till m\u00e4nniskor som bor i gr\u00e4nsomr\u00e5det. <\/p>\n<p>Helikoptertyp: Airbus H145. <\/p>\n<p><strong>Adress<\/strong><br \/>\nLentoasemankuja 18,<br \/>\n96930 Napapiiri<\/p>\n                <\/div>\r\n                            <\/div>\r\n        <\/div>\r\n\r\n                            <div class=\"col-12 col-md-12 col-lg-6 px-2 p-0 px-md-0 square   large-text  light\" data-aos=\"fade-up\" data-aos-delay=\"100\">\r\n                <div class=\"\" style=\"position: relative; height: 100%; align-content: center;\">\r\n                    <div class=\"py-4 py-xl-5 px-3 px-md-4 px-xl-5\" style=\"position: relative; z-index: 10;\">\r\n                                                <ul>\n<li><strong>Personal och ansvarspersoner<\/strong><br \/>\nVid FinnHEMS 51-basen i Rovaniemi arbetar piloter, HEMS-akutv\u00e5rdare och ett HEMS-bitr\u00e4de.<br \/>\nNorra \u00d6sterbottens v\u00e4lf\u00e4rdsomr\u00e5de Pohde och Lapplands v\u00e4lf\u00e4rdsomr\u00e5de ansvarar f\u00f6r enhetens akutv\u00e5rdstj\u00e4nst.<\/li>\n<li><strong>Base Manager<\/strong><br \/>\nPetteri Savolainen<\/li>\n<li><strong>Ansvarig akutv\u00e5rdare<br \/>\n<\/strong>Tero Karvinen<\/li>\n<\/ul>\n                                            <\/div>\r\n                    <div class=\"image-overlay\" style=\"z-index: 1;\"><\/div>\r\n                <\/div>\r\n            <\/div>\r\n            <\/div>\r\n\r\n<\/div>\n\n\r\n<div class=\"container content\">\r\n\r\n    <div class=\"row d-md-flex align-items-stretch\">\r\n        <div class=\"col-12 col-md-12 col-lg-6 py-4 px-0 py-md-4 px-md-4 p-xl-5 square  large-text  light\" style=\"position: relative;\">\r\n            <!-- <div class=\"image-overlay\" style=\"z-index: 0;\"><\/div> -->\r\n            <div class=\"px-2 px-md-4 px-xl-5\" style=\"position: relative;\">\r\n                <h2 class=\"mb-3 mb-md-4 mb-xl-5\" data-aos=\"fade-up\">Kuopio FH60<\/h2>                <div data-aos=\"fade-up\" data-aos-delay=\"50\">\r\n                    <p>FinnHEMS FH60-bas i Kuopio flyttade i september 2019 till den nya basbyggnaden f\u00f6r l\u00e4karhelikopterverksamhet i Kelloniemi i Kuopio.<br \/>\nFr\u00e5n basen i Kelloniemi n\u00e5r l\u00e4karhelikoptern Norra och S\u00f6dra Savolax \u00e4nda till Varkaus, Suonenjoki, Outokumpu och Idensalmi inom 30 minuter fr\u00e5n larm. <\/p>\n<p>Helikoptertyp: Airbus H145. <\/p>\n<p><strong>Adress<\/strong><br \/>\nKellonk\u00e4rki 16,<br \/>\n70460 Kuopio<\/p>\n                <\/div>\r\n                            <\/div>\r\n        <\/div>\r\n\r\n                            <div class=\"col-12 col-md-12 col-lg-6 px-2 p-0 px-md-0 square   large-text  light\" data-aos=\"fade-up\" data-aos-delay=\"100\">\r\n                <div class=\"\" style=\"position: relative; height: 100%; align-content: center;\">\r\n                    <div class=\"py-4 py-xl-5 px-3 px-md-4 px-xl-5\" style=\"position: relative; z-index: 10;\">\r\n                                                <ul>\n<li><strong>Personal och ansvarspersoner<\/strong><br \/>\nVid FinnHEMS 60-basen i Kuopio arbetar akutl\u00e4kare, piloter och HEMS-akutv\u00e5rdare.<br \/>\nNorra Savolax v\u00e4lf\u00e4rdsomr\u00e5de ansvarar f\u00f6r enhetens akutv\u00e5rdstj\u00e4nst.<\/li>\n<li><strong>Base Manager<\/strong><br \/>\nJeri Karotie<\/li>\n<li><strong>Ansvarig l\u00e4kare<\/strong><br \/>\nPamela Toivonen<\/li>\n<li><strong>Ansvarig HCM<\/strong><br \/>\nPekka Tillanen<\/li>\n<\/ul>\n                                            <\/div>\r\n                    <div class=\"image-overlay\" style=\"z-index: 1;\"><\/div>\r\n                <\/div>\r\n            <\/div>\r\n            <\/div>\r\n\r\n<\/div>","protected":false},"excerpt":{"rendered":"<p> [&#8230;]<\/p>\n<p><a class=\"btn btn-secondary understrap-read-more-link\" href=\"https:\/\/finnhems.fi\/sv\/baser\/\">L\u00e4s mer \u2026<span class=\"screen-reader-text\"> from Baser<\/span><\/a><\/p>\n","protected":false},"author":2,"featured_media":0,"parent":0,"menu_order":3,"comment_status":"closed","ping_status":"closed","template":"page-templates\/no-title.php","meta":{"_acf_changed":false,"footnotes":""},"class_list":["post-5652","page","type-page","status-publish","hentry"],"acf":[],"_links":{"self":[{"href":"https:\/\/finnhems.fi\/sv\/wp-json\/wp\/v2\/pages\/5652","targetHints":{"allow":["GET"]}}],"collection":[{"href":"https:\/\/finnhems.fi\/sv\/wp-json\/wp\/v2\/pages"}],"about":[{"href":"https:\/\/finnhems.fi\/sv\/wp-json\/wp\/v2\/types\/page"}],"author":[{"embeddable":true,"href":"https:\/\/finnhems.fi\/sv\/wp-json\/wp\/v2\/users\/2"}],"replies":[{"embeddable":true,"href":"https:\/\/finnhems.fi\/sv\/wp-json\/wp\/v2\/comments?post=5652"}],"version-history":[{"count":5,"href":"https:\/\/finnhems.fi\/sv\/wp-json\/wp\/v2\/pages\/5652\/revisions"}],"predecessor-version":[{"id":9114,"href":"https:\/\/finnhems.fi\/sv\/wp-json\/wp\/v2\/pages\/5652\/revisions\/9114"}],"wp:attachment":[{"href":"https:\/\/finnhems.fi\/sv\/wp-json\/wp\/v2\/media?parent=5652"}],"curies":[{"name":"wp","href":"https:\/\/api.w.org\/{rel}","templated":true}]}}