{"id":5654,"date":"2024-10-31T08:38:32","date_gmt":"2024-10-31T06:38:32","guid":{"rendered":"https:\/\/finnhems.fi\/materiel\/"},"modified":"2025-03-11T07:12:35","modified_gmt":"2025-03-11T07:12:35","slug":"materiel","status":"publish","type":"page","link":"https:\/\/finnhems.fi\/sv\/var-verksamhet\/materiel\/","title":{"rendered":"Materiel"},"content":{"rendered":"\r\n<div class=\"px-2 px-md-0\">\r\n    <div class=\"hero  nonsquare\" style=\"background-image:url(https:\/\/finnhems.fi\/wp-content\/uploads\/2025\/02\/finnhems-hero-kalusto-scaled.jpg);\" data-aos=\"fade-in\">\r\n\r\n        <div class=\"d-md-flex align-items-center  justify-content-start\">\r\n            <div class=\"position-relative col-12 col-lg-6 d-none d-lg-block overlay-desktop order-first  no_image_effect \" style=\"\">\r\n                                    <div class=\"p-4 p-xl-5 position-absolute top-50 start-25 translate-x25y50\" data-aos=\"fade-in\" data-aos-anchor-placement=\"top-bottom\">\r\n                        <h1 class=\"mb-3\" data-aos=\"fade-up\" data-aos-delay=\"50\" data-aos-anchor-placement=\"top-bottom\">Materiel<\/h1>                        <div class=\"subHeader\" data-aos=\"fade-up\" data-aos-delay=\"150\">\r\n                            FinnHEMS anv\u00e4nder p\u00e5litliga helikoptermodeller som l\u00e4mpar sig bra f\u00f6r HEMS-verksamhet. Helikoptrarna underh\u00e5lls regelbundet enligt underh\u00e5llsprogrammet. F\u00f6r underh\u00e5llssituationer och eventuella st\u00f6rningar har FinnHEMS en reservhelikopter f\u00f6r varje helikoptermodell.                        <\/div>\r\n                                            <\/div>\r\n                            <\/div>\r\n            <div class=\"position-relative col-12 col-lg-6 d-block overlay-desktop-right order-last  no_image_effect \">\r\n            <\/div>\r\n        <\/div>\r\n    <\/div>\r\n<\/div>\r\n\r\n<div class=\"position-relative col-12 col-lg-6 d-block d-lg-none overlay-mobile\" style=\"\">\r\n            <div class=\"pt-3 pb-3 pb-md-1 px-2\">\r\n            <h1 class=\"fw-bold hyphenated\">Materiel<\/h1>            <div class=\"subHeader fw-bold hyphenated\">\r\n                FinnHEMS anv\u00e4nder p\u00e5litliga helikoptermodeller som l\u00e4mpar sig bra f\u00f6r HEMS-verksamhet. Helikoptrarna underh\u00e5lls regelbundet enligt underh\u00e5llsprogrammet. F\u00f6r underh\u00e5llssituationer och eventuella st\u00f6rningar har FinnHEMS en reservhelikopter f\u00f6r varje helikoptermodell.            <\/div>\r\n                    <\/div>\r\n    <\/div>\r\n\r\n<div class=\"container equipmentCard p-2 p-md-3 p-lg-4 p-xl-5\">\r\n    <div class=\"py-3 px-3 py-xl-4 px-xl-5\">\r\n\r\n\r\n\r\n\r\n<div class=\"row p-2 p-md-4 mb-5\">\r\n    <div class=\"col-xl-7 pt-2\">\r\n                        <img decoding=\"async\" src=\"https:\/\/finnhems.fi\/wp-content\/uploads\/2024\/10\/finnhems-airbus-EC135.jpg\" alt=\"\" \/>\r\n                <h2 class=\"mt-4 mb-4\">Airbus EC135<\/h2>        <div class=\"mb-4\">En tv\u00e5motorig l\u00e4tt helikopter f\u00f6r HEMS-verksamhet, det vill s\u00e4ga br\u00e5dskande akutsjukv\u00e5rd. EC135-helikoptrar tj\u00e4nar vid baserna i Vanda, \u00c5bo, Tammerfors och Sein\u00e4joki.<\/div>    <\/div>\r\n\r\n    <div class=\"col-xl-5 pt-2 pb-2 pl-3\">\r\n        <div class=\"p-4 factSection h-100\"><p><strong>Flygande bes\u00e4ttning:<\/strong> 1\u20132<br \/>\n<strong>Passagerarantal: <\/strong>h\u00f6gst 3, varav en \u00e4r en b\u00e5rplats f\u00f6r patienten<br \/>\n<strong>L\u00e4ngd: <\/strong>12,26 m<br \/>\n<strong>Karossbredd:<\/strong> 1,56 m<br \/>\n<strong>Vingbredd:<\/strong> 10,40 m<br \/>\n<strong>H\u00f6jd:<\/strong> 3,90 m<br \/>\n<strong>Maximal startvikt:<\/strong> 2 980 kg<br \/>\n<strong>Motor: <\/strong>2 x Safran<br \/>\n<strong>R\u00e4ckvidd:<\/strong> 633 km<br \/>\n<strong>Flyghastighet:<\/strong> 259 km\/h<br \/>\n<strong>Utrustning: <\/strong>Helikoptrarna \u00e4r utrustade med medicintekniska produkter. Utrustning som f\u00f6rb\u00e4ttrar s\u00e4kerheten omfattar bland annat str\u00e5lkastare, m\u00f6rkersikte (NVG) och vajerklippare fram.<\/p>\n<\/div>    <\/div>\r\n<\/div>\r\n\r\n\r\n\r\n\r\n\r\n<div class=\"row p-2 p-md-4 mb-5\">\r\n    <div class=\"col-xl-7 pt-2\">\r\n                        <img decoding=\"async\" src=\"https:\/\/finnhems.fi\/wp-content\/uploads\/2024\/10\/finnhems-airbus-H145.jpg\" alt=\"\" \/>\r\n                <h2 class=\"mt-4 mb-4\">Airbus H145<\/h2>        <div class=\"mb-4\">En tv\u00e5motorig l\u00e4tt helikopter f\u00f6r HEMS, det vill s\u00e4ga br\u00e5dskande akutsjukv\u00e5rd. H145-helikoptrar tj\u00e4nar vid baserna i Ule\u00e5borg, Rovaniemi och Kuopio.<\/div>    <\/div>\r\n\r\n    <div class=\"col-xl-5 pt-2 pb-2 pl-3\">\r\n        <div class=\"p-4 factSection h-100\"><p><strong>Typ:<\/strong> H145<br \/>\n<strong>Tillverkare: <\/strong>Airbus<br \/>\n<strong>Flygande bes\u00e4ttning:<\/strong> 1\u20132<br \/>\n<strong>Passagerarantal:<\/strong> h\u00f6gst 3, varav en \u00e4r en b\u00e5rplats f\u00f6r patienten<br \/>\n<strong>L\u00e4ngd:<\/strong> 13,6 m<br \/>\n<strong>Karossbredd:<\/strong> 1,7 m<br \/>\n<strong>Vingbredd:<\/strong> 11 m<br \/>\n<strong>H\u00f6jd:<\/strong> 3,45 m<br \/>\n<strong>Maximal startvikt:<\/strong> 3 700 kg<br \/>\n<strong>Motor:<\/strong> 2 x Turbomeca Arriel 2E<br \/>\n<strong>R\u00e4ckvidd:<\/strong> 580 km<br \/>\n<strong>Flyghastighet:<\/strong> 230 km\/h<br \/>\n<strong>Utrustning: <\/strong>Helikoptrarna \u00e4r utrustade med medicintekniska produkter. Utrustning som f\u00f6rb\u00e4ttrar s\u00e4kerheten omfattar bland annat str\u00e5lkastare, m\u00f6rkersikte (NVG) och vajerklippare fram.<\/p>\n<\/div>    <\/div>\r\n<\/div>\r\n\r\n\r\n\r\n\r\n\r\n<div class=\"row p-2 p-md-4 mb-5\">\r\n    <div class=\"col-xl-7 pt-2\">\r\n                        <img decoding=\"async\" src=\"https:\/\/finnhems.fi\/wp-content\/uploads\/2025\/02\/laakari-ja_laakintaautot.jpg\" alt=\"\" \/>\r\n                <h2 class=\"mt-4 mb-4\">Akutv\u00e5rdsbilar<\/h2>        <div class=\"mb-4\">FinnHEMS akutv\u00e5rdsbilar \u00e4r utryckningsfordon som l\u00e4mpar sig f\u00f6r HEMS-verksamhet. De \u00e4r tejpade med varself\u00e4rger f\u00f6r att sticka ut i trafiken s\u00e5 bra som m\u00f6jligt. Bilarnas utrustning och tekniska egenskaper har planerats f\u00f6r behoven av kr\u00e4vande och br\u00e5dskande akutsjukv\u00e5rd.<\/div>    <\/div>\r\n\r\n    <div class=\"col-xl-5 pt-2 pb-2 pl-3\">\r\n        <div class=\"p-4 factSection h-100\"><p><strong>Modell: <\/strong>Volvo XC90 B5 Inscription<br \/>\n<strong>Tillverknings\u00e5r: <\/strong>2020<br \/>\n<strong>Drivlina: <\/strong>diesel-l\u00e4tthybrid, fyrhjulsdrift, automatv\u00e4xell\u00e5da<br \/>\n<strong>Effekt: <\/strong>173 kW (235 hv)<br \/>\n<strong>Vridmoment: <\/strong>480 Nm<br \/>\n<strong>Sittplatser: <\/strong>4<br \/>\n<strong>Patientutrymme: <\/strong>Akutv\u00e5rdsbilar \u00e4r inte avsedda f\u00f6r patienttransporter, utan de anv\u00e4nds f\u00f6r att ta v\u00e5rdpersonal till patienten s\u00e5 p\u00e5litligt som m\u00f6jligt.<br \/>\n<strong>Topphastighet: begr\u00e4nsad till <\/strong>160 km\/h<br \/>\n<strong>Specialutrustning: <\/strong>Larmutrustning, Virve-radio, surfplatta f\u00f6r uppdrags- och statusuppgifter, utvidgat elsystem med inverter bland annat f\u00f6r laddning av medicinsk utrustning, internetanslutningar med en multikanalrouter, utryckningsfordonens automatiska f\u00f6rdelssystem HALI, ABAX-k\u00f6rjournaler.<\/p>\n<\/div>    <\/div>\r\n<\/div>\r\n\r\n\r\n\r\n\r\n\r\n    <\/div>\r\n<\/div>","protected":false},"excerpt":{"rendered":"<p> [&#8230;]<\/p>\n<p><a class=\"btn btn-secondary understrap-read-more-link\" href=\"https:\/\/finnhems.fi\/sv\/var-verksamhet\/materiel\/\">L\u00e4s mer \u2026<span class=\"screen-reader-text\"> from Materiel<\/span><\/a><\/p>\n","protected":false},"author":2,"featured_media":0,"parent":5678,"menu_order":3,"comment_status":"closed","ping_status":"closed","template":"page-templates\/no-title.php","meta":{"_acf_changed":false,"footnotes":""},"class_list":["post-5654","page","type-page","status-publish","hentry"],"acf":[],"_links":{"self":[{"href":"https:\/\/finnhems.fi\/sv\/wp-json\/wp\/v2\/pages\/5654","targetHints":{"allow":["GET"]}}],"collection":[{"href":"https:\/\/finnhems.fi\/sv\/wp-json\/wp\/v2\/pages"}],"about":[{"href":"https:\/\/finnhems.fi\/sv\/wp-json\/wp\/v2\/types\/page"}],"author":[{"embeddable":true,"href":"https:\/\/finnhems.fi\/sv\/wp-json\/wp\/v2\/users\/2"}],"replies":[{"embeddable":true,"href":"https:\/\/finnhems.fi\/sv\/wp-json\/wp\/v2\/comments?post=5654"}],"version-history":[{"count":1,"href":"https:\/\/finnhems.fi\/sv\/wp-json\/wp\/v2\/pages\/5654\/revisions"}],"predecessor-version":[{"id":5655,"href":"https:\/\/finnhems.fi\/sv\/wp-json\/wp\/v2\/pages\/5654\/revisions\/5655"}],"up":[{"embeddable":true,"href":"https:\/\/finnhems.fi\/sv\/wp-json\/wp\/v2\/pages\/5678"}],"wp:attachment":[{"href":"https:\/\/finnhems.fi\/sv\/wp-json\/wp\/v2\/media?parent=5654"}],"curies":[{"name":"wp","href":"https:\/\/api.w.org\/{rel}","templated":true}]}}