{"id":5656,"date":"2024-10-31T08:34:08","date_gmt":"2024-10-31T06:34:08","guid":{"rendered":"https:\/\/finnhems.fi\/flygverksamhet\/"},"modified":"2025-03-25T08:58:17","modified_gmt":"2025-03-25T08:58:17","slug":"flygverksamhet","status":"publish","type":"page","link":"https:\/\/finnhems.fi\/sv\/var-verksamhet\/flygverksamhet\/","title":{"rendered":"Flygverksamhet"},"content":{"rendered":"\r\n<div class=\"px-2 px-md-0\">\r\n    <div class=\"hero square \" style=\"background-image:url(https:\/\/finnhems.fi\/wp-content\/uploads\/2024\/11\/FinnHEMS-hero-lentotoiminta-1.jpg);\" data-aos=\"fade-in\">\r\n\r\n        <div class=\"d-md-flex align-items-center  justify-content-start\">\r\n            <div class=\"position-relative col-12 col-lg-6 d-none d-lg-block overlay-desktop order-first \" style=\"\">\r\n                                    <div class=\"p-4 p-xl-5 position-absolute top-50 start-25 translate-x25y50\" data-aos=\"fade-in\" data-aos-anchor-placement=\"top-bottom\">\r\n                        <h1 class=\"mb-3\" data-aos=\"fade-up\" data-aos-delay=\"50\" data-aos-anchor-placement=\"top-bottom\">Flygverksamhet<\/h1>                        <div class=\"subHeader\" data-aos=\"fade-up\" data-aos-delay=\"150\">\r\n                            FinnHEMS \u00e4r ett statligt flygbolag. Dess dotterbolag FinnHEMS Lentopalvelut Oy ansvarar f\u00f6r bolagets flygverksamhet. Flygverksamhetsorganisationen leder den operativa flygverksamheten samt s\u00e4kerst\u00e4ller s\u00e4kerheten och kontinuerlig utbildning av piloter och flygassistenter.                        <\/div>\r\n                                            <\/div>\r\n                            <\/div>\r\n            <div class=\"position-relative col-12 col-lg-6 d-block overlay-desktop-right order-last \">\r\n            <\/div>\r\n        <\/div>\r\n    <\/div>\r\n<\/div>\r\n\r\n<div class=\"position-relative col-12 col-lg-6 d-block d-lg-none overlay-mobile\" style=\"\">\r\n            <div class=\"pt-3 pb-3 pb-md-1 px-2\">\r\n            <h1 class=\"fw-bold hyphenated\">Flygverksamhet<\/h1>            <div class=\"subHeader fw-bold hyphenated\">\r\n                FinnHEMS \u00e4r ett statligt flygbolag. Dess dotterbolag FinnHEMS Lentopalvelut Oy ansvarar f\u00f6r bolagets flygverksamhet. Flygverksamhetsorganisationen leder den operativa flygverksamheten samt s\u00e4kerst\u00e4ller s\u00e4kerheten och kontinuerlig utbildning av piloter och flygassistenter.            <\/div>\r\n                    <\/div>\r\n    <\/div>\r\n\n\n\r\n<div class=\"container content\">\r\n\r\n    <div class=\"row d-md-flex align-items-stretch\">\r\n        <div class=\"col-12 col-md-12 col-lg-6 py-4 px-0 py-md-4 px-md-4 p-xl-5 square  large-text  light\" style=\"position: relative;\">\r\n            <!-- <div class=\"image-overlay\" style=\"z-index: 0;\"><\/div> -->\r\n            <div class=\"px-2 px-md-4 px-xl-5\" style=\"position: relative;\">\r\n                <h2 class=\"mb-3 mb-md-4 mb-xl-5\" data-aos=\"fade-up\">Baser runt om i Finland<\/h2>                <div data-aos=\"fade-up\" data-aos-delay=\"50\">\r\n                    <p>Operativ flygverksamhet bedrivs <a href=\"https:\/\/finnhems.fi\/sv\/baser\/\" data-type=\"page\" data-id=\"4699\">fr\u00e5n sju baser runt om i landet<\/a>. FinnHEMS har nio helikoptrar till sitt f\u00f6rfogande. Flottan best\u00e5r av fem <a href=\"https:\/\/finnhems.fi\/sv\/materiel\/\" data-type=\"page\" data-id=\"4695\">Airbus EC135<\/a>&#8211; och fyra <a href=\"https:\/\/finnhems.fi\/sv\/materiel\/\" data-type=\"page\" data-id=\"4695\">H145-helikoptrar<\/a>. Vi flyger n\u00e4stan 3 000 flygtimmar varje \u00e5r.<\/p>\n                <\/div>\r\n                            <\/div>\r\n        <\/div>\r\n\r\n                    <div class=\"px-2 px-md-0 pt-3 pt-md-0 col-12 col-md-12 col-lg-6 align-self-stretch content__image d-none d-md-block order-last order-md-first\" style=\"position: relative;\" data-aos=\"fade-up\" data-aos-delay=\"100\">\r\n                <div class=\"h-100\" style=\"background-image:url(https:\/\/finnhems.fi\/wp-content\/uploads\/2024\/11\/FinnHEMS-lentotoiminta-henkilosto-scaled-e1731932245900.jpg); background-size: cover; background-repeat: no-repeat; background-position: center center;\"><\/div>\r\n                <div class=\"image-overlay\"><\/div>\r\n            <\/div>\r\n                    <\/div>\r\n\r\n<\/div>\n\n\r\n<div class=\"container content\">\r\n\r\n    <div class=\"row d-md-flex align-items-stretch\">\r\n        <div class=\"col-12 col-md-12 col-lg-6 py-4 px-0 py-md-4 px-md-4 p-xl-5 square  large-text  dark\" style=\"position: relative;\">\r\n            <!-- <div class=\"image-overlay\" style=\"z-index: 0;\"><\/div> -->\r\n            <div class=\"px-2 px-md-4 px-xl-5\" style=\"position: relative;\">\r\n                <h2 class=\"mb-3 mb-md-4 mb-xl-5\" data-aos=\"fade-up\">Flygande bes\u00e4ttning<\/h2>                <div data-aos=\"fade-up\" data-aos-delay=\"50\">\r\n                    <p>Den flygande bes\u00e4ttningen vid HEMS-luftfart best\u00e5r av en pilot och en HCM (HEMS Crew Member). Piloten \u00e4r bef\u00e4lhavare p\u00e5 flygplanet. Under flygningen fungerar HCM som en flygassistent, allts\u00e5 en icke-flygande styrman. Flygassistenten navigerar till destinationen och observerar helikopterns och pilotens agerande samt omgivningen. Ett undantag \u00e4r enheten i Rovaniemi, vars flygande bes\u00e4ttning best\u00e5r av tv\u00e5 piloter: bef\u00e4lhavaren och styrmannen.<\/p>\n                <\/div>\r\n                            <\/div>\r\n        <\/div>\r\n\r\n                    <div class=\"px-2 px-md-0 pt-3 pt-md-0 col-12 col-md-12 col-lg-6 align-self-stretch content__image d-none d-md-block order-last order-md-first\" style=\"position: relative;\" data-aos=\"fade-up\" data-aos-delay=\"100\">\r\n                <div class=\"h-100\" style=\"background-image:url(https:\/\/finnhems.fi\/wp-content\/uploads\/2024\/11\/FinnHEMS-lentotoiminta-tukikohdat-scaled-e1731932314464.jpg); background-size: cover; background-repeat: no-repeat; background-position: center center;\"><\/div>\r\n                <div class=\"image-overlay\"><\/div>\r\n            <\/div>\r\n                    <\/div>\r\n\r\n<\/div>\n\n\r\n<div class=\"container content\">\r\n\r\n    <div class=\"row d-md-flex align-items-stretch\">\r\n        <div class=\"col-12 col-md-12 col-lg-6 py-4 px-0 py-md-4 px-md-4 p-xl-5 square  large-text  dark\" style=\"position: relative;\">\r\n            <!-- <div class=\"image-overlay\" style=\"z-index: 0;\"><\/div> -->\r\n            <div class=\"px-2 px-md-4 px-xl-5\" style=\"position: relative;\">\r\n                <h2 class=\"mb-3 mb-md-4 mb-xl-5 boldGreen \" data-aos=\"fade-up\">F\u00f6reskrifter och s\u00e4kerhet styr verksamheten<\/h2>                <div data-aos=\"fade-up\" data-aos-delay=\"50\">\r\n                    <p>Luftfartsbest\u00e4mmelser och flygverksamhetsmanualer ger flygverksamheten dess struktur. Finlands varierande v\u00e4derf\u00f6rh\u00e5llanden, s\u00e5som vinter och kallt flygv\u00e4der, st\u00e4ller luftfarten inf\u00f6r s\u00e4rskilda utmaningar. Det f\u00f6ruts\u00e4tter att bes\u00e4ttningen kan agera under kr\u00e4vande f\u00f6rh\u00e5llanden, kontinuerlig utbildning av den flygande bes\u00e4ttningen och kontinuerlig utveckling av flygmetoderna. Yrkesskickligheten hos v\u00e5r flygande bes\u00e4ttning \u00e4r f\u00f6rstklassig, och engagemanget och yrkesstoltheten utvecklar det finl\u00e4ndska HEMS till att bli allt b\u00e4ttre. En kompromissl\u00f6s inst\u00e4llning till s\u00e4kerhet genomsyrar hela v\u00e5r verksamhet.<\/p>\n                <\/div>\r\n                            <\/div>\r\n        <\/div>\r\n\r\n                    <div class=\"px-2 px-md-0 pt-3 pt-md-0 col-12 col-md-12 col-lg-6 align-self-stretch content__image  \" style=\"position: relative;\" data-aos=\"fade-up\" data-aos-delay=\"100\">\r\n                <div class=\"h-100\" style=\"background-image:url(https:\/\/finnhems.fi\/wp-content\/uploads\/2025\/03\/finnhems-lentotoiminta-maaraykset.jpg); background-size: cover; background-repeat: no-repeat; background-position: center center;\"><\/div>\r\n                <div class=\"image-overlay\"><\/div>\r\n            <\/div>\r\n                    <\/div>\r\n\r\n<\/div>\n\n\r\n<div class=\"container content\">\r\n\r\n    <div class=\"row d-md-flex align-items-stretch\">\r\n        <div class=\"col-12 col-md-12 col-lg-6 py-4 px-0 py-md-4 px-md-4 p-xl-5 square  large-text  light\" style=\"position: relative;\">\r\n            <!-- <div class=\"image-overlay\" style=\"z-index: 0;\"><\/div> -->\r\n            <div class=\"px-2 px-md-4 px-xl-5\" style=\"position: relative;\">\r\n                <h2 class=\"mb-3 mb-md-4 mb-xl-5\" data-aos=\"fade-up\">S\u00e4kerhet genom kontinuerlig utbildning\u00a0<\/h2>                <div data-aos=\"fade-up\" data-aos-delay=\"50\">\r\n                    <p><!-- wp:heading --> <\/p>\n<p>Syftet med den kontinuerliga utbildningen av den flygande bes\u00e4ttningen \u00e4r att f\u00f6rb\u00e4ttra flygs\u00e4kerheten. En del av den kontinuerliga utbildningen genomf\u00f6rs i flygsimulatorer. Utbildningsteman planeras m\u00e5ngsidigt och i r\u00e4tt tid med beaktande av luftfartens olika riskfaktorer.<!-- \/wp:paragraph --><\/p>\n                <\/div>\r\n                            <\/div>\r\n        <\/div>\r\n\r\n                    <div class=\"px-2 px-md-0 pt-3 pt-md-0 col-12 col-md-12 col-lg-6 align-self-stretch content__image  order-last order-md-first\" style=\"position: relative;\" data-aos=\"fade-up\" data-aos-delay=\"100\">\r\n                <div class=\"h-100\" style=\"background-image:url(https:\/\/finnhems.fi\/wp-content\/uploads\/2024\/11\/FinnHEMS-lentotoiminta-koulutukset.jpg); background-size: cover; background-repeat: no-repeat; background-position: center center;\"><\/div>\r\n                <div class=\"image-overlay\"><\/div>\r\n            <\/div>\r\n                    <\/div>\r\n\r\n<\/div>\n\n\r\n<div class=\"container content\">\r\n\r\n    <div class=\"row d-md-flex align-items-stretch\">\r\n        <div class=\"col-12 col-md-12 col-lg-6 py-4 px-0 py-md-4 px-md-4 p-xl-5 square  large-text  dark\" style=\"position: relative;\">\r\n            <!-- <div class=\"image-overlay\" style=\"z-index: 0;\"><\/div> -->\r\n            <div class=\"px-2 px-md-4 px-xl-5\" style=\"position: relative;\">\r\n                <h2 class=\"mb-3 mb-md-4 mb-xl-5\" data-aos=\"fade-up\">Helikoptrarnas funktionsduglighet s\u00e4kerst\u00e4lls med underh\u00e5llet<\/h2>                <div data-aos=\"fade-up\" data-aos-delay=\"50\">\r\n                    <p><!-- wp:heading --> <\/p>\n<p>Underh\u00e5llsorganisationen f\u00f6r flygverksamheten s\u00f6rjer f\u00f6r och ansvarar f\u00f6r helikoptrarnas luftv\u00e4rdighet och tillsynen \u00f6ver den. Vi utf\u00f6r underh\u00e5llsarbete dels som sj\u00e4lvst\u00e4ndigt arbete, dels som en k\u00f6pt tj\u00e4nst. Helikoptrarna h\u00e5lls alltid i gott, funktionsdugligt skick s\u00e5 att startberedskapen \u00e4r h\u00f6g och uppdragen kan genomf\u00f6ras p\u00e5 ett s\u00e4kert s\u00e4tt. <\/p>\n<p><!-- \/wp:paragraph --><\/p>\n                <\/div>\r\n                            <\/div>\r\n        <\/div>\r\n\r\n                    <div class=\"px-2 px-md-0 pt-3 pt-md-0 col-12 col-md-12 col-lg-6 align-self-stretch content__image  \" style=\"position: relative;\" data-aos=\"fade-up\" data-aos-delay=\"100\">\r\n                <div class=\"h-100\" style=\"background-image:url(https:\/\/finnhems.fi\/wp-content\/uploads\/2024\/11\/FinnHEMS-lentotoiminta-huolto.jpg); background-size: cover; background-repeat: no-repeat; background-position: center center;\"><\/div>\r\n                <div class=\"image-overlay\"><\/div>\r\n            <\/div>\r\n                    <\/div>\r\n\r\n<\/div>\n\n\r\n<div class=\"container content\">\r\n\r\n    <div class=\"row d-md-flex align-items-stretch\">\r\n        <div class=\"col-12 col-md-12 col-lg-6 py-4 px-0 py-md-4 px-md-4 p-xl-5 square  large-text  light\" style=\"position: relative;\">\r\n            <!-- <div class=\"image-overlay\" style=\"z-index: 0;\"><\/div> -->\r\n            <div class=\"px-2 px-md-4 px-xl-5\" style=\"position: relative;\">\r\n                <h2 class=\"mb-3 mb-md-4 mb-xl-5\" data-aos=\"fade-up\">Flygverksamhetens ansvarsorganisation<\/h2>                <div data-aos=\"fade-up\" data-aos-delay=\"50\">\r\n                    <ul class=\"wp-block-list\">\n<li><strong>Jari Huhtinen,<\/strong> verkst\u00e4llande direkt\u00f6r, tfn +358 40 720 9921<\/li>\n<li><strong>Jari Multanen,<\/strong> direkt\u00f6r f\u00f6r flygverksamheten, tfn +358 40735 1353<\/li>\n<li><strong>Kimmo Lind,<\/strong> kvalitets- och s\u00e4kerhetsdirekt\u00f6r<\/li>\n<li><strong>Tony Ellonen,<\/strong> direkt\u00f6r f\u00f6r kontinuerlig luftv\u00e4rdighet och underh\u00e5llsverksamhet<\/li>\n<li><strong>Kimmo Pendolin,<\/strong> direkt\u00f6r f\u00f6r marktj\u00e4nster<\/li>\n<li><strong>Petteri Jokinen,<\/strong> gruppchef, EC135<\/li>\n<li><strong>Lauri Juhansalmi,<\/strong> gruppchef, H145<\/li>\n<li><strong>Tuomas Suominen,<\/strong> CAMO kvalitets- och s\u00e4kerhetsdirekt\u00f6r<\/li>\n<\/ul>\n                <\/div>\r\n                            <\/div>\r\n        <\/div>\r\n\r\n                    <div class=\"px-2 px-md-0 pt-3 pt-md-0 col-12 col-md-12 col-lg-6 align-self-stretch content__image  order-last order-md-first\" style=\"position: relative;\" data-aos=\"fade-up\" data-aos-delay=\"100\">\r\n                <div class=\"h-100\" style=\"background-image:url(https:\/\/finnhems.fi\/wp-content\/uploads\/2024\/11\/FinnHEMS-lentotoiminta-vastuuorganisaatio.jpg); background-size: cover; background-repeat: no-repeat; background-position: center center;\"><\/div>\r\n                <div class=\"image-overlay\"><\/div>\r\n            <\/div>\r\n                    <\/div>\r\n\r\n<\/div>","protected":false},"excerpt":{"rendered":"<p> [&#8230;]<\/p>\n<p><a class=\"btn btn-secondary understrap-read-more-link\" href=\"https:\/\/finnhems.fi\/sv\/var-verksamhet\/flygverksamhet\/\">L\u00e4s mer \u2026<span class=\"screen-reader-text\"> from Flygverksamhet<\/span><\/a><\/p>\n","protected":false},"author":2,"featured_media":0,"parent":5678,"menu_order":2,"comment_status":"closed","ping_status":"closed","template":"page-templates\/no-title.php","meta":{"_acf_changed":false,"footnotes":""},"class_list":["post-5656","page","type-page","status-publish","hentry"],"acf":[],"_links":{"self":[{"href":"https:\/\/finnhems.fi\/sv\/wp-json\/wp\/v2\/pages\/5656","targetHints":{"allow":["GET"]}}],"collection":[{"href":"https:\/\/finnhems.fi\/sv\/wp-json\/wp\/v2\/pages"}],"about":[{"href":"https:\/\/finnhems.fi\/sv\/wp-json\/wp\/v2\/types\/page"}],"author":[{"embeddable":true,"href":"https:\/\/finnhems.fi\/sv\/wp-json\/wp\/v2\/users\/2"}],"replies":[{"embeddable":true,"href":"https:\/\/finnhems.fi\/sv\/wp-json\/wp\/v2\/comments?post=5656"}],"version-history":[{"count":2,"href":"https:\/\/finnhems.fi\/sv\/wp-json\/wp\/v2\/pages\/5656\/revisions"}],"predecessor-version":[{"id":8275,"href":"https:\/\/finnhems.fi\/sv\/wp-json\/wp\/v2\/pages\/5656\/revisions\/8275"}],"up":[{"embeddable":true,"href":"https:\/\/finnhems.fi\/sv\/wp-json\/wp\/v2\/pages\/5678"}],"wp:attachment":[{"href":"https:\/\/finnhems.fi\/sv\/wp-json\/wp\/v2\/media?parent=5656"}],"curies":[{"name":"wp","href":"https:\/\/api.w.org\/{rel}","templated":true}]}}