{"id":5658,"date":"2024-10-31T08:26:02","date_gmt":"2024-10-31T08:26:02","guid":{"rendered":"https:\/\/finnhems.fi\/lakarhelikopterverksamhet\/"},"modified":"2025-06-18T09:32:13","modified_gmt":"2025-06-18T09:32:13","slug":"lakarhelikopterverksamhet","status":"publish","type":"page","link":"https:\/\/finnhems.fi\/sv\/var-verksamhet\/lakarhelikopterverksamhet\/","title":{"rendered":"L\u00e4karhelikopterverksamhet"},"content":{"rendered":"\r\n<div class=\"px-2 px-md-0\">\r\n    <div class=\"hero  nonsquare\" style=\"background-image:url(https:\/\/finnhems.fi\/wp-content\/uploads\/2024\/10\/finnhems-hero-hems.jpg);\" data-aos=\"fade-in\">\r\n\r\n        <div class=\"d-md-flex align-items-center  justify-content-start\">\r\n            <div class=\"position-relative col-12 col-lg-6 d-none d-lg-block overlay-desktop order-first  no_image_effect \" style=\"\">\r\n                                    <div class=\"p-4 p-xl-5 position-absolute top-50 start-25 translate-x25y50\" data-aos=\"fade-in\" data-aos-anchor-placement=\"top-bottom\">\r\n                        <h1 class=\"mb-3\" data-aos=\"fade-up\" data-aos-delay=\"50\" data-aos-anchor-placement=\"top-bottom\">HEMS \u2013 br\u00e5dskande l\u00e4karhelikopter&shy;verksamhet<\/h1>                        <div class=\"subHeader\" data-aos=\"fade-up\" data-aos-delay=\"150\">\r\n                            HEMS \u00e4r en internationellt k\u00e4nd f\u00f6rkortning av de engelska orden Helicopter Emergency Medical Services.                        <\/div>\r\n                                            <\/div>\r\n                            <\/div>\r\n            <div class=\"position-relative col-12 col-lg-6 d-block overlay-desktop-right order-last  no_image_effect \">\r\n            <\/div>\r\n        <\/div>\r\n    <\/div>\r\n<\/div>\r\n\r\n<div class=\"position-relative col-12 col-lg-6 d-block d-lg-none overlay-mobile\" style=\"\">\r\n            <div class=\"pt-3 pb-3 pb-md-1 px-2\">\r\n            <h1 class=\"fw-bold hyphenated\">HEMS \u2013 br\u00e5dskande l\u00e4karhelikopter&shy;verksamhet<\/h1>            <div class=\"subHeader fw-bold hyphenated\">\r\n                HEMS \u00e4r en internationellt k\u00e4nd f\u00f6rkortning av de engelska orden Helicopter Emergency Medical Services.            <\/div>\r\n                    <\/div>\r\n    <\/div>\r\n\n\n\r\n<div class=\"container content-high\">\r\n\r\n    <div class=\"row d-md-flex align-items-center\">\r\n        <div class=\"col-12 col-md-6 py-4 px-2 py-md-4 px-md-4 p-xl-5 square  large-text  light\">\r\n            <div style=\"position: relative;\">\r\n                                <div data-aos=\"fade-up\" data-aos-delay=\"50\">\r\n                    <p>Den viktigaste uppgiften f\u00f6r l\u00e4karhelikopterverksamheten \u00e4r att som en del av akutv\u00e5rdskedjan producera h\u00f6gklassiga tj\u00e4nster av ett akutl\u00e4karteam i pl\u00f6tsliga och livshotande situationer. Som mottagare av tj\u00e4nster av akutl\u00e4kare har medborgarna en s\u00e5 j\u00e4mlik st\u00e4llning som m\u00f6jligt tack vare FinnHEMS breda verksamhetsomr\u00e5de och f\u00f6rm\u00e5ga att reagera snabbt.<\/p>\n<p><!-- \/wp:paragraph --> <!-- wp:heading --><\/p>\n<h3 class=\"wp-block-heading\">Alltid redo<\/h3>\n<p><!-- \/wp:heading --> <!-- wp:paragraph --><\/p>\n<p>Helikoptrarna och den jourhavande bes\u00e4ttningen st\u00e5r i omedelbar beredskap dygnet runt. Bes\u00e4ttningen av en helikopter best\u00e5r vanligtvis av en akutl\u00e4kare, en HEMS-sjukv\u00e5rdare eller en HEMS-r\u00e4ddare och en pilot.<\/p>\n<p><!-- \/wp:paragraph --> <!-- wp:paragraph --><\/p>\n<p>Alla FinnHEMS l\u00e4kar- och l\u00e4karhelikopterenheter larmas till sina uppgifter med hj\u00e4lp av en responstidsmodell. N\u00f6dcentralsystemet Erica larmar automatiskt den FinnHEMS-enhet som snabbast kan n\u00e5 en akutpatient oberoende av v\u00e4lf\u00e4rdsomr\u00e5denas gr\u00e4nser.<\/p>\n<div class=\"highlight-list\">\n<p><!-- wp:heading --><\/p>\n<h2 class=\"thinDark\">De fem vanligaste orsakerna till larm<\/h2>\n<p><!-- \/wp:heading --> <!-- wp:list {\"ordered\":true} --><\/p>\n<ol class=\"wp-block-list\"><!-- wp:list-item --><\/p>\n<li>Livl\u00f6shet\/\u00e5terupplivning<\/li>\n<li>Trafikolycka<\/li>\n<li>Medvetsl\u00f6shet<\/li>\n<li>Fall<\/li>\n<li>Hj\u00e4rncirkulationsst\u00f6rning<\/li>\n<\/ol>\n<p><!-- \/wp:list-item --><\/p>\n<p><!-- \/wp:list --><\/p>\n<\/div>\n                <\/div>\r\n                            <\/div>\r\n        <\/div>\r\n\r\n                    <div class=\"px-2 px-md-0 pt-3 pt-md-0 col-12 col-md-6 align-self-stretch content__image  order-first\" style=\"position: relative; \" data-aos=\"fade-up\" data-aos-delay=\"100\">\r\n                <div class=\"h-100\" style=\"background-image:url(https:\/\/finnhems.fi\/wp-content\/uploads\/2025\/06\/finnhems-laakarihelikopteritoiminta-1-scaled-1.jpg); background-size: cover; background-repeat: no-repeat; background-position: center center;\"><\/div>\r\n                <div class=\"image-overlay none white_strong\"><\/div>\r\n            <\/div>\r\n                    <\/div>\r\n\r\n<\/div>\n\n\r\n<div class=\"container content-high\">\r\n\r\n    <div class=\"row d-md-flex align-items-center\">\r\n        <div class=\"col-12 col-md-6 py-4 px-2 py-md-4 px-md-4 p-xl-5 square  large-text  dark\">\r\n            <div style=\"position: relative;\">\r\n                                <div data-aos=\"fade-up\" data-aos-delay=\"50\">\r\n                    <h3 class=\"wp-block-heading\">Specialkompetens till patienten<\/h3>\n<p><!-- \/wp:heading --> <!-- wp:paragraph --><\/p>\n<p>Helikoptrarnas fr\u00e4msta uppgift \u00e4r att transportera v\u00e5rden till patienten s\u00e5 snabbt som m\u00f6jligt.<\/p>\n<p>L\u00e4karhelikopterteamet \u00e4r specialiserat p\u00e5 att behandla sv\u00e5rt skadade och sjuka patienter.<\/p>\n<p>Det vanligaste \u00e4r att enheter larmas till livl\u00f6sa patienter och patienter som skadats i trafikolyckor. Oftast orsakas livl\u00f6sheten av en hj\u00e4rt- eller hj\u00e4rnh\u00e4ndelse.<\/p>\n<p>Enheterna r\u00f6r sig p\u00e5 stora geografiska omr\u00e5den och har d\u00e4rf\u00f6r stor erfarenhet av dessa patientgrupper. Patienten transporteras i allm\u00e4nhet med ambulans till sjukhuset f\u00f6r fortsatt v\u00e5rd. En akutl\u00e4kare fr\u00e5n FinnHEMS-enheten f\u00f6ljer med i ambulansen.<\/p>\n<p>Patienttransporter med helikopter har \u00f6kat markant de senaste \u00e5ren. Tillv\u00e4xttrenden har ocks\u00e5 beaktats som en del av den framtida strategin f\u00f6r l\u00e4karhelikopterverksamheten.<\/p>\n<p>Med en helikopter kan man ta med sig specialkompetens p\u00e5 plats \u00e4ven \u00f6ver l\u00e5nga avst\u00e5nd. Dessutom har enheterna utrustning och behandlingsmetoder som andra enheter inom akutsjukv\u00e5rden inte har. FinnHEMS-enheterna utf\u00f6r i allm\u00e4nhet v\u00e5rd\u00e5tg\u00e4rder som kan j\u00e4mf\u00f6ras med de \u00e5tg\u00e4rder som utf\u00f6rs p\u00e5 sjukhus i b\u00f6rjan av intensivv\u00e5rden. Intubation, att s\u00e4kra luftv\u00e4garna med hj\u00e4lp av en andningsslang och inledning av respiratorbehandling, \u00e4r ett av de vanligaste ingreppen som utf\u00f6rs av FinnHEMS-l\u00e4karenheter.<\/p>\n<p>I Finland kan st\u00f6rsta delen av patienterna inom akutsjukv\u00e5rden n\u00e5s med helikopter inom 30 minuter efter larm.<\/p>\n                <\/div>\r\n                            <\/div>\r\n        <\/div>\r\n\r\n                    <div class=\"px-2 px-md-0 pt-3 pt-md-0 col-12 col-md-6 align-self-stretch content__image  \" style=\"position: relative; \" data-aos=\"fade-up\" data-aos-delay=\"100\">\r\n                <div class=\"h-100\" style=\"background-image:url(https:\/\/finnhems.fi\/wp-content\/uploads\/2025\/06\/finnhems-laakarihelikopteritoiminta-2-scaled-1.jpg); background-size: cover; background-repeat: no-repeat; background-position: center center;\"><\/div>\r\n                <div class=\"image-overlay none white_strong\"><\/div>\r\n            <\/div>\r\n                    <\/div>\r\n\r\n<\/div>\n\n\r\n<div class=\"container content-high\">\r\n\r\n    <div class=\"row d-md-flex align-items-center\">\r\n        <div class=\"col-12 col-md-6 py-4 px-2 py-md-4 px-md-4 p-xl-5 square  large-text  light\">\r\n            <div style=\"position: relative;\">\r\n                                <div data-aos=\"fade-up\" data-aos-delay=\"50\">\r\n                    <h3 class=\"wp-block-heading\">Transport direkt till den slutliga v\u00e5rdplatsen<\/h3>\n<p><!-- \/wp:heading --> <!-- wp:paragraph --><\/p>\n<p>Med helikoptrar kan sv\u00e5rt skadade patienter transporteras direkt till den l\u00e4mpligaste v\u00e5rdplatsen. Sjukv\u00e5rdshelikoptern kan ocks\u00e5 snabbt n\u00e5 patienter i omr\u00e5den som det skulle ta f\u00f6r l\u00e5ng tid att n\u00e5 med bil, till exempel \u00f6ar, vildmarksomr\u00e5den och annan sv\u00e5rtillg\u00e4nglig terr\u00e4ng.<\/p>\n<p><!-- \/wp:paragraph --> <!-- wp:heading --><\/p>\n<h3 class=\"wp-block-heading\">H\u00f6gklassig akutsjukv\u00e5rd sparar kostnader<\/h3>\n<p><!-- \/wp:heading --> <!-- wp:paragraph --><\/p>\n<p>Eftersom akutv\u00e5rden av de sv\u00e5rast skadade patienterna \u00e4r koncentrerad till helikopterteam, skiljer sig deras kompetens fr\u00e5n den som finns inom de \u00f6vriga akutv\u00e5rdsenheterna. Dessa team har en gedigen rutin och specialkompetens inom v\u00e5rd av akutpatienter, vilket endast kan uppn\u00e5s genom att betj\u00e4na ett stort befolkningsunderlag s\u00e5som l\u00e4karhelikoptrarna g\u00f6r.<\/p>\n<p><!-- \/wp:paragraph --> <!-- wp:heading --><\/p>\n<h3 class=\"wp-block-heading\">R\u00e5d och st\u00f6d till akutv\u00e5rdare<\/h3>\n<p><!-- \/wp:heading --> <!-- wp:paragraph --><\/p>\n<p>Den finl\u00e4ndska l\u00e4karhelikopterverksamheten utm\u00e4rker sig med att de jourhavande akutl\u00e4karna vid helikopterenheterna utf\u00f6r mycket telefonkonsultationer och telefonr\u00e5dgivning. Akutv\u00e5rdare konsulterar l\u00e4kare vid baserna per telefon cirka 20 000 g\u00e5nger varje \u00e5r.<\/p>\n<p><!-- \/wp:paragraph --> <!-- wp:heading --><\/p>\n<h3 class=\"wp-block-heading\">Internationellt erk\u00e4nd verksamhet<\/h3>\n<p><!-- \/wp:heading --> <!-- wp:paragraph --><\/p>\n<p>HEMS-verksamheten i Finland \u00e4r internationellt sett p\u00e5 toppniv\u00e5 i m\u00e5nga avseenden. L\u00e4karna som arbetar i l\u00e4karhelikoptern \u00e4r i huvudsak specialister inom anestesiologi och intensivv\u00e5rd och har m\u00e5nga \u00e5rs erfarenhet av akutv\u00e5rd utanf\u00f6r sjukhus.<\/p>\n                <\/div>\r\n                            <\/div>\r\n        <\/div>\r\n\r\n                    <div class=\"px-2 px-md-0 pt-3 pt-md-0 col-12 col-md-6 align-self-stretch content__image  order-first\" style=\"position: relative; \" data-aos=\"fade-up\" data-aos-delay=\"100\">\r\n                <div class=\"h-100\" style=\"background-image:url(https:\/\/finnhems.fi\/wp-content\/uploads\/2025\/06\/finnhems-laakarihelikopteritoiminta-3-scaled-1.jpg); background-size: cover; background-repeat: no-repeat; background-position: center center;\"><\/div>\r\n                <div class=\"image-overlay bottom_left grey_strong\"><\/div>\r\n            <\/div>\r\n                    <\/div>\r\n\r\n<\/div>","protected":false},"excerpt":{"rendered":"<p> [&#8230;]<\/p>\n<p><a class=\"btn btn-secondary understrap-read-more-link\" href=\"https:\/\/finnhems.fi\/sv\/var-verksamhet\/lakarhelikopterverksamhet\/\">L\u00e4s mer \u2026<span class=\"screen-reader-text\"> from L\u00e4karhelikopterverksamhet<\/span><\/a><\/p>\n","protected":false},"author":2,"featured_media":0,"parent":5678,"menu_order":1,"comment_status":"closed","ping_status":"closed","template":"page-templates\/no-title.php","meta":{"_acf_changed":false,"footnotes":""},"class_list":["post-5658","page","type-page","status-publish","hentry"],"acf":[],"_links":{"self":[{"href":"https:\/\/finnhems.fi\/sv\/wp-json\/wp\/v2\/pages\/5658","targetHints":{"allow":["GET"]}}],"collection":[{"href":"https:\/\/finnhems.fi\/sv\/wp-json\/wp\/v2\/pages"}],"about":[{"href":"https:\/\/finnhems.fi\/sv\/wp-json\/wp\/v2\/types\/page"}],"author":[{"embeddable":true,"href":"https:\/\/finnhems.fi\/sv\/wp-json\/wp\/v2\/users\/2"}],"replies":[{"embeddable":true,"href":"https:\/\/finnhems.fi\/sv\/wp-json\/wp\/v2\/comments?post=5658"}],"version-history":[{"count":5,"href":"https:\/\/finnhems.fi\/sv\/wp-json\/wp\/v2\/pages\/5658\/revisions"}],"predecessor-version":[{"id":8907,"href":"https:\/\/finnhems.fi\/sv\/wp-json\/wp\/v2\/pages\/5658\/revisions\/8907"}],"up":[{"embeddable":true,"href":"https:\/\/finnhems.fi\/sv\/wp-json\/wp\/v2\/pages\/5678"}],"wp:attachment":[{"href":"https:\/\/finnhems.fi\/sv\/wp-json\/wp\/v2\/media?parent=5658"}],"curies":[{"name":"wp","href":"https:\/\/api.w.org\/{rel}","templated":true}]}}