{"id":5660,"date":"2024-10-31T08:11:56","date_gmt":"2024-10-31T08:11:56","guid":{"rendered":"https:\/\/finnhems.fi\/arbetsplatser\/"},"modified":"2025-04-09T08:13:18","modified_gmt":"2025-04-09T08:13:18","slug":"arbetsplatser","status":"publish","type":"page","link":"https:\/\/finnhems.fi\/sv\/finnhems\/arbetsplatser\/","title":{"rendered":"Arbetsplatser"},"content":{"rendered":"\r\n<div class=\"px-2 px-md-0\">\r\n    <div class=\"hero square \" style=\"background-image:url(https:\/\/finnhems.fi\/wp-content\/uploads\/2025\/04\/finnhems-tyontekija.jpg);\" data-aos=\"fade-in\">\r\n\r\n        <div class=\"d-md-flex align-items-center  justify-content-start\">\r\n            <div class=\"position-relative col-12 col-lg-6 d-none d-lg-block overlay-desktop order-first \" style=\"\">\r\n                                    <div class=\"p-4 p-xl-5 position-absolute top-50 start-25 translate-x25y50\" data-aos=\"fade-in\" data-aos-anchor-placement=\"top-bottom\">\r\n                        <h1 class=\"mb-3\" data-aos=\"fade-up\" data-aos-delay=\"50\" data-aos-anchor-placement=\"top-bottom\">Ett motiverande och betydelsefullt arbete<\/h1>                        <div class=\"subHeader\" data-aos=\"fade-up\" data-aos-delay=\"150\">\r\n                            FinnHEMS syssels\u00e4tter \u00f6ver 120 experter, s\u00e5som piloter, HEMS-akutv\u00e5rdare och -r\u00e4ddare samt personer som arbetar med olika uppgifter inom underh\u00e5ll och administration.                        <\/div>\r\n                                            <\/div>\r\n                            <\/div>\r\n            <div class=\"position-relative col-12 col-lg-6 d-block overlay-desktop-right order-last \">\r\n            <\/div>\r\n        <\/div>\r\n    <\/div>\r\n<\/div>\r\n\r\n<div class=\"position-relative col-12 col-lg-6 d-block d-lg-none overlay-mobile\" style=\"\">\r\n            <div class=\"pt-3 pb-3 pb-md-1 px-2\">\r\n            <h1 class=\"fw-bold hyphenated\">Ett motiverande och betydelsefullt arbete<\/h1>            <div class=\"subHeader fw-bold hyphenated\">\r\n                FinnHEMS syssels\u00e4tter \u00f6ver 120 experter, s\u00e5som piloter, HEMS-akutv\u00e5rdare och -r\u00e4ddare samt personer som arbetar med olika uppgifter inom underh\u00e5ll och administration.            <\/div>\r\n                    <\/div>\r\n    <\/div>\r\n\n\n\r\n<div class=\"container content\">\r\n\r\n    <div class=\"row d-md-flex align-items-stretch\">\r\n        <div class=\"col-12 col-md-12 col-lg-6 py-4 px-0 py-md-4 px-md-4 p-xl-5 square  large-text  light\" style=\"position: relative;\">\r\n            <!-- <div class=\"image-overlay\" style=\"z-index: 0;\"><\/div> -->\r\n            <div class=\"px-2 px-md-4 px-xl-5\" style=\"position: relative;\">\r\n                                <div data-aos=\"fade-up\" data-aos-delay=\"50\">\r\n                    <p>Varje person som arbetar med l\u00e4karhelikopterverksamhet \u00e4r en del av akutv\u00e5rdskedjan. Akutv\u00e5rdsl\u00e4kare som arbetar vid v\u00e5ra baser \u00e4r anst\u00e4llda hos det v\u00e4lf\u00e4rdsomr\u00e5de som ansvarar f\u00f6r akutv\u00e5rden i omr\u00e5det. <\/p>\n<p>Motiverade och v\u00e4lm\u00e5ende medarbetare \u00e4r en f\u00f6ruts\u00e4ttning f\u00f6r v\u00e5r kr\u00e4vande verksamhet. FinnHEMS erbjuder sina anst\u00e4llda ett meningsfullt arbete och en meningsfull arbetsmilj\u00f6. Vi st\u00f6djer v\u00e5r personals \u00f6vergripande v\u00e4lbefinnande och yrkesm\u00e4ssiga utveckling.<\/p>\n                <\/div>\r\n                            <\/div>\r\n        <\/div>\r\n\r\n                    <div class=\"px-2 px-md-0 pt-3 pt-md-0 col-12 col-md-12 col-lg-6 align-self-stretch content__image  order-last order-md-first\" style=\"position: relative;\" data-aos=\"fade-up\" data-aos-delay=\"100\">\r\n                <div class=\"h-100\" style=\"background-image:url(https:\/\/finnhems.fi\/wp-content\/uploads\/2024\/10\/finnhems-tyopaikat-ensihoidon-ketju.jpg); background-size: cover; background-repeat: no-repeat; background-position: center center;\"><\/div>\r\n                <div class=\"image-overlay\"><\/div>\r\n            <\/div>\r\n                    <\/div>\r\n\r\n<\/div>\n\n\r\n<div class=\"container content\">\r\n\r\n    <div class=\"row d-md-flex align-items-stretch\">\r\n        <div class=\"col-12 col-md-12 col-lg-6 py-4 px-0 py-md-4 px-md-4 p-xl-5 square  large-text  dark\" style=\"position: relative;\">\r\n            <!-- <div class=\"image-overlay\" style=\"z-index: 0;\"><\/div> -->\r\n            <div class=\"px-2 px-md-4 px-xl-5\" style=\"position: relative;\">\r\n                <h2 class=\"mb-3 mb-md-4 mb-xl-5\" data-aos=\"fade-up\">En ansvarsfull arbetsgivare<\/h2>                <div data-aos=\"fade-up\" data-aos-delay=\"50\">\r\n                    <p>Vi fr\u00e4mjar v\u00e5ra anst\u00e4lldas arbetsh\u00e4lsa och arbetsf\u00f6rm\u00e5ga p\u00e5 ett \u00f6vergripande s\u00e4tt i samarbete med f\u00f6retagsh\u00e4lsov\u00e5rden och expertpartner. Vi f\u00f6ljer \u00e5rligen upp arbetstillfredsst\u00e4llelsen med hj\u00e4lp av en medarbetarunders\u00f6kning. <\/p>\n<p>I sin personalfunktion f\u00f6ljer FinnHEMS internationella och nationella lagar samt juridiskt bindande avtal. V\u00e5r arbetsgemenskap \u00e4r j\u00e4mlik och vi accepterar inte diskriminering i n\u00e5gon form. FinnHEMS \u00e4r en rusmedelsfri arbetsplats. <\/p>\n<p>V\u00e5r utg\u00e5ngspunkt \u00e4r att s\u00e4kerst\u00e4lla v\u00e5ra anst\u00e4lldas v\u00e4lbefinnande, arbetsf\u00f6rm\u00e5ga och arbetss\u00e4kerhet samt att skapa en riskfri, s\u00e4ker och h\u00e4lsosam arbetsmilj\u00f6.<\/p>\n                <\/div>\r\n                            <\/div>\r\n        <\/div>\r\n\r\n                    <div class=\"px-2 px-md-0 pt-3 pt-md-0 col-12 col-md-12 col-lg-6 align-self-stretch content__image  \" style=\"position: relative;\" data-aos=\"fade-up\" data-aos-delay=\"100\">\r\n                <div class=\"h-100\" style=\"background-image:url(https:\/\/finnhems.fi\/wp-content\/uploads\/2025\/02\/finnhems-vastuullinen-tyonantaja.jpg); background-size: cover; background-repeat: no-repeat; background-position: center center;\"><\/div>\r\n                <div class=\"image-overlay\"><\/div>\r\n            <\/div>\r\n                    <\/div>\r\n\r\n<\/div>\n\n\r\n<div class=\"container content\">\r\n\r\n    <div class=\"row d-md-flex align-items-stretch\">\r\n        <div class=\"col-12 col-md-12 col-lg-6 py-4 px-0 py-md-4 px-md-4 p-xl-5 square  large-text  dark\" style=\"position: relative;\">\r\n            <!-- <div class=\"image-overlay\" style=\"z-index: 0;\"><\/div> -->\r\n            <div class=\"px-2 px-md-4 px-xl-5\" style=\"position: relative;\">\r\n                <h2 class=\"mb-3 mb-md-4 mb-xl-5 boldGreen \" data-aos=\"fade-up\">Lediga jobb<\/h2>                <div data-aos=\"fade-up\" data-aos-delay=\"50\">\r\n                    <p>Rekryteringen till l\u00e4karhelikopterverksamheten baseras p\u00e5 genomt\u00e4nkta behov samt uppgiftsspecifika kompetens- och prestationskrav.<\/p>\n<p><a href=\"https:\/\/finnhems.solaforce.com\/app\/external\/jobs\" target=\"_blank\" rel=\"noopener\">Se v\u00e5ra lediga jobb eller l\u00e4mna in en \u00f6ppen ans\u00f6kan i v\u00e5rt HR-system.<\/a><\/p>\n<p>Vi sparar din ans\u00f6kan i ett \u00e5r. Vi tar din ans\u00f6kan i beaktande om det blir lediga tj\u00e4nster hos oss som motsvarar dina intressen och din kompetens.<\/p>\n                <\/div>\r\n                            <\/div>\r\n        <\/div>\r\n\r\n                    <div class=\"px-2 px-md-0 pt-3 pt-md-0 col-12 col-md-12 col-lg-6 align-self-stretch content__image  order-last order-md-first\" style=\"position: relative;\" data-aos=\"fade-up\" data-aos-delay=\"100\">\r\n                <div class=\"h-100\" style=\"background-image:url(https:\/\/finnhems.fi\/wp-content\/uploads\/2025\/03\/FinnHEMS_ohjaamo.jpg); background-size: cover; background-repeat: no-repeat; background-position: center center;\"><\/div>\r\n                <div class=\"image-overlay\"><\/div>\r\n            <\/div>\r\n                    <\/div>\r\n\r\n<\/div>","protected":false},"excerpt":{"rendered":"<p> [&#8230;]<\/p>\n<p><a class=\"btn btn-secondary understrap-read-more-link\" href=\"https:\/\/finnhems.fi\/sv\/finnhems\/arbetsplatser\/\">L\u00e4s mer \u2026<span class=\"screen-reader-text\"> from Arbetsplatser<\/span><\/a><\/p>\n","protected":false},"author":2,"featured_media":0,"parent":5666,"menu_order":5,"comment_status":"closed","ping_status":"closed","template":"page-templates\/no-title.php","meta":{"_acf_changed":false,"footnotes":""},"class_list":["post-5660","page","type-page","status-publish","hentry"],"acf":[],"_links":{"self":[{"href":"https:\/\/finnhems.fi\/sv\/wp-json\/wp\/v2\/pages\/5660","targetHints":{"allow":["GET"]}}],"collection":[{"href":"https:\/\/finnhems.fi\/sv\/wp-json\/wp\/v2\/pages"}],"about":[{"href":"https:\/\/finnhems.fi\/sv\/wp-json\/wp\/v2\/types\/page"}],"author":[{"embeddable":true,"href":"https:\/\/finnhems.fi\/sv\/wp-json\/wp\/v2\/users\/2"}],"replies":[{"embeddable":true,"href":"https:\/\/finnhems.fi\/sv\/wp-json\/wp\/v2\/comments?post=5660"}],"version-history":[{"count":4,"href":"https:\/\/finnhems.fi\/sv\/wp-json\/wp\/v2\/pages\/5660\/revisions"}],"predecessor-version":[{"id":8353,"href":"https:\/\/finnhems.fi\/sv\/wp-json\/wp\/v2\/pages\/5660\/revisions\/8353"}],"up":[{"embeddable":true,"href":"https:\/\/finnhems.fi\/sv\/wp-json\/wp\/v2\/pages\/5666"}],"wp:attachment":[{"href":"https:\/\/finnhems.fi\/sv\/wp-json\/wp\/v2\/media?parent=5660"}],"curies":[{"name":"wp","href":"https:\/\/api.w.org\/{rel}","templated":true}]}}