{"id":5664,"date":"2024-10-31T07:36:51","date_gmt":"2024-10-31T07:36:51","guid":{"rendered":"https:\/\/finnhems.fi\/hallbarhet-och-ansvarsfullhet\/"},"modified":"2025-03-25T07:56:47","modified_gmt":"2025-03-25T07:56:47","slug":"hallbarhet-och-ansvarsfullhet","status":"publish","type":"page","link":"https:\/\/finnhems.fi\/sv\/finnhems\/hallbarhet-och-ansvarsfullhet\/","title":{"rendered":"H\u00e5llbarhet och ansvarsfullhet"},"content":{"rendered":"\r\n<div class=\"px-2 px-md-0\">\r\n    <div class=\"hero  nonsquare\" style=\"background-image:url(https:\/\/finnhems.fi\/wp-content\/uploads\/2024\/10\/finnhems-hero-vastuullisuus-1.jpg);\" data-aos=\"fade-in\">\r\n\r\n        <div class=\"d-md-flex align-items-center  justify-content-start\">\r\n            <div class=\"position-relative col-12 col-lg-6 d-none d-lg-block overlay-desktop order-first  no_image_effect \" style=\"\">\r\n                                    <div class=\"p-4 p-xl-5 position-absolute top-50 start-25 translate-x25y50\" data-aos=\"fade-in\" data-aos-anchor-placement=\"top-bottom\">\r\n                        <h1 class=\"mb-3\" data-aos=\"fade-up\" data-aos-delay=\"50\" data-aos-anchor-placement=\"top-bottom\">V\u00e4rde f\u00f6r patienten och hela samh\u00e4llet<\/h1>                        <div class=\"subHeader\" data-aos=\"fade-up\" data-aos-delay=\"150\">\r\n                            I l\u00e4karhelikopterverksamheten \u00e4r ansvarsfullhet n\u00e4rvarande i vardagen.                        <\/div>\r\n                                            <\/div>\r\n                            <\/div>\r\n            <div class=\"position-relative col-12 col-lg-6 d-block overlay-desktop-right order-last  no_image_effect \">\r\n            <\/div>\r\n        <\/div>\r\n    <\/div>\r\n<\/div>\r\n\r\n<div class=\"position-relative col-12 col-lg-6 d-block d-lg-none overlay-mobile\" style=\"\">\r\n            <div class=\"pt-3 pb-3 pb-md-1 px-2\">\r\n            <h1 class=\"fw-bold hyphenated\">V\u00e4rde f\u00f6r patienten och hela samh\u00e4llet<\/h1>            <div class=\"subHeader fw-bold hyphenated\">\r\n                I l\u00e4karhelikopterverksamheten \u00e4r ansvarsfullhet n\u00e4rvarande i vardagen.            <\/div>\r\n                    <\/div>\r\n    <\/div>\r\n\n\n\r\n<div class=\"container margin-section  large-text \">\r\n    <div class=\"row\">\r\n        <div class=\"col-12 p-2 p-md-4 p-xl-5\">\r\n            <h3>V\u00e4rde f\u00f6r patienten och samh\u00e4llet i stort<\/h3>\n<p>Tillsammans med v\u00e5ra samarbetspartner och intressentgrupper inom h\u00e4lso- och sjukv\u00e5rden s\u00e4kerst\u00e4ller vi br\u00e5dskande akutsjukv\u00e5rd i Finland och bidrar d\u00e4rmed till v\u00e4lfungerande h\u00e4lso- och sjukv\u00e5rd i v\u00e5rt samh\u00e4lle. <\/p>\n<p><!-- \/wp:paragraph --> <!-- wp:paragraph --> <\/p>\n<p>Vi har ett stort ansvar gentemot patienterna och samh\u00e4llet. I l\u00e4karhelikopterverksamheten \u00e4r ansvarsfullhet n\u00e4rvarande i vardagen. FinnHEMS finns till f\u00f6r att skapa gott f\u00f6r det finl\u00e4ndska samh\u00e4llet och finl\u00e4ndarna. Det \u00e4r av yttersta vikt f\u00f6r oss att agera p\u00e5 ett s\u00e4tt som respekterar och uppr\u00e4tth\u00e5ller medborgarnas f\u00f6rtroende. Vi kommer att h\u00e5lla l\u00e4karhelikopterverksamheten funktionsduglig \u00e4ven p\u00e5 l\u00e5ng sikt. <\/p>\n<p><!-- \/wp:paragraph --> <!-- wp:heading {\"level\":3} --> <\/p>\n<h3 class=\"wp-block-heading\">Ansvar f\u00f6r milj\u00f6n, m\u00e4nniskorna och samh\u00e4llet<\/h3>\n<p><!-- \/wp:heading --> <!-- wp:paragraph --> <\/p>\n<p>Det finns ingen s\u00e4ker flygverksamhet utan ansvar. B\u00e5de behandling av akutpatienter och verksamheten inom luftfarten kr\u00e4ver ansvarsfulla l\u00f6sningar p\u00e5 alla niv\u00e5er i organisationen. <\/p>\n<p><!-- \/wp:paragraph --> <!-- wp:paragraph --> <\/p>\n<p>Vi g\u00f6r medvetna val f\u00f6r att minska milj\u00f6p\u00e5verkan av v\u00e5r verksamhet. Vi str\u00e4var efter att utf\u00f6ra v\u00e5rt uppdrag p\u00e5 ett ekonomiskt, socialt och ekologiskt h\u00e5llbart s\u00e4tt.<\/p>\n        <\/div>\r\n    <\/div>\r\n<\/div>\n\n\r\n<div class=\"container content\">\r\n\r\n    <div class=\"row d-md-flex align-items-stretch\">\r\n        <div class=\"col-12 col-md-12 col-lg-6 py-4 px-0 py-md-4 px-md-4 p-xl-5 square  large-text  dark\" style=\"position: relative;\">\r\n            <!-- <div class=\"image-overlay\" style=\"z-index: 0;\"><\/div> -->\r\n            <div class=\"px-2 px-md-4 px-xl-5\" style=\"position: relative;\">\r\n                <h2 class=\"mb-3 mb-md-4 mb-xl-5 boldGreen \" data-aos=\"fade-up\"><\/h2>                <div data-aos=\"fade-up\" data-aos-delay=\"50\">\r\n                    <p><strong>Akutv\u00e5rd kr\u00e4ver samarbete<\/strong> <\/p>\n<p>Akutv\u00e5rden och luftfarten kr\u00e4ver samarbete mellan flera olika akt\u00f6rer. Ut\u00f6ver v\u00e5r egen personal samarbetar vi med v\u00e5ra intressentgrupper, bland annat v\u00e4lf\u00e4rdsomr\u00e5dena och HUS-sammanslutningen, olika organisationer inom statsf\u00f6rvaltningen, r\u00e4ddningsv\u00e4sendet, Gr\u00e4nsbevakningsv\u00e4sendet samt inhemska och internationella luftfartsorganisationer. <\/p>\n<p>Vi fr\u00e4mjar l\u00e4karhelikopterverksamhet och akutsjukv\u00e5rd i samarbete med v\u00e4lf\u00e4rdsomr\u00e5dena, HUS-sammanslutningen och andra myndigheter som en god samarbetspartner, och vi samarbetar internationellt med HEMS-organisationer i andra l\u00e4nder.<\/p>\n                <\/div>\r\n                            <\/div>\r\n        <\/div>\r\n\r\n                    <div class=\"px-2 px-md-0 pt-3 pt-md-0 col-12 col-md-12 col-lg-6 align-self-stretch content__image  order-last order-md-first\" style=\"position: relative;\" data-aos=\"fade-up\" data-aos-delay=\"100\">\r\n                <div class=\"h-100\" style=\"background-image:url(https:\/\/finnhems.fi\/wp-content\/uploads\/2024\/10\/finnhems-yhteistyo.jpg); background-size: cover; background-repeat: no-repeat; background-position: center center;\"><\/div>\r\n                <div class=\"image-overlay\"><\/div>\r\n            <\/div>\r\n                    <\/div>\r\n\r\n<\/div>\n\n\n<div style=\"height:50px\" aria-hidden=\"true\" class=\"wp-block-spacer\"><\/div>\n\n\n\r\n<script>\r\n    jQuery( document ).ready(function() {\r\n        jQuery(\".btn.btn-dark.btnFinnHEMS\").click(function() {\r\n            jQuery([document.documentElement, document.body]).animate({\r\n                scrollTop: jQuery(\"#tabContents\").offset().top\r\n            }, 500);\r\n        });\r\n    });\r\n<\/script>\r\n\r\n\r\n<div class=\"container columns\">\r\n\r\n    <div class=\"row\" role=\"tablist\">\r\n\r\n        \r\n        <div class=\"shaded col-12 col-md p-3 p-md-4 p-lg-5 columnshade1\"  data-aos=\"fade-up\" data-aos-delay=\"0\">\r\n            <div class=\"d-flex flex-column h-100\">\r\n                <div class=\"flex-shrink-1\">\r\n                    <h2 class=\" thinDark \">Milj\u00f6ansvar:<\/h2>                <\/div>\r\n                <div class=\"flex-grow-1\">\r\n                    <p><strong>M\u00e5let \u00e4r att minimera milj\u00f6p\u00e5verkan<\/strong><\/p>\n<p>P\u00e5 grund av verksamhetens natur uppst\u00e5r de st\u00f6rsta utsl\u00e4ppseffekterna av helikoptrarnas br\u00e4nslef\u00f6rbrukning. Sammanlagt uppst\u00e5r s\u00e5 gott som alla FinnHEMS utsl\u00e4pp av br\u00e4nsleanv\u00e4ndning, energiproduktion samt br\u00e4nsleanv\u00e4ndning i samband med aff\u00e4rsresor och transporter.<\/p>\n                <\/div>\r\n\r\n                <div class=\"flex-shrink-1\">\r\n                                        <a href=\"#\" class=\"btn btn-dark btnFinnHEMS mt-3\" data-bs-toggle=\"tab\" data-bs-target=\"#tab-1\" role=\"tab\" aria-controls=\"tab-1\" aria-selected=\"false\">L\u00e4s mer<\/a>                <\/div>\r\n            <\/div>\r\n        <\/div>\r\n\r\n        \r\n        <div class=\"shaded col-12 col-md p-3 p-md-4 p-lg-5 columnshade2\"  data-aos=\"fade-up\" data-aos-delay=\"100\">\r\n            <div class=\"d-flex flex-column h-100\">\r\n                <div class=\"flex-shrink-1\">\r\n                    <h2 class=\" thinDark \">Socialt ansvar:<\/h2>                <\/div>\r\n                <div class=\"flex-grow-1\">\r\n                    <p><strong>Positiva effekter p\u00e5 personalen och det omgivande samh\u00e4llet<\/strong> <\/p>\n<p>Huvudvikten i FinnHEMS sociala ansvar ligger vid st\u00f6d f\u00f6r personalens h\u00e4lsa och v\u00e4lbefinnande samt vid s\u00e4kerhetsarbetet.<\/p>\n                <\/div>\r\n\r\n                <div class=\"flex-shrink-1\">\r\n                                        <a href=\"#\" class=\"btn btn-dark btnFinnHEMS mt-3\" data-bs-toggle=\"tab\" data-bs-target=\"#tab-2\" role=\"tab\" aria-controls=\"tab-2\" aria-selected=\"false\">L\u00e4s mer<\/a>                <\/div>\r\n            <\/div>\r\n        <\/div>\r\n\r\n        \r\n        <div class=\"shaded col-12 col-md p-3 p-md-4 p-lg-5 columnshade3\"  data-aos=\"fade-up\" data-aos-delay=\"200\">\r\n            <div class=\"d-flex flex-column h-100\">\r\n                <div class=\"flex-shrink-1\">\r\n                    <h2 class=\" thinDark \">Ekonomiskt och administrativt ansvar:<\/h2>                <\/div>\r\n                <div class=\"flex-grow-1\">\r\n                    <p><strong>God f\u00f6rvaltningssed \u00e4r grunden f\u00f6r ansvarighet<\/strong><\/p>\n<p>Som statligt f\u00f6retag f\u00f6ljer FinnHEMS statsr\u00e5dets och den statliga \u00e4garpolitikens h\u00e5llbarhetsprinciper, principerna f\u00f6r god aff\u00e4rssed och f\u00f6rvaltning, lagstiftningen och andra f\u00f6rbindelser. F\u00f6retagets ansvar omfattar ocks\u00e5 effektiv anv\u00e4ndning av offentliga medel.<\/p>\n                <\/div>\r\n\r\n                <div class=\"flex-shrink-1\">\r\n                                        <a href=\"#\" class=\"btn btn-dark btnFinnHEMS mt-3\" data-bs-toggle=\"tab\" data-bs-target=\"#tab-3\" role=\"tab\" aria-controls=\"tab-3\" aria-selected=\"false\">L\u00e4s mer<\/a>                <\/div>\r\n            <\/div>\r\n        <\/div>\r\n\r\n        \r\n    <\/div>\r\n\r\n\r\n\r\n<div class=\"row\">\r\n    <div class=\"tab-content\" id=\"tabContents\">\r\n\r\n        \r\n        <div class=\"col-12 p-5 tab-pane fade\" id=\"tab-1\" role=\"tabpanel\" aria-labelledby=\"link-1\">\r\n            <p>Vi minskar koldioxidavtrycket genom att prioritera f\u00f6rnybara br\u00e4nslealternativ och energil\u00f6sningar i fastigheterna.<\/p>\n<p>Vi beaktar principerna f\u00f6r h\u00e5llbar utveckling som en integrerad del av upphandlingen av utrustning och unders\u00f6ker luftfartens, helikoptertillverkarnas och br\u00e4nsleindustrins h\u00e5llbarhetsm\u00e5l och s\u00f6ker v\u00e4gar att medverka i dem. <\/p>\n<h3>Gradvis mot biobr\u00e4nslen<\/h3>\n<p>V\u00e5ra m\u00f6jligheter att p\u00e5verka koldioxidavtrycket fr\u00e5n luftfarten \u00e4r begr\u00e4nsade: vi kan endast p\u00e5verka det br\u00e4nsle som anv\u00e4nds, inte de flygningar som vi utf\u00f6r p\u00e5 grund av v\u00e5ra larmuppdrag. Vi f\u00f6ljer utvecklingen av biobr\u00e4nslen och andra milj\u00f6v\u00e4nliga drivmedel och deras l\u00e4mplighet f\u00f6r v\u00e5r verksamhet.<\/p>\n<p>V\u00e5rt m\u00e5l \u00e4r att gradvis \u00f6ka andelen biobr\u00e4nsle i det br\u00e4nsle vi f\u00f6rbrukar s\u00e5 att 10 procent av flygfotogenet best\u00e5r av br\u00e4nsle tillverkat av f\u00f6rnybara r\u00e5varor vid slutet av \u00e5r 2027.<\/p>\n<p>V\u00e5r verksamhets ekonomiska resurser bromsar \u00f6verg\u00e5ngen till biobr\u00e4nslen, eftersom priset p\u00e5 biobr\u00e4nsle \u00e4r avsev\u00e4rt h\u00f6gre j\u00e4mf\u00f6rt med priset p\u00e5 det vanliga br\u00e4nslet.<\/p>\n<p>Vi \u00f6verg\u00e5r gradvis till f\u00f6rnybart dieselbr\u00e4nsle ocks\u00e5 vad g\u00e4ller v\u00e5r fordonsflotta f\u00f6r utryckningsk\u00f6rningar. \u00d6verg\u00e5ngen p\u00e5verkas i h\u00f6g grad av n\u00e4tverket av distributionsstationer i n\u00e4rheten av baserna.<\/p>\n<h3>F\u00f6rnybar el och energi<\/h3>\n<p>V\u00e5rt m\u00e5l \u00e4r att f\u00f6rb\u00e4ttra energihush\u00e5llningen i v\u00e5ra fastigheter och helt \u00f6verg\u00e5 till f\u00f6rnybar el. All energi vi k\u00f6per kommer fr\u00e5n f\u00f6rnybara k\u00e4llor eller produceras med k\u00e4rnkraft. I byggprojekten vid baserna i Ule\u00e5borg, Tammerfors och Kouvola har f\u00f6rnybar v\u00e4rme- och elenergi tagits som utg\u00e5ngspunkt. Vi \u00e5l\u00e4gger entrepren\u00f6rerna att minimera den skadliga milj\u00f6p\u00e5verkan av sitt arbete.<\/p>\n        <\/div>\r\n\r\n        \r\n        <div class=\"col-12 p-5 tab-pane fade\" id=\"tab-2\" role=\"tabpanel\" aria-labelledby=\"link-1\">\r\n            <p>FinnHEMS i dess nuvarande form best\u00e5r av personal fr\u00e5n tre olika f\u00f6retag. Vi har satsat p\u00e5 att definiera och internalisera grundpelarna och v\u00e4rderingarna f\u00f6r v\u00e5r gemensamma f\u00f6retagskultur. Vi har str\u00e4vat efter att \u00f6ka kommunikationen och dialogen mellan de olika personalgrupperna b\u00e5de internt och externt mellan FinnHEMS och v\u00e4lf\u00e4rdsomr\u00e5denas personal som arbetar vid baserna. M\u00e5let \u00e4r att f\u00f6rb\u00e4ttra fl\u00f6det av gemensam information och \u00f6ka gemenskapen.<\/p>\n<p>All personal inom FinnHEMS erbjuds uppf\u00f6ljning av sitt h\u00e4lsotillst\u00e5nd med st\u00f6d av yrkesutbildade personer inom h\u00e4lso- och sjukv\u00e5rden. Vi m\u00e4ter v\u00e5r personals v\u00e4lbefinnande och tillfredsst\u00e4llelse genom en \u00e5rlig medarbetarenk\u00e4t.<\/p>\n<h3>S\u00e4kerheten p\u00e5verkas av flera faktorer<\/h3>\n<p>S\u00e4kerhet \u00e4r en viktig del av ansvarsfullheten och har en central plats i all v\u00e5r verksamhet. Fr\u00e4mjande och uppr\u00e4tth\u00e5llande av s\u00e4kerheten \u00e4r resultatet av hela personalens samarbete, d\u00e4r fungerande dialog \u00e4r centralt.<\/p>\n<p>S\u00e4kerheten f\u00f6r FinnHEMS flygverksamhet \u00f6vervakas av transport- och kommunikationsverket Traficom och Europeiska unionens byr\u00e5 f\u00f6r luftfartss\u00e4kerhet EASA. Vi har satt v\u00e5ra egna kvalitets- och s\u00e4kerhetsstandarder h\u00f6gre \u00e4n kravniv\u00e5n enligt lagarna och f\u00f6reskrifterna.<\/p>\n<p>En god rapporteringskultur m\u00f6jligg\u00f6r effektiv och proaktiv riskminimering och hotbek\u00e4mpning. Vi str\u00e4var aktivt efter att s\u00e4nka tr\u00f6skeln f\u00f6r personalen att rapportera observationer f\u00f6r att \u00f6ka insamlingen av s\u00e4kerhetsinformation.<\/p>\n        <\/div>\r\n\r\n        \r\n        <div class=\"col-12 p-5 tab-pane fade\" id=\"tab-3\" role=\"tabpanel\" aria-labelledby=\"link-1\">\r\n            <p>Ansvarsfullhet har \u00e4r en integrerad del av bel\u00f6ningssystemet, och indikatorer och referensv\u00e4rden f\u00f6r uppfyllandet av h\u00e5llbarhetsm\u00e5len har definierats. Bolagets styrelse \u00f6vervakar ansvarsfull ledning av verksamheten. Ekonomiskt ansvar inneb\u00e4r f\u00f6r oss ansvarsfull och noggrann ekonomisk f\u00f6rvaltning av verksamhet som finansieras med offentliga medel.<\/p>\n<h3>Vi och v\u00e5ra samarbetspartner \u00e4r bundna av etiska verksamhetsprinciper<\/h3>\n<p>Vi har f\u00f6rbundit oss till h\u00e5llbar utveckling och etisk verksamhet i enlighet med v\u00e5ra ansvarsprinciper. I v\u00e5ra upphandlingar f\u00f6ruts\u00e4tter vi att tj\u00e4nsteproducenterna, leverant\u00f6rerna och v\u00e5ra \u00f6vriga samarbetspartner f\u00f6rbinder sig till samma m\u00e5l samt att de f\u00f6ljer v\u00e5ra dokumenterade etiska handlingsprinciper (Supplier Code of Conduct).<\/p>\n<p>Vi har en \u00f6ppen anm\u00e4lningskanal d\u00e4r man anonymt kan anm\u00e4la misstankar om oegentligheter. <a href=\"#\">Denna l\u00e4nk leder till anm\u00e4lningskanalen d\u00e4r oegentligheter kan rapporteras.<\/a><\/p>\n<p><em>N\u00e4r man sparat en anm\u00e4lan f\u00e5r man ett l\u00f6senord med vilket man kan f\u00f6lja behandlingen av den inl\u00e4mnade anm\u00e4lan samt svara p\u00e5 eventuella beg\u00e4randen om ytterligare information fr\u00e5n det oberoende behandlingsteamet.<\/em><\/p>\n<p><em>Anm\u00e4laren f\u00e5r ocks\u00e5 ett svar om de \u00e5tg\u00e4rder som har vidtagits eller planeras att vidtas p\u00e5 grund av anm\u00e4lan. Svaret ges i enlighet med direktivet inom tre m\u00e5nader fr\u00e5n anm\u00e4lans mottagningsmeddelande.<\/em><\/p>\n<p><a href=\"https:\/\/finnhems.fi\/finnhems\/vuosikertomukset\/\">FinnHEMS \u00e5rsber\u00e4ttelser<\/a><\/p>\n        <\/div>\r\n\r\n        \r\n    <\/div>\r\n<\/div>\r\n\r\n\r\n\r\n<\/div>\n\n\r\n<div class=\"container margin-section \">\r\n    <div class=\"row\">\r\n        <div class=\"col-12 p-2 p-md-4 p-xl-5\">\r\n            <h2 class=\"thinDark\">H\u00e5llbarhetsprinciper<\/h2>\n<p>Ansvarsfullheten i v\u00e5r verksamhet syns i de olika delomr\u00e5dena av l\u00e4karhelikopterverksamheten, till exempel patientarbete och flygningar, samt v\u00e5ra k\u00e4rnv\u00e4rden h\u00f6gklassig s\u00e4kerhet och kvalitet. Vi har f\u00f6rbundit oss att leda och utveckla FinnHEMS enligt dessa h\u00e5llbarhetsprinciper.<\/p>\n<h3>V\u00e5ra principer f\u00f6r f\u00f6retagsansvar<\/h3>\n<p>Vi f\u00f6ljer statsr\u00e5dets och den statliga \u00e4garpolitikens h\u00e5llbarhetsprinciper, principerna f\u00f6r god aff\u00e4rssed<\/p>\n<p>och god f\u00f6rvaltning, lagstiftningen och \u00f6vriga \u00e5taganden. F\u00f6retagsansvaret \u00e4r integrerat i v\u00e5r verksamhet och leds m\u00e5linriktat. Vi rapporterar regelbundet om f\u00f6retagsansvaret till \u00e4garen.<\/p>\n<p>M\u00e5let med v\u00e5ra ansvarsprinciper \u00e4r att f\u00f6renhetliga f\u00f6rfaranden som fr\u00e4mjar ansvarsfullhet, utveckla v\u00e5r roll som en samarbetspartner och en ansvarsfull samh\u00e4llsakt\u00f6r, f\u00f6rb\u00e4ttra arbetstillfredsst\u00e4llelsen, hantera anseenderisker och s\u00e4kerst\u00e4lla att FinnHEMS f\u00f6rblir en attraktiv arbetsplats.<\/p>\n<h2 class=\"thinDark\">V\u00e5ra m\u00e5l f\u00f6r h\u00e5llbar utveckling<\/h2>\n<p>V\u00e5rt h\u00e5llbarhetsarbete grundar sig p\u00e5 de sex m\u00e5l i FN:s handlingsplan f\u00f6r h\u00e5llbar utveckling som vi fastst\u00e4llt som de allra viktigaste f\u00f6r oss.<\/p>\n        <\/div>\r\n    <\/div>\r\n<\/div>\n\n\r\n\r\n<div class=\"container slide g-0\">\r\n\r\n    <div class=\"row\">\r\n        <div class=\"col-12\">\r\n\r\n            \r\n            <div class=\"row pb-3 pb-md-4 pb-xl-5 px-3 px-md-4 px-xl-5\"><div class=\"col-6 col-sm-6 col-md-4 col-xl-3 col-xxl mb-4\">                                <img decoding=\"async\" src=\"https:\/\/finnhems.fi\/wp-content\/uploads\/2025\/03\/SDG-SV-03-god-halsa-och-valbefinnande.png\" alt=\"\" class=\"mb-2 mb-md-3 mb-xl-4\" \/>\r\n                            <h4>SDG 3: God h\u00e4lsa och v\u00e4lbefinnande<\/h4>Vi producerar h\u00f6gklassiga och j\u00e4mlika tj\u00e4nster f\u00f6r akutv\u00e5rdspatienter i hela landet, f\u00f6rb\u00e4ttrar v\u00e5r \r\n \r\npersonals v\u00e4lbefinnande och arbetstillfredsst\u00e4llelse och s\u00f6rjer f\u00f6r personalens s\u00e4kerhet.<\/div><div class=\"col-6 col-sm-6 col-md-4 col-xl-3 col-xxl mb-4\">                                <img decoding=\"async\" src=\"https:\/\/finnhems.fi\/wp-content\/uploads\/2025\/03\/SDG-SV-08-anstandiga-arbetsvillkor-och-ekonomisk-tillvaxt.png\" alt=\"\" class=\"mb-2 mb-md-3 mb-xl-4\" \/>\r\n                            <h4>SDG 8: Anst\u00e4ndiga arbetsvillkor och ekonomisk tillv\u00e4xt<\/h4>Vi utf\u00f6r v\u00e5rt specialuppdrag genom att anv\u00e4nda de offentliga medel som anvisats f\u00f6r v\u00e5r verksamhet p\u00e5 ett ansvarsfullt och effektivt s\u00e4tt.<\/div><div class=\"col-6 col-sm-6 col-md-4 col-xl-3 col-xxl mb-4\">                                <img decoding=\"async\" src=\"https:\/\/finnhems.fi\/wp-content\/uploads\/2025\/03\/SDG-SV-09-hallbar-industri-innovationer-och-infrastruktur.png\" alt=\"\" class=\"mb-2 mb-md-3 mb-xl-4\" \/>\r\n                            <h4>SDG 9: H\u00e5llbar industri, innovationer och infrastruktur<\/h4>Vi utvecklar och bygger infrastrukturen f\u00f6r l\u00e4karhelikopterverksamheten \u2013 flyg- och fordonsmateriel \r\n \r\n \u2013 samt fastigheterna i v\u00e5ra baser p\u00e5 ett h\u00e5llbart s\u00e4tt.<\/div><div class=\"col-6 col-sm-6 col-md-4 col-xl-3 col-xxl mb-4\">                                <img decoding=\"async\" src=\"https:\/\/finnhems.fi\/wp-content\/uploads\/2025\/03\/SDG-SV-13-bekampa-klimatforandringarna.png\" alt=\"\" class=\"mb-2 mb-md-3 mb-xl-4\" \/>\r\n                            <h4>SDG 13: Bek\u00e4mpa klimatf\u00f6r\u00e4ndringarna<\/h4>Vi minskar v\u00e5ra utsl\u00e4pp och gynnar f\u00f6rnybara energiformer.<\/div><div class=\"col-6 col-sm-6 col-md-4 col-xl-3 col-xxl mb-4\">                                <img decoding=\"async\" src=\"https:\/\/finnhems.fi\/wp-content\/uploads\/2025\/03\/SDG-SV-16-Sustainable-Development-Goals_icons.png\" alt=\"\" class=\"mb-2 mb-md-3 mb-xl-4\" \/>\r\n                            <h4>SDG 16: Fredliga och inkluderande samh\u00e4llen<\/h4>Vi s\u00e4kerst\u00e4ller och utvecklar god f\u00f6rvaltning och agerar p\u00e5 ett \u00f6ppet och transparent s\u00e4tt.<\/div><div class=\"col-6 col-sm-6 col-md-4 col-xl-3 col-xxl mb-4\">                                <img decoding=\"async\" src=\"https:\/\/finnhems.fi\/wp-content\/uploads\/2025\/03\/SDG-SV-17_genomforande_och_partnerskap-logo.png\" alt=\"\" class=\"mb-2 mb-md-3 mb-xl-4\" \/>\r\n                            <h4>SDG 17: Genomf\u00f6rande och globalt partnerskap<\/h4>Vi utf\u00f6r aktivt samarbete och deltar i branschens utveckling tillsammans med myndigheter och \u00f6vriga intressentgrupper.<\/div><\/div>\r\n        <\/div>\r\n    <\/div>\r\n\r\n<\/div>","protected":false},"excerpt":{"rendered":"<p> [&#8230;]<\/p>\n<p><a class=\"btn btn-secondary understrap-read-more-link\" href=\"https:\/\/finnhems.fi\/sv\/finnhems\/hallbarhet-och-ansvarsfullhet\/\">L\u00e4s mer \u2026<span class=\"screen-reader-text\"> from H\u00e5llbarhet och ansvarsfullhet<\/span><\/a><\/p>\n","protected":false},"author":2,"featured_media":0,"parent":5666,"menu_order":2,"comment_status":"closed","ping_status":"closed","template":"page-templates\/no-title.php","meta":{"_acf_changed":false,"footnotes":""},"class_list":["post-5664","page","type-page","status-publish","hentry"],"acf":[],"_links":{"self":[{"href":"https:\/\/finnhems.fi\/sv\/wp-json\/wp\/v2\/pages\/5664","targetHints":{"allow":["GET"]}}],"collection":[{"href":"https:\/\/finnhems.fi\/sv\/wp-json\/wp\/v2\/pages"}],"about":[{"href":"https:\/\/finnhems.fi\/sv\/wp-json\/wp\/v2\/types\/page"}],"author":[{"embeddable":true,"href":"https:\/\/finnhems.fi\/sv\/wp-json\/wp\/v2\/users\/2"}],"replies":[{"embeddable":true,"href":"https:\/\/finnhems.fi\/sv\/wp-json\/wp\/v2\/comments?post=5664"}],"version-history":[{"count":4,"href":"https:\/\/finnhems.fi\/sv\/wp-json\/wp\/v2\/pages\/5664\/revisions"}],"predecessor-version":[{"id":8247,"href":"https:\/\/finnhems.fi\/sv\/wp-json\/wp\/v2\/pages\/5664\/revisions\/8247"}],"up":[{"embeddable":true,"href":"https:\/\/finnhems.fi\/sv\/wp-json\/wp\/v2\/pages\/5666"}],"wp:attachment":[{"href":"https:\/\/finnhems.fi\/sv\/wp-json\/wp\/v2\/media?parent=5664"}],"curies":[{"name":"wp","href":"https:\/\/api.w.org\/{rel}","templated":true}]}}