{"id":5666,"date":"2024-10-25T09:04:57","date_gmt":"2024-10-25T07:04:57","guid":{"rendered":"https:\/\/finnhems.fi\/finnhems\/"},"modified":"2025-03-11T07:12:35","modified_gmt":"2025-03-11T07:12:35","slug":"finnhems","status":"publish","type":"page","link":"https:\/\/finnhems.fi\/sv\/finnhems\/","title":{"rendered":"FinnHEMS"},"content":{"rendered":"\r\n<div class=\"px-2 px-md-0\">\r\n    <div class=\"hero square \" style=\"background-image:url(https:\/\/finnhems.fi\/wp-content\/uploads\/2024\/10\/finnhems-hero-mika-on-finnhems.jpg);\" data-aos=\"fade-in\">\r\n\r\n        <div class=\"d-md-flex align-items-center  justify-content-start\">\r\n            <div class=\"position-relative col-12 col-lg-6 d-none d-lg-block overlay-desktop order-first \" style=\"\">\r\n                                    <div class=\"p-4 p-xl-5 position-absolute top-50 start-25 translate-x25y50\" data-aos=\"fade-in\" data-aos-anchor-placement=\"top-bottom\">\r\n                        <h1 class=\"mb-3\" data-aos=\"fade-up\" data-aos-delay=\"50\" data-aos-anchor-placement=\"top-bottom\">FinnHEMS erbjuder l\u00e4karhelikoptertj\u00e4nst i hela Finland<\/h1>                        <div class=\"subHeader\" data-aos=\"fade-up\" data-aos-delay=\"150\">\r\n                            L\u00e4karhelikopterverksamheten \u00e4r en del av medborgarnas skyddsn\u00e4t.                        <\/div>\r\n                                            <\/div>\r\n                            <\/div>\r\n            <div class=\"position-relative col-12 col-lg-6 d-block overlay-desktop-right order-last \">\r\n            <\/div>\r\n        <\/div>\r\n    <\/div>\r\n<\/div>\r\n\r\n<div class=\"position-relative col-12 col-lg-6 d-block d-lg-none overlay-mobile\" style=\"\">\r\n            <div class=\"pt-3 pb-3 pb-md-1 px-2\">\r\n            <h1 class=\"fw-bold hyphenated\">FinnHEMS erbjuder l\u00e4karhelikoptertj\u00e4nst i hela Finland<\/h1>            <div class=\"subHeader fw-bold hyphenated\">\r\n                L\u00e4karhelikopterverksamheten \u00e4r en del av medborgarnas skyddsn\u00e4t.            <\/div>\r\n                    <\/div>\r\n    <\/div>\r\n\r\n<div class=\"container content\">\r\n\r\n    <div class=\"row d-md-flex align-items-stretch\">\r\n        <div class=\"col-12 col-md-12 col-lg-6 py-4 px-0 py-md-4 px-md-4 p-xl-5 square  large-text  dark\" style=\"position: relative;\">\r\n            <!-- <div class=\"image-overlay\" style=\"z-index: 0;\"><\/div> -->\r\n            <div class=\"px-2 px-md-4 px-xl-5\" style=\"position: relative;\">\r\n                                <div data-aos=\"fade-up\" data-aos-delay=\"50\">\r\n                    <p>FinnHEMS \u00e4r ett statligt bolag med specialuppgifter som grundades \u00e5r 2010. FinnHEMS uppgift \u00e4r att ansvara f\u00f6r och producera<br \/>\nriksomfattande l\u00e4karhelikoptertj\u00e4nst tillsammans med v\u00e4lf\u00e4rdsomr\u00e5dena och HUS-sammanslutningen. FinnHEMS \u00e4r ett icke-vinstdrivande bolag vars verksamhet finansieras med statligt st\u00f6d fr\u00e5n statens budget. \u00c5r 2024 beviljades FinnHEMS 44,7 miljoner euro i statligt underst\u00f6d. <\/p>\n<h3>I beredskap 24\/7<\/h3>\n<p>Vi opererar nationellt fr\u00e5n sju baser. V\u00e5rt dotterbolag FinnHEMS Lentopalvelut Oy ansvarar f\u00f6r flygverksamheten. Helikoptrarna och den jourhavande bes\u00e4ttningen \u00e4r i omedelbar startberedskap dygnet runt. FinnHEMS tillhandah\u00e5ller den flygande bes\u00e4ttningen, helikoptrarna, utryckningsfordonen samt baserna.<\/p>\n                <\/div>\r\n                            <\/div>\r\n        <\/div>\r\n\r\n                    <div class=\"px-2 px-md-0 pt-3 pt-md-0 col-12 col-md-12 col-lg-6 align-self-stretch content__image  order-last order-md-first\" style=\"position: relative;\" data-aos=\"fade-up\" data-aos-delay=\"100\">\r\n                <div class=\"h-100\" style=\"background-image:url(https:\/\/finnhems.fi\/wp-content\/uploads\/2025\/02\/Finnhems-mika-finnhems-on.jpg); background-size: cover; background-repeat: no-repeat; background-position: center center;\"><\/div>\r\n                <div class=\"image-overlay\"><\/div>\r\n            <\/div>\r\n                    <\/div>\r\n\r\n<\/div>\r\n<div class=\"container content\">\r\n\r\n    <div class=\"row d-md-flex align-items-stretch\">\r\n        <div class=\"col-12 col-md-12 col-lg-6 py-4 px-0 py-md-4 px-md-4 p-xl-5 square  large-text  light\" style=\"position: relative;\">\r\n            <!-- <div class=\"image-overlay\" style=\"z-index: 0;\"><\/div> -->\r\n            <div class=\"px-2 px-md-4 px-xl-5\" style=\"position: relative;\">\r\n                <h2 class=\"mb-3 mb-md-4 mb-xl-5\" data-aos=\"fade-up\">FinnHEMS som en del av <br>akutv\u00e5rdskedjan<\/h2>                <div data-aos=\"fade-up\" data-aos-delay=\"50\">\r\n                    <p>L\u00e4karhelikopterverksamhetens viktigaste uppgift \u00e4r att som en del av akutv\u00e5rdskedjan erbjuda h\u00f6gkvalitativa akutv\u00e5rdstj\u00e4nster i pl\u00f6tsliga och livshotande situationer. Tack vare den omfattande r\u00e4ckvidden och snabba reaktionsf\u00f6rm\u00e5gan \u00e4r medborgarna i en s\u00e5 j\u00e4mlik st\u00e4llning som m\u00f6jligt som mottagare av akutl\u00e4kartj\u00e4nster. Helikoptrarna och den jourhavande bes\u00e4ttningen \u00e4r i omedelbar startberedskap dygnet runt. Helikopterbes\u00e4ttningen best\u00e5r oftast av en akutl\u00e4kare, en HEMS-akutv\u00e5rdare eller en HEMS-r\u00e4ddare och en pilot.<\/p>\n                <\/div>\r\n                            <\/div>\r\n        <\/div>\r\n\r\n                    <div class=\"px-2 px-md-0 pt-3 pt-md-0 col-12 col-md-12 col-lg-6 align-self-stretch content__image  \" style=\"position: relative;\" data-aos=\"fade-up\" data-aos-delay=\"100\">\r\n                <div class=\"h-100\" style=\"background-image:url(https:\/\/finnhems.fi\/wp-content\/uploads\/2024\/10\/finnhems-ensihoitoketju.jpg); background-size: cover; background-repeat: no-repeat; background-position: center center;\"><\/div>\r\n                <div class=\"image-overlay\"><\/div>\r\n            <\/div>\r\n                    <\/div>\r\n\r\n<\/div>\r\n<div class=\"container content\">\r\n\r\n    <div class=\"row d-md-flex align-items-stretch\">\r\n        <div class=\"col-12 col-md-12 col-lg-6 py-4 px-0 py-md-4 px-md-4 p-xl-5 square  large-text  light\" style=\"position: relative;\">\r\n            <!-- <div class=\"image-overlay\" style=\"z-index: 0;\"><\/div> -->\r\n            <div class=\"px-2 px-md-4 px-xl-5\" style=\"position: relative;\">\r\n                                <div data-aos=\"fade-up\" data-aos-delay=\"50\">\r\n                    <h2 class=\"mb-5\">V\u00e5rden f\u00f6rs snabbt till patienten<\/h2>\n<p>L\u00e4kar- och l\u00e4karhelikopterenheterna f\u00e5r oftast sina larm via n\u00f6dcentralen utg\u00e5ende fr\u00e5n medborgarnas n\u00f6dsamtal. Helikoptrarnas prim\u00e4ra uppgift \u00e4r att f\u00f6ra v\u00e5rden s\u00e5 snabbt som m\u00f6jligt till patienten. Verksamheten har ocks\u00e5 b\u00f6rjat riktas mer och mer mot patienttransporter med helikopter. Flera patientgrupper kan dra nytta av helikoptertransport i st\u00f6rre utstr\u00e4ckning \u00e4n tidigare, och verksamhetens effektivitet f\u00f6rb\u00e4ttras.<\/p>\n                <\/div>\r\n                            <\/div>\r\n        <\/div>\r\n\r\n                            <div class=\"col-12 col-md-12 col-lg-6 px-2 p-0 px-md-0 square order-last order-md-first  light\" data-aos=\"fade-up\" data-aos-delay=\"100\">\r\n                <div class=\"\" style=\"position: relative; height: 100%; align-content: center;\">\r\n                    <div class=\"py-4 py-xl-5 px-3 px-md-4 px-xl-5\" style=\"position: relative; z-index: 10;\">\r\n                                                <blockquote><p>HEMS \u00e4r en internationellt k\u00e4nd f\u00f6rkortning av de engelska orden Helicopter\u00a0Emergency\u00a0Medical\u00a0Services, br\u00e5dskande l\u00e4karhelikopterverksamhet<\/p><\/blockquote>\n                                            <\/div>\r\n                    <div class=\"image-overlay\" style=\"z-index: 1;\"><\/div>\r\n                <\/div>\r\n            <\/div>\r\n            <\/div>\r\n\r\n<\/div>","protected":false},"excerpt":{"rendered":"<p> [&#8230;]<\/p>\n<p><a class=\"btn btn-secondary understrap-read-more-link\" href=\"https:\/\/finnhems.fi\/sv\/finnhems\/\">L\u00e4s mer \u2026<span class=\"screen-reader-text\"> from FinnHEMS<\/span><\/a><\/p>\n","protected":false},"author":1,"featured_media":0,"parent":0,"menu_order":2,"comment_status":"closed","ping_status":"closed","template":"page-templates\/no-title.php","meta":{"_acf_changed":false,"footnotes":""},"class_list":["post-5666","page","type-page","status-publish","hentry"],"acf":[],"_links":{"self":[{"href":"https:\/\/finnhems.fi\/sv\/wp-json\/wp\/v2\/pages\/5666","targetHints":{"allow":["GET"]}}],"collection":[{"href":"https:\/\/finnhems.fi\/sv\/wp-json\/wp\/v2\/pages"}],"about":[{"href":"https:\/\/finnhems.fi\/sv\/wp-json\/wp\/v2\/types\/page"}],"author":[{"embeddable":true,"href":"https:\/\/finnhems.fi\/sv\/wp-json\/wp\/v2\/users\/1"}],"replies":[{"embeddable":true,"href":"https:\/\/finnhems.fi\/sv\/wp-json\/wp\/v2\/comments?post=5666"}],"version-history":[{"count":1,"href":"https:\/\/finnhems.fi\/sv\/wp-json\/wp\/v2\/pages\/5666\/revisions"}],"predecessor-version":[{"id":5667,"href":"https:\/\/finnhems.fi\/sv\/wp-json\/wp\/v2\/pages\/5666\/revisions\/5667"}],"wp:attachment":[{"href":"https:\/\/finnhems.fi\/sv\/wp-json\/wp\/v2\/media?parent=5666"}],"curies":[{"name":"wp","href":"https:\/\/api.w.org\/{rel}","templated":true}]}}