{"id":5670,"date":"2024-10-21T08:18:17","date_gmt":"2024-10-21T08:18:17","guid":{"rendered":"https:\/\/finnhems.fi\/finnhems\/ledning-och-forvaltning\/"},"modified":"2025-04-09T08:42:32","modified_gmt":"2025-04-09T08:42:32","slug":"ledning-och-forvaltning","status":"publish","type":"page","link":"https:\/\/finnhems.fi\/sv\/finnhems\/ledning-och-forvaltning\/","title":{"rendered":"Ledning och f\u00f6rvaltning"},"content":{"rendered":"\r\n<div class=\"px-2 px-md-0\">\r\n    <div class=\"hero  nonsquare\" style=\"background-image:url(https:\/\/finnhems.fi\/wp-content\/uploads\/2024\/10\/finnhems_hero_johto_ja_hallinnointi.jpg);\" data-aos=\"fade-in\">\r\n\r\n        <div class=\"d-md-flex align-items-center justify-content-end \">\r\n            <div class=\"position-relative col-12 col-lg-6 d-none d-lg-block overlay-desktop order-first  no_image_effect \" style=\"\">\r\n                                    <div class=\"p-4 p-xl-5 position-absolute top-50 start-25 translate-x25y50\" data-aos=\"fade-in\" data-aos-anchor-placement=\"top-bottom\">\r\n                        <h1 class=\"mb-3\" data-aos=\"fade-up\" data-aos-delay=\"50\" data-aos-anchor-placement=\"top-bottom\">Ledning och f\u00f6rvaltning<\/h1>                        <div class=\"subHeader\" data-aos=\"fade-up\" data-aos-delay=\"150\">\r\n                            FinnHEMS \u00e4r ett statligt bolag med specialuppgifter. F\u00f6r \u00e4garstyrningen ansvarar social- och h\u00e4lsov\u00e5rdsministeriet.                        <\/div>\r\n                                            <\/div>\r\n                            <\/div>\r\n            <div class=\"position-relative col-12 col-lg-6 d-block overlay-desktop-right order-last  no_image_effect \">\r\n            <\/div>\r\n        <\/div>\r\n    <\/div>\r\n<\/div>\r\n\r\n<div class=\"position-relative col-12 col-lg-6 d-block d-lg-none overlay-mobile\" style=\"\">\r\n            <div class=\"pt-3 pb-3 pb-md-1 px-2\">\r\n            <h1 class=\"fw-bold hyphenated\">Ledning och f\u00f6rvaltning<\/h1>            <div class=\"subHeader fw-bold hyphenated\">\r\n                FinnHEMS \u00e4r ett statligt bolag med specialuppgifter. F\u00f6r \u00e4garstyrningen ansvarar social- och h\u00e4lsov\u00e5rdsministeriet.            <\/div>\r\n                    <\/div>\r\n    <\/div>\r\n\n\n\r\n<div class=\"container content\">\r\n\r\n    <div class=\"row d-md-flex align-items-stretch\">\r\n        <div class=\"col-12 col-md-12 col-lg-6 py-4 px-0 py-md-4 px-md-4 p-xl-5 square  dark\" style=\"position: relative;\">\r\n            <!-- <div class=\"image-overlay\" style=\"z-index: 0;\"><\/div> -->\r\n            <div class=\"px-2 px-md-4 px-xl-5\" style=\"position: relative;\">\r\n                <h2 class=\"mb-3 mb-md-4 mb-xl-5 boldGreen \" data-aos=\"fade-up\">Ledning<\/h2>                <div data-aos=\"fade-up\" data-aos-delay=\"50\">\r\n                    <p>Ledningsgruppens uppgift \u00e4r att delta i beredningen av strategiska \u00e4renden, koordineringen av verksamheten, beredningen och genomf\u00f6randet av betydande eller principiella operativa \u00e4renden samt s\u00e4kerst\u00e4llandet av det interna samarbetet och informationsutbytet.<\/p>\n<ul>\n<li><strong>Jari Huhtinen<\/strong>, vd, tfn +358 40 720 9921<\/li>\n<li><strong>Niina Immonen<\/strong>, direkt\u00f6r, enheten f\u00f6r personal och HEMS-operationer<\/li>\n<li><strong>Kimmo Lind<\/strong>, kvalitets- och s\u00e4kerhetsdirekt\u00f6r<\/li>\n<li><strong>Jari Lipponen<\/strong>, IT-direkt\u00f6r<\/li>\n<li><strong>Tiina Koutajoki<\/strong>, kommunikationsdirekt\u00f6r, tfn +358 400 415\u00a0635<\/li>\n<li><strong>Jari Multanen<\/strong>, direkt\u00f6r f\u00f6r flygverksamheten, tfn +358 40735 1353<\/li>\n<li><strong>Ari Pellinen<\/strong>, utvecklingsdirekt\u00f6r<\/li>\n<li><strong>Kimmo Pendolin<\/strong>, fastighetsdirekt\u00f6r<\/li>\n<li><strong>Anne Tapper<\/strong>, ekonomidirekt\u00f6r<\/li>\n<\/ul>\n<p>Personalens e-postadresser har formen fornamn.efternamn@finnhems.fi<\/p>\n                <\/div>\r\n                            <\/div>\r\n        <\/div>\r\n\r\n                            <div class=\"col-12 col-md-12 col-lg-6 px-2 p-0 px-md-0 square order-last order-md-first  large-text  dark\" data-aos=\"fade-up\" data-aos-delay=\"100\">\r\n                <div class=\"\" style=\"position: relative; height: 100%; align-content: center;\">\r\n                    <div class=\"py-4 py-xl-5 px-3 px-md-4 px-xl-5\" style=\"position: relative; z-index: 10;\">\r\n                                                <p>FinnHEMS \u00e4r ett icke-vinstdrivande, allm\u00e4nnyttigt bolag vars verksamhet finansieras med statligt st\u00f6d fr\u00e5n statsbudgeten. \u00c5r 2024 beviljades omkring 44,7 miljoner euro i statsunderst\u00f6d f\u00f6r FinnHEMS verksamhet och finansiering av investeringar.<\/p>\n<p>Bolagets styrelse och verkst\u00e4llande direkt\u00f6r ansvarar f\u00f6r FinnHEMS f\u00f6rvaltning. Vd \u00e4r <strong>Jari Huhtinen<\/strong>.<\/p>\n<h3>FinnHEMS styrelse<\/h3>\n<ul>\n<li><strong>Heikki Allonen<\/strong>, styrelseordf\u00f6rande, diplomingenj\u00f6r<\/li>\n<li><strong>Riku Aho<\/strong>, diplomingenj\u00f6r<\/li>\n<li><strong>Ulla Hagman<\/strong>, ekonomie magister<\/li>\n<li><strong>Janne Simula<\/strong>, viceh\u00e4radsh\u00f6vding<\/li>\n<li><strong>Sirpa Rainesalo<\/strong>, medicine doktor, eMBA<\/li>\n<\/ul>\n                                            <\/div>\r\n                    <div class=\"image-overlay\" style=\"z-index: 1;\"><\/div>\r\n                <\/div>\r\n            <\/div>\r\n            <\/div>\r\n\r\n<\/div>\n\n\r\n<div class=\"container content\">\r\n\r\n    <div class=\"row d-md-flex align-items-stretch\">\r\n        <div class=\"col-12 col-md-12 col-lg-6 py-4 px-0 py-md-4 px-md-4 p-xl-5 square  dark\" style=\"position: relative;\">\r\n            <!-- <div class=\"image-overlay\" style=\"z-index: 0;\"><\/div> -->\r\n            <div class=\"px-2 px-md-4 px-xl-5\" style=\"position: relative;\">\r\n                <h2 class=\"mb-3 mb-md-4 mb-xl-5 boldGreen \" data-aos=\"fade-up\">Organisation av flygverksamheten<\/h2>                <div data-aos=\"fade-up\" data-aos-delay=\"50\">\r\n                    <p>FinnHEMS dotterbolag FinnHEMS Lentopalvelut Oy ansvarar f\u00f6r flygverksamheten. Den ansvariga organisationen f\u00f6r flygverksamheten ansvarar f\u00f6r ledningen av den operativa flygverksamheten och den kontinuerliga utbildningsverksamheten f\u00f6r att uppr\u00e4tth\u00e5lla den flygande bes\u00e4ttningens kompetens och fr\u00e4mja s\u00e4ker luftfart.<\/p>\n<p><a class=\"btn btn-dark btnFinnHEMS\" href=\"https:\/\/finnhems.fi\/sv\/flygverksamhet\/\">Flygverksamhet<\/a><\/p>\n                <\/div>\r\n                            <\/div>\r\n        <\/div>\r\n\r\n                    <div class=\"px-2 px-md-0 pt-3 pt-md-0 col-12 col-md-12 col-lg-6 align-self-stretch content__image  \" style=\"position: relative;\" data-aos=\"fade-up\" data-aos-delay=\"100\">\r\n                <div class=\"h-100\" style=\"background-image:url(https:\/\/finnhems.fi\/wp-content\/uploads\/2025\/03\/johto-ja-hallinnointi.jpg); background-size: cover; background-repeat: no-repeat; background-position: center center;\"><\/div>\r\n                <div class=\"image-overlay\"><\/div>\r\n            <\/div>\r\n                    <\/div>\r\n\r\n<\/div>\n\n\r\n<div class=\"container content\">\r\n\r\n    <div class=\"row d-md-flex align-items-stretch\">\r\n        <div class=\"col-12 col-md-12 col-lg-6 py-4 px-0 py-md-4 px-md-4 p-xl-5 square  light\" style=\"position: relative;\">\r\n            <!-- <div class=\"image-overlay\" style=\"z-index: 0;\"><\/div> -->\r\n            <div class=\"px-2 px-md-4 px-xl-5\" style=\"position: relative;\">\r\n                <h2 class=\"mb-3 mb-md-4 mb-xl-5 boldGreen \" data-aos=\"fade-up\">Styrgrupp<\/h2>                <div data-aos=\"fade-up\" data-aos-delay=\"50\">\r\n                    <p>Styrgruppen f\u00f6r l\u00e4karhelikopterverksamheten f\u00f6r fram perspektivet p\u00e5 den prehospitala akutv\u00e5rden till f\u00f6rvaltningen. V\u00e4lf\u00e4rdsomr\u00e5dena med ett universitetssjukhus och HUS-sammanslutningen utser sina representanter till styrgruppen. Gruppen kompletteras \u00e5tminstone med representanter f\u00f6r bolaget och social- och h\u00e4lsov\u00e5rdsministeriet.<\/p>\n<ul>\n<li><strong>Ordf\u00f6rande Markku Kuisma<\/strong>, HUS<\/li>\n<li><strong>Timo Iirola<\/strong>, Egentliga Finlands v\u00e4lf\u00e4rdsomr\u00e5de<\/li>\n<li><strong>Tom Silfvast<\/strong>, HUS<\/li>\n<li><strong>Sanna Hoppu<\/strong>, Birkalands v\u00e4lf\u00e4rdsomr\u00e5de<\/li>\n<li><strong>Mirja Annala<\/strong>, Norra \u00d6sterbottens v\u00e4lf\u00e4rdsomr\u00e5de<\/li>\n<li><strong>Marko Hoikka<\/strong>, Norra Savolax v\u00e4lf\u00e4rdsomr\u00e5de<\/li>\n<li><strong>Lasse Ilkka<\/strong>, SHM<\/li>\n<li><strong>Ari Ekstrand<\/strong>, N\u00f6dcentralsverket<\/li>\n<li><strong>Jari Huhtinen<\/strong>, FinnHEMS<\/li>\n<li><strong>Jouni Nurmi<\/strong>, FinnHEMS<\/li>\n<li><strong>Niina Immonen<\/strong>, FinnHEMS<\/li>\n<\/ul>\n                <\/div>\r\n                            <\/div>\r\n        <\/div>\r\n\r\n                    <div class=\"px-2 px-md-0 pt-3 pt-md-0 col-12 col-md-12 col-lg-6 align-self-stretch content__image  order-last order-md-first\" style=\"position: relative;\" data-aos=\"fade-up\" data-aos-delay=\"100\">\r\n                <div class=\"h-100\" style=\"background-image:url(https:\/\/finnhems.fi\/wp-content\/uploads\/2024\/10\/finnhems-lentotoimintaorganisaatio-1.jpg); background-size: cover; background-repeat: no-repeat; background-position: center center;\"><\/div>\r\n                <div class=\"image-overlay\"><\/div>\r\n            <\/div>\r\n                    <\/div>\r\n\r\n<\/div>","protected":false},"excerpt":{"rendered":"<p> [&#8230;]<\/p>\n<p><a class=\"btn btn-secondary understrap-read-more-link\" href=\"https:\/\/finnhems.fi\/sv\/finnhems\/ledning-och-forvaltning\/\">L\u00e4s mer \u2026<span class=\"screen-reader-text\"> from Ledning och f\u00f6rvaltning<\/span><\/a><\/p>\n","protected":false},"author":1,"featured_media":0,"parent":5666,"menu_order":1,"comment_status":"closed","ping_status":"closed","template":"page-templates\/no-title.php","meta":{"_acf_changed":false,"footnotes":""},"class_list":["post-5670","page","type-page","status-publish","hentry"],"acf":[],"_links":{"self":[{"href":"https:\/\/finnhems.fi\/sv\/wp-json\/wp\/v2\/pages\/5670","targetHints":{"allow":["GET"]}}],"collection":[{"href":"https:\/\/finnhems.fi\/sv\/wp-json\/wp\/v2\/pages"}],"about":[{"href":"https:\/\/finnhems.fi\/sv\/wp-json\/wp\/v2\/types\/page"}],"author":[{"embeddable":true,"href":"https:\/\/finnhems.fi\/sv\/wp-json\/wp\/v2\/users\/1"}],"replies":[{"embeddable":true,"href":"https:\/\/finnhems.fi\/sv\/wp-json\/wp\/v2\/comments?post=5670"}],"version-history":[{"count":4,"href":"https:\/\/finnhems.fi\/sv\/wp-json\/wp\/v2\/pages\/5670\/revisions"}],"predecessor-version":[{"id":8359,"href":"https:\/\/finnhems.fi\/sv\/wp-json\/wp\/v2\/pages\/5670\/revisions\/8359"}],"up":[{"embeddable":true,"href":"https:\/\/finnhems.fi\/sv\/wp-json\/wp\/v2\/pages\/5666"}],"wp:attachment":[{"href":"https:\/\/finnhems.fi\/sv\/wp-json\/wp\/v2\/media?parent=5670"}],"curies":[{"name":"wp","href":"https:\/\/api.w.org\/{rel}","templated":true}]}}