{"id":5672,"date":"2024-10-18T08:46:48","date_gmt":"2024-10-18T08:46:48","guid":{"rendered":"https:\/\/finnhems.fi\/for-medier\/"},"modified":"2025-06-18T05:52:21","modified_gmt":"2025-06-18T05:52:21","slug":"for-medier","status":"publish","type":"page","link":"https:\/\/finnhems.fi\/sv\/for-medier\/","title":{"rendered":"F\u00f6r medier"},"content":{"rendered":"\r\n<div class=\"px-2 px-md-0\">\r\n    <div class=\"hero  nonsquare\" style=\"background-image:url(https:\/\/finnhems.fi\/wp-content\/uploads\/2025\/01\/finnhems-hero-medialle-retouch-scaled.jpg);\" data-aos=\"fade-in\">\r\n\r\n        <div class=\"d-md-flex align-items-center justify-content-end \">\r\n            <div class=\"position-relative col-12 col-lg-6 d-none d-lg-block overlay-desktop order-first  no_image_effect \" style=\"\">\r\n                                    <div class=\"p-4 p-xl-5 position-absolute top-50 start-25 translate-x25y50\" data-aos=\"fade-in\" data-aos-anchor-placement=\"top-bottom\">\r\n                        <h1 class=\"mb-3\" data-aos=\"fade-up\" data-aos-delay=\"50\" data-aos-anchor-placement=\"top-bottom\">F\u00f6r medier<\/h1>                        <div class=\"subHeader\" data-aos=\"fade-up\" data-aos-delay=\"150\">\r\n                            FinnHEMS kommunikation hj\u00e4lper medier med alla fr\u00e5gor som r\u00f6r bolaget och l\u00e4karhelikopterverksamheten.                        <\/div>\r\n                                            <\/div>\r\n                            <\/div>\r\n            <div class=\"position-relative col-12 col-lg-6 d-block overlay-desktop-right order-last  no_image_effect \">\r\n            <\/div>\r\n        <\/div>\r\n    <\/div>\r\n<\/div>\r\n\r\n<div class=\"position-relative col-12 col-lg-6 d-block d-lg-none overlay-mobile\" style=\"\">\r\n            <div class=\"pt-3 pb-3 pb-md-1 px-2\">\r\n            <h1 class=\"fw-bold hyphenated\">F\u00f6r medier<\/h1>            <div class=\"subHeader fw-bold hyphenated\">\r\n                FinnHEMS kommunikation hj\u00e4lper medier med alla fr\u00e5gor som r\u00f6r bolaget och l\u00e4karhelikopterverksamheten.            <\/div>\r\n                    <\/div>\r\n    <\/div>\r\n\n\n\r\n<script>\r\n    jQuery( document ).ready(function() {\r\n        jQuery(\".btn.btn-dark.btnFinnHEMS\").click(function() {\r\n            jQuery([document.documentElement, document.body]).animate({\r\n                scrollTop: jQuery(\"#tabContents\").offset().top\r\n            }, 500);\r\n        });\r\n    });\r\n<\/script>\r\n\r\n\r\n<div class=\"container columns\">\r\n\r\n    <div class=\"row\" role=\"tablist\">\r\n\r\n        \r\n        <div class=\"shaded col-12 col-md p-3 p-md-4 p-lg-5 columnshade1\"  data-aos=\"fade-up\" data-aos-delay=\"0\">\r\n            <div class=\"d-flex flex-column h-100\">\r\n                <div class=\"flex-shrink-1\">\r\n                    <h2 class=\" thinDark \">Bes\u00f6k<\/h2>                <\/div>\r\n                <div class=\"flex-grow-1\">\r\n                    <p>Om du vill bes\u00f6ka basen som en medierepresentant, v\u00e4nligen kontakta kommunikationsdirekt\u00f6ren. Baserna ska vara beredda f\u00f6r jourverksamhet, varf\u00f6r bes\u00f6k alltid beh\u00f6ver planeras p\u00e5 f\u00f6rhand. Baserna tar inte emot ov\u00e4ntade bes\u00f6kare.<\/p>\n                <\/div>\r\n\r\n                <div class=\"flex-shrink-1\">\r\n                                                        <\/div>\r\n            <\/div>\r\n        <\/div>\r\n\r\n        \r\n        <div class=\"shaded col-12 col-md p-3 p-md-4 p-lg-5 columnshade2\"  data-aos=\"fade-up\" data-aos-delay=\"100\">\r\n            <div class=\"d-flex flex-column h-100\">\r\n                <div class=\"flex-shrink-1\">\r\n                    <h2 class=\" thinDark \">Kontakta oss<\/h2>                <\/div>\r\n                <div class=\"flex-grow-1\">\r\n                    <p>Tiina Koutajoki<br \/>\nKommunikationsdirekt\u00f6r<br \/>\n<a href=\"mailto:tiina.koutajoki@finnhems.fi\">tiina.koutajoki@finnhems.fi<\/a><br \/>\ntfn <a href=\"tel:0400415635\">0400 415 635<\/a> <\/p>\n<p><strong>Sociala medier<\/strong><br \/>\nF\u00f6lj FinnHEMS p\u00e5 <a href=\"https:\/\/twitter.com\/finnhems\" target=\"_blank\" rel=\"noopener\">X<\/a>, <a href=\"https:\/\/www.instagram.com\/finnhems\/\" target=\"_blank\" rel=\"noopener\">Instagram<\/a>,\u00a0<a href=\"https:\/\/www.facebook.com\/laakarihelikopteri\/\" target=\"_blank\" rel=\"noopener\">Facebook<\/a> och <a href=\"https:\/\/www.linkedin.com\/company\/finnhems\/\" target=\"_blank\" rel=\"noopener\">LinkedIn<\/a>.<\/p>\n                <\/div>\r\n\r\n                <div class=\"flex-shrink-1\">\r\n                                                        <\/div>\r\n            <\/div>\r\n        <\/div>\r\n\r\n        \r\n        <div class=\"shaded col-12 col-md p-3 p-md-4 p-lg-5 columnshade3\"  data-aos=\"fade-up\" data-aos-delay=\"200\">\r\n            <div class=\"d-flex flex-column h-100\">\r\n                <div class=\"flex-shrink-1\">\r\n                    <h2 class=\" thinDark \">Bildbank<\/h2>                <\/div>\r\n                <div class=\"flex-grow-1\">\r\n                    <p>Bilderna \u00e4r avsedda f\u00f6r att anv\u00e4ndas av medier och f\u00e5r inte publiceras, redigeras eller spridas f\u00f6r kommersiella \u00e4ndam\u00e5l utan tillst\u00e5nd. Om inget annat anges i samband med bilden \u00e4ger FinnHEMS r\u00e4ttigheterna till bilderna. Vid anv\u00e4ndning av bilderna ska man n\u00e4mna FinnHEMS Oy som k\u00e4lla.<\/p>\n<p><a class=\"btn btn-dark btnFinnHEMS\" href=\"kuvapankki\/\">Till bildbanken (p\u00e5 finska)<\/a><\/p>\n                <\/div>\r\n\r\n                <div class=\"flex-shrink-1\">\r\n                                                        <\/div>\r\n            <\/div>\r\n        <\/div>\r\n\r\n        \r\n    <\/div>\r\n\r\n\r\n\r\n<div class=\"row\">\r\n    <div class=\"tab-content\" id=\"tabContents\">\r\n\r\n        \r\n        <div class=\"col-12 p-5 tab-pane fade\" id=\"tab-1\" role=\"tabpanel\" aria-labelledby=\"link-1\">\r\n                    <\/div>\r\n\r\n        \r\n        <div class=\"col-12 p-5 tab-pane fade\" id=\"tab-2\" role=\"tabpanel\" aria-labelledby=\"link-1\">\r\n                    <\/div>\r\n\r\n        \r\n        <div class=\"col-12 p-5 tab-pane fade\" id=\"tab-3\" role=\"tabpanel\" aria-labelledby=\"link-1\">\r\n                    <\/div>\r\n\r\n        \r\n    <\/div>\r\n<\/div>\r\n\r\n\r\n\r\n<\/div>","protected":false},"excerpt":{"rendered":"<p> [&#8230;]<\/p>\n<p><a class=\"btn btn-secondary understrap-read-more-link\" href=\"https:\/\/finnhems.fi\/sv\/for-medier\/\">L\u00e4s mer \u2026<span class=\"screen-reader-text\"> from F\u00f6r medier<\/span><\/a><\/p>\n","protected":false},"author":1,"featured_media":0,"parent":0,"menu_order":6,"comment_status":"closed","ping_status":"closed","template":"page-templates\/no-title.php","meta":{"_acf_changed":false,"footnotes":""},"class_list":["post-5672","page","type-page","status-publish","hentry"],"acf":[],"_links":{"self":[{"href":"https:\/\/finnhems.fi\/sv\/wp-json\/wp\/v2\/pages\/5672","targetHints":{"allow":["GET"]}}],"collection":[{"href":"https:\/\/finnhems.fi\/sv\/wp-json\/wp\/v2\/pages"}],"about":[{"href":"https:\/\/finnhems.fi\/sv\/wp-json\/wp\/v2\/types\/page"}],"author":[{"embeddable":true,"href":"https:\/\/finnhems.fi\/sv\/wp-json\/wp\/v2\/users\/1"}],"replies":[{"embeddable":true,"href":"https:\/\/finnhems.fi\/sv\/wp-json\/wp\/v2\/comments?post=5672"}],"version-history":[{"count":4,"href":"https:\/\/finnhems.fi\/sv\/wp-json\/wp\/v2\/pages\/5672\/revisions"}],"predecessor-version":[{"id":8888,"href":"https:\/\/finnhems.fi\/sv\/wp-json\/wp\/v2\/pages\/5672\/revisions\/8888"}],"wp:attachment":[{"href":"https:\/\/finnhems.fi\/sv\/wp-json\/wp\/v2\/media?parent=5672"}],"curies":[{"name":"wp","href":"https:\/\/api.w.org\/{rel}","templated":true}]}}