{"id":5674,"date":"2024-10-18T08:46:18","date_gmt":"2024-10-18T06:46:18","guid":{"rendered":"https:\/\/finnhems.fi\/kontaktuppgifter\/"},"modified":"2025-03-25T09:10:10","modified_gmt":"2025-03-25T09:10:10","slug":"kontaktuppgifter","status":"publish","type":"page","link":"https:\/\/finnhems.fi\/sv\/kontaktuppgifter\/","title":{"rendered":"Kontaktuppgifter"},"content":{"rendered":"\n<div style=\"height:40px\" aria-hidden=\"true\" class=\"wp-block-spacer\"><\/div>\n\n\n\r\n<script>\r\n    jQuery( document ).ready(function() {\r\n        jQuery(\".btn.btn-dark.btnFinnHEMS\").click(function() {\r\n            jQuery([document.documentElement, document.body]).animate({\r\n                scrollTop: jQuery(\"#tabContents\").offset().top\r\n            }, 500);\r\n        });\r\n    });\r\n<\/script>\r\n\r\n\r\n<div class=\"container columns\">\r\n\r\n    <div class=\"row\" role=\"tablist\">\r\n\r\n        \r\n        <div class=\"shaded col-12 col-md p-3 p-md-4 p-lg-5 columnshade1\"  data-aos=\"fade-up\" data-aos-delay=\"0\">\r\n            <div class=\"d-flex flex-column h-100\">\r\n                <div class=\"flex-shrink-1\">\r\n                    <h2 class=\" thinDark \">FinnHEMS Oy<\/h2>                <\/div>\r\n                <div class=\"flex-grow-1\">\r\n                    <p>telefonv\u00e4xel 029 300 5000<br \/>\ne-post <a class=\"spectrum-Link\" href=\"mailto:hems@finnhems.fi\" target=\"_blank\" rel=\"noopener noreferrer\">hems@finnhems.fi<\/a><\/p>\n<p>Personalens e-postadresser har formen <a class=\"spectrum-Link\" href=\"mailto:etunimi.sukunimi@finnhems.fi\" target=\"_blank\" rel=\"noopener noreferrer\">fornamn.efternamn@finnhems.fi<\/a><\/p>\n<p><strong>Kontaktperson f\u00f6r medier<\/strong><br \/>\nTiina Koutajoki, kommunikationsdirekt\u00f6r<br \/>\n<a class=\"spectrum-Link\" href=\"mailto:tiina.koutajoki@finnhems.fi\" target=\"_blank\" rel=\"noopener noreferrer\">tiina.koutajoki@finnhems.fi<\/a> tfn 0400 415 635<\/p>\n<p><a class=\"btn btn-dark btnFinnHEMS\" href=\"https:\/\/finnhems.fi\/yhteydenottolomake\/\">Kontaktformul\u00e4r<\/a><\/p>\n                <\/div>\r\n\r\n                <div class=\"flex-shrink-1\">\r\n                                                        <\/div>\r\n            <\/div>\r\n        <\/div>\r\n\r\n        \r\n        <div class=\"shaded col-12 col-md p-3 p-md-4 p-lg-5 columnshade2\"  data-aos=\"fade-up\" data-aos-delay=\"100\">\r\n            <div class=\"d-flex flex-column h-100\">\r\n                <div class=\"flex-shrink-1\">\r\n                    <h2 class=\" thinDark \">Bes\u00f6ksadress och ankomstanvisningar<\/h2>                <\/div>\r\n                <div class=\"flex-grow-1\">\r\n                    <p>Avia Pilot, Flygarev\u00e4gen 3, 01530 Vanda<\/p>\n<p>V\u00e5rt kontor p\u00e5 Helsingfors-Vanda flygplatsomr\u00e5de \u00e4r l\u00e4tt att n\u00e5 med kollektivtrafik.<\/p>\n<p>Entr\u00e9n \u00e4r \u00f6ppen p\u00e5 vardagarna kl. 8.00\u201316.00. Anm\u00e4l dig i receptionen.<\/p>\n<p><strong>Parkering och Moovy-appen<\/strong><\/p>\n<p>Bredvid Avia Pilot finns en parkeringsplats f\u00f6r bes\u00f6kare.<\/p>\n<p>Parkeringen sker med mobilappen Moovy. Vi rekommenderar att du laddar ner appen i f\u00f6rv\u00e4g fr\u00e5n appbutiken.<\/p>\n<p>Be receptionstj\u00e4nsten om bes\u00f6ksparkering. Personalen ger dig en tv\u00e5 timmars parkeringsf\u00f6rm\u00e5n i appen. Om din parkeringstid \u00f6verskrider den beviljade tiden, debiteras den \u00f6verskridande tiden fr\u00e5n det betalkort som \u00e4r kopplat till ditt Moovy-konto.<\/p>\n<p>F\u00f6r l\u00e4ngre parkering rekommenderar vi flygplatsens parkeringshus P5.<\/p>\n<p><strong>Bes\u00f6k p\u00e5 baser<\/strong><\/p>\n<p>Baserna ska vara beredda f\u00f6r jourverksamhet, varf\u00f6r bes\u00f6k alltid beh\u00f6ver planeras p\u00e5 f\u00f6rhand.<\/p>\n<p>Baserna tar inte emot ov\u00e4ntade bes\u00f6kare.<\/p>\n                <\/div>\r\n\r\n                <div class=\"flex-shrink-1\">\r\n                                                        <\/div>\r\n            <\/div>\r\n        <\/div>\r\n\r\n        \r\n        <div class=\"shaded col-12 col-md p-3 p-md-4 p-lg-5 columnshade3\"  data-aos=\"fade-up\" data-aos-delay=\"200\">\r\n            <div class=\"d-flex flex-column h-100\">\r\n                <div class=\"flex-shrink-1\">\r\n                    <h2 class=\" thinDark \">Faktureringsadresser<\/h2>                <\/div>\r\n                <div class=\"flex-grow-1\">\r\n                    <p>N\u00e4tfakturaoperat\u00f6r: OpusCapita Group<br \/>\nOperat\u00f6rkod: E204503<\/p>\n<p>F\u00f6rmedlare: Apix Messaging Oy<br \/>\nF\u00f6rmedlarkod: 003723327487<br \/>\nKontakter i samband med fakturering: <a class=\"spectrum-Link\" href=\"mailto:talous@finnhems.fi\" target=\"_blank\" rel=\"noopener noreferrer\">talous@finnhems.fi<\/a><\/p>\n<p><strong>FinnHEMS Oy<\/strong><br \/>\nFO-nummer: 2347340-9<br \/>\nN\u00e4tfaktureringsadress: 003723473409<\/p>\n<p><strong>FinnHEMS Lentopalvelut Oy<\/strong><br \/>\nFO-nummer: 0810819-8<br \/>\nN\u00e4tfaktureringsadress: 003708108198<\/p>\n<p><a href=\"https:\/\/finnhems.fi\/wp-content\/uploads\/2024\/11\/Laskutusosoitteet-FinnHEMS-konserni.pdf\" target=\"_blank\" rel=\"noopener\"><strong>Faktureringsadresser och faktureringsanvisningar PDF<\/strong><\/a><\/p>\n                <\/div>\r\n\r\n                <div class=\"flex-shrink-1\">\r\n                                                        <\/div>\r\n            <\/div>\r\n        <\/div>\r\n\r\n        \r\n    <\/div>\r\n\r\n\r\n\r\n<div class=\"row\">\r\n    <div class=\"tab-content\" id=\"tabContents\">\r\n\r\n        \r\n        <div class=\"col-12 p-5 tab-pane fade\" id=\"tab-1\" role=\"tabpanel\" aria-labelledby=\"link-1\">\r\n                    <\/div>\r\n\r\n        \r\n        <div class=\"col-12 p-5 tab-pane fade\" id=\"tab-2\" role=\"tabpanel\" aria-labelledby=\"link-1\">\r\n                    <\/div>\r\n\r\n        \r\n        <div class=\"col-12 p-5 tab-pane fade\" id=\"tab-3\" role=\"tabpanel\" aria-labelledby=\"link-1\">\r\n                    <\/div>\r\n\r\n        \r\n    <\/div>\r\n<\/div>\r\n\r\n\r\n\r\n<\/div>\n\n\r\n<div class=\"px-2 px-md-0\">\r\n    <div class=\"hero  nonsquare\" style=\"background-image:url(https:\/\/finnhems.fi\/wp-content\/uploads\/2024\/10\/finnhems-hero-yhteystiedot.jpg);\" data-aos=\"fade-in\">\r\n\r\n        <div class=\"d-md-flex align-items-center  justify-content-start\">\r\n            <div class=\"position-relative col-12 col-lg-6 d-none d-lg-block overlay-desktop order-first \" style=\"\">\r\n                            <\/div>\r\n            <div class=\"position-relative col-12 col-lg-6 d-block overlay-desktop-right order-last \">\r\n            <\/div>\r\n        <\/div>\r\n    <\/div>\r\n<\/div>\r\n\r\n<div class=\"position-relative col-12 col-lg-6 d-block d-lg-none overlay-mobile\" style=\"\">\r\n    <\/div>\r\n","protected":false},"excerpt":{"rendered":"<p> [&#8230;]<\/p>\n<p><a class=\"btn btn-secondary understrap-read-more-link\" href=\"https:\/\/finnhems.fi\/sv\/kontaktuppgifter\/\">L\u00e4s mer \u2026<span class=\"screen-reader-text\"> from Kontaktuppgifter<\/span><\/a><\/p>\n","protected":false},"author":1,"featured_media":0,"parent":0,"menu_order":5,"comment_status":"closed","ping_status":"closed","template":"page-templates\/no-title.php","meta":{"_acf_changed":false,"footnotes":""},"class_list":["post-5674","page","type-page","status-publish","hentry"],"acf":[],"_links":{"self":[{"href":"https:\/\/finnhems.fi\/sv\/wp-json\/wp\/v2\/pages\/5674","targetHints":{"allow":["GET"]}}],"collection":[{"href":"https:\/\/finnhems.fi\/sv\/wp-json\/wp\/v2\/pages"}],"about":[{"href":"https:\/\/finnhems.fi\/sv\/wp-json\/wp\/v2\/types\/page"}],"author":[{"embeddable":true,"href":"https:\/\/finnhems.fi\/sv\/wp-json\/wp\/v2\/users\/1"}],"replies":[{"embeddable":true,"href":"https:\/\/finnhems.fi\/sv\/wp-json\/wp\/v2\/comments?post=5674"}],"version-history":[{"count":3,"href":"https:\/\/finnhems.fi\/sv\/wp-json\/wp\/v2\/pages\/5674\/revisions"}],"predecessor-version":[{"id":8289,"href":"https:\/\/finnhems.fi\/sv\/wp-json\/wp\/v2\/pages\/5674\/revisions\/8289"}],"wp:attachment":[{"href":"https:\/\/finnhems.fi\/sv\/wp-json\/wp\/v2\/media?parent=5674"}],"curies":[{"name":"wp","href":"https:\/\/api.w.org\/{rel}","templated":true}]}}