{"id":5678,"date":"2024-10-18T08:44:28","date_gmt":"2024-10-18T06:44:28","guid":{"rendered":"https:\/\/finnhems.fi\/var-verksamhet\/"},"modified":"2025-03-11T07:12:36","modified_gmt":"2025-03-11T07:12:36","slug":"var-verksamhet","status":"publish","type":"page","link":"https:\/\/finnhems.fi\/sv\/var-verksamhet\/","title":{"rendered":"V\u00e5r verksamhet"},"content":{"rendered":"\r\n<div class=\"px-2 px-md-0\">\r\n    <div class=\"hero  nonsquare\" style=\"background-image:url(https:\/\/finnhems.fi\/wp-content\/uploads\/2024\/10\/finnhems-hero-toimintamme.jpg);\" data-aos=\"fade-in\">\r\n\r\n        <div class=\"d-md-flex align-items-center  justify-content-start\">\r\n            <div class=\"position-relative col-12 col-lg-6 d-none d-lg-block overlay-desktop order-first  no_image_effect \" style=\"\">\r\n                                    <div class=\"p-4 p-xl-5 position-absolute top-50 start-25 translate-x25y50\" data-aos=\"fade-in\" data-aos-anchor-placement=\"top-bottom\">\r\n                        <h1 class=\"mb-3\" data-aos=\"fade-up\" data-aos-delay=\"50\" data-aos-anchor-placement=\"top-bottom\">V\u00e5r rikst\u00e4ckande verksamhet<\/h1>                        <div class=\"subHeader\" data-aos=\"fade-up\" data-aos-delay=\"150\">\r\n                            FinnHEMS \u00e4r ett riksomfattande statligt bolag som ansvarar f\u00f6r l\u00e4karhelikopterverksamheten                        <\/div>\r\n                                            <\/div>\r\n                            <\/div>\r\n            <div class=\"position-relative col-12 col-lg-6 d-block overlay-desktop-right order-last  no_image_effect \">\r\n            <\/div>\r\n        <\/div>\r\n    <\/div>\r\n<\/div>\r\n\r\n<div class=\"position-relative col-12 col-lg-6 d-block d-lg-none overlay-mobile\" style=\"\">\r\n            <div class=\"pt-3 pb-3 pb-md-1 px-2\">\r\n            <h1 class=\"fw-bold hyphenated\">V\u00e5r rikst\u00e4ckande verksamhet<\/h1>            <div class=\"subHeader fw-bold hyphenated\">\r\n                FinnHEMS \u00e4r ett riksomfattande statligt bolag som ansvarar f\u00f6r l\u00e4karhelikopterverksamheten            <\/div>\r\n                    <\/div>\r\n    <\/div>\r\n\r\n<div class=\"container content\">\r\n\r\n    <div class=\"row d-md-flex align-items-stretch\">\r\n        <div class=\"col-12 col-md-12 col-lg-6 py-4 px-0 py-md-4 px-md-4 p-xl-5 square  large-text  light\" style=\"position: relative;\">\r\n            <!-- <div class=\"image-overlay\" style=\"z-index: 0;\"><\/div> -->\r\n            <div class=\"px-2 px-md-4 px-xl-5\" style=\"position: relative;\">\r\n                                <div data-aos=\"fade-up\" data-aos-delay=\"50\">\r\n                    <p>FinnHEMS \u00e4r ett icke-vinstdrivande bolag som grundades \u00e5r 2010 och vars verksamhet finansieras med statligt st\u00f6d fr\u00e5n statsbudgeten. \u00c5r 2024 beviljades FinnHEMS 44,7 miljoner euro i statsunderst\u00f6d. <\/p>\n<p>V\u00e5r viktigaste uppgift \u00e4r att f\u00f6ra h\u00f6gklassiga akutl\u00e4kartj\u00e4nster till platsen i pl\u00f6tsliga och livshotande situationer. Med sina l\u00e4karhelikoptrar n\u00e5r FinnHEMS upp till 80 procent av finl\u00e4ndarna inom 30 minuter efter larm. <\/p>\n<p><strong>Vi arbetar st\u00e4ndigt f\u00f6r en b\u00e4ttre akutv\u00e5rd tillsammans med v\u00e5ra partner. Vi producerar trygga, h\u00f6gklassiga och j\u00e4mlika akutv\u00e5rdstj\u00e4nster i samarbete med v\u00e4lf\u00e4rdsomr\u00e5dena och HUS.<\/strong><\/p>\n                <\/div>\r\n                            <\/div>\r\n        <\/div>\r\n\r\n                    <div class=\"px-2 px-md-0 pt-3 pt-md-0 col-12 col-md-12 col-lg-6 align-self-stretch content__image  order-last order-md-first\" style=\"position: relative;\" data-aos=\"fade-up\" data-aos-delay=\"100\">\r\n                <div class=\"h-100\" style=\"background-image:url(https:\/\/finnhems.fi\/wp-content\/uploads\/2025\/02\/finnhems-toimintamme.jpg); background-size: cover; background-repeat: no-repeat; background-position: center center;\"><\/div>\r\n                <div class=\"image-overlay\"><\/div>\r\n            <\/div>\r\n                    <\/div>\r\n\r\n<\/div>\r\n<div class=\"container content\">\r\n\r\n    <div class=\"row d-md-flex align-items-stretch\">\r\n        <div class=\"col-12 col-md-12 col-lg-6 py-4 px-0 py-md-4 px-md-4 p-xl-5 square  large-text  light\" style=\"position: relative;\">\r\n            <!-- <div class=\"image-overlay\" style=\"z-index: 0;\"><\/div> -->\r\n            <div class=\"px-2 px-md-4 px-xl-5\" style=\"position: relative;\">\r\n                <h2 class=\"mb-3 mb-md-4 mb-xl-5\" data-aos=\"fade-up\">Baserna \u00e4r k\u00e4rnan i v\u00e5r verksamhet<\/h2>                <div data-aos=\"fade-up\" data-aos-delay=\"50\">\r\n                    <p>K\u00e4rnan i FinnHEMS verksamhet \u00e4r de sju baserna runt om i Finland. Helikoptrarna, fordonen och den jourhavande personalen \u00e4r i omedelbar startberedskap dygnet runt. FinnHEMS tillhandah\u00e5ller den flygande personalen, helikoptrarna, utryckningsfordonen och baserna f\u00f6r verksamheten. V\u00e4lf\u00e4rdsomr\u00e5dena och HUS-sammanslutningen ansvarar f\u00f6r akutv\u00e5rden. <\/p>\n<p>L\u00e4karhelikopterverksamheten \u00e4r en del av medborgarnas skyddsn\u00e4t. FinnHEMS \u00e4r ett statligt bolag med specialuppgifter som ansvarar f\u00f6r och producerar riksomfattande l\u00e4karhelikoptertj\u00e4nst tillsammans med v\u00e4lf\u00e4rdsomr\u00e5dena.<\/p>\n                <\/div>\r\n                            <\/div>\r\n        <\/div>\r\n\r\n                    <div class=\"px-2 px-md-0 pt-3 pt-md-0 col-12 col-md-12 col-lg-6 align-self-stretch content__image  \" style=\"position: relative;\" data-aos=\"fade-up\" data-aos-delay=\"100\">\r\n                <div class=\"h-100\" style=\"background-image:url(https:\/\/finnhems.fi\/wp-content\/uploads\/2024\/10\/finnhems-helikopteri.jpg); background-size: cover; background-repeat: no-repeat; background-position: center center;\"><\/div>\r\n                <div class=\"image-overlay\"><\/div>\r\n            <\/div>\r\n                    <\/div>\r\n\r\n<\/div>","protected":false},"excerpt":{"rendered":"<p> [&#8230;]<\/p>\n<p><a class=\"btn btn-secondary understrap-read-more-link\" href=\"https:\/\/finnhems.fi\/sv\/var-verksamhet\/\">L\u00e4s mer \u2026<span class=\"screen-reader-text\"> from V\u00e5r verksamhet<\/span><\/a><\/p>\n","protected":false},"author":1,"featured_media":0,"parent":0,"menu_order":2,"comment_status":"closed","ping_status":"closed","template":"page-templates\/no-title.php","meta":{"_acf_changed":false,"footnotes":""},"class_list":["post-5678","page","type-page","status-publish","hentry"],"acf":[],"_links":{"self":[{"href":"https:\/\/finnhems.fi\/sv\/wp-json\/wp\/v2\/pages\/5678","targetHints":{"allow":["GET"]}}],"collection":[{"href":"https:\/\/finnhems.fi\/sv\/wp-json\/wp\/v2\/pages"}],"about":[{"href":"https:\/\/finnhems.fi\/sv\/wp-json\/wp\/v2\/types\/page"}],"author":[{"embeddable":true,"href":"https:\/\/finnhems.fi\/sv\/wp-json\/wp\/v2\/users\/1"}],"replies":[{"embeddable":true,"href":"https:\/\/finnhems.fi\/sv\/wp-json\/wp\/v2\/comments?post=5678"}],"version-history":[{"count":1,"href":"https:\/\/finnhems.fi\/sv\/wp-json\/wp\/v2\/pages\/5678\/revisions"}],"predecessor-version":[{"id":5679,"href":"https:\/\/finnhems.fi\/sv\/wp-json\/wp\/v2\/pages\/5678\/revisions\/5679"}],"wp:attachment":[{"href":"https:\/\/finnhems.fi\/sv\/wp-json\/wp\/v2\/media?parent=5678"}],"curies":[{"name":"wp","href":"https:\/\/api.w.org\/{rel}","templated":true}]}}