{"id":5682,"date":"2024-11-19T11:47:21","date_gmt":"2024-11-19T11:47:21","guid":{"rendered":"https:\/\/finnhems.fi\/kontaktformular\/"},"modified":"2025-03-25T12:28:25","modified_gmt":"2025-03-25T12:28:25","slug":"kontaktformular","status":"publish","type":"page","link":"https:\/\/finnhems.fi\/sv\/kontaktformular\/","title":{"rendered":"Kontaktformul\u00e4r"},"content":{"rendered":"\r\n<div class=\"container margin-section \">\r\n    <div class=\"row\">\r\n        <div class=\"col-12 p-2 p-md-4 p-xl-5\">\r\n            <div class=\"forminator-ui forminator-custom-form forminator-custom-form-8295 forminator-design--flat  forminator_ajax\" data-forminator-render=\"0\" data-form=\"forminator-module-8295\" data-uid=\"69d4f1e67ec87\"><br\/><\/div><form\r\n\t\t\t\tid=\"forminator-module-8295\"\r\n\t\t\t\tclass=\"forminator-ui forminator-custom-form forminator-custom-form-8295 forminator-design--flat  forminator_ajax\"\r\n\t\t\t\tmethod=\"post\"\r\n\t\t\t\tdata-forminator-render=\"0\"\r\n\t\t\t\tdata-form-id=\"8295\"\r\n\t\t\t\t data-color-option=\"default\" data-design=\"flat\" data-grid=\"open\" style=\"display: none;\"\r\n\t\t\t\tdata-uid=\"69d4f1e67ec87\"\r\n\t\t\t><div role=\"alert\" aria-live=\"polite\" class=\"forminator-response-message forminator-error\" aria-hidden=\"true\"><\/div><div class=\"forminator-row\"><div id=\"name-1\" class=\"forminator-field-name forminator-col forminator-col-12 \"><div class=\"forminator-field\"><label for=\"forminator-field-name-1_69d4f1e67ec87\" id=\"forminator-field-name-1_69d4f1e67ec87-label\" class=\"forminator-label\">F\u00f6rnamn <span class=\"forminator-required\">*<\/span><\/label><input type=\"text\" name=\"name-1\" value=\"\" placeholder=\"T.ex. Maja\" id=\"forminator-field-name-1_69d4f1e67ec87\" class=\"forminator-input forminator-name--field\" aria-required=\"true\" autocomplete=\"name\" \/><\/div><\/div><\/div><div class=\"forminator-row\"><div id=\"name-2\" class=\"forminator-field-name forminator-col forminator-col-12 \"><div class=\"forminator-field\"><label for=\"forminator-field-name-2_69d4f1e67ec87\" id=\"forminator-field-name-2_69d4f1e67ec87-label\" class=\"forminator-label\">Efternamn <span class=\"forminator-required\">*<\/span><\/label><input type=\"text\" name=\"name-2\" value=\"\" placeholder=\"T.ex. Svensson\" id=\"forminator-field-name-2_69d4f1e67ec87\" class=\"forminator-input forminator-name--field\" aria-required=\"true\" autocomplete=\"name\" \/><\/div><\/div><\/div><div class=\"forminator-row\"><div id=\"email-1\" class=\"forminator-field-email forminator-col forminator-col-12 \"><div class=\"forminator-field\"><label for=\"forminator-field-email-1_69d4f1e67ec87\" id=\"forminator-field-email-1_69d4f1e67ec87-label\" class=\"forminator-label\">E-postadress <span class=\"forminator-required\">*<\/span><\/label><input type=\"email\" name=\"email-1\" value=\"\" placeholder=\"T.ex. maja.biet@adress.se\" id=\"forminator-field-email-1_69d4f1e67ec87\" class=\"forminator-input forminator-email--field\" data-required=\"true\" aria-required=\"true\" autocomplete=\"email\" \/><\/div><\/div><\/div><div class=\"forminator-row\"><div id=\"phone-1\" class=\"forminator-field-phone forminator-col forminator-col-12 \"><div class=\"forminator-field\"><label for=\"forminator-field-phone-1_69d4f1e67ec87\" id=\"forminator-field-phone-1_69d4f1e67ec87-label\" class=\"forminator-label\">Telefonnummer<\/label><input type=\"text\" name=\"phone-1\" value=\"\" placeholder=\"T.ex. +358 40 1234567\" id=\"forminator-field-phone-1_69d4f1e67ec87\" class=\"forminator-input forminator-field--phone\" data-required=\"\" aria-required=\"false\" autocomplete=\"off\" \/><\/div><\/div><\/div><div class=\"forminator-row\"><div id=\"text-1\" class=\"forminator-field-text forminator-col forminator-col-12 \"><div class=\"forminator-field\"><label for=\"forminator-field-text-1_69d4f1e67ec87\" id=\"forminator-field-text-1_69d4f1e67ec87-label\" class=\"forminator-label\">Ort<\/label><input type=\"text\" name=\"text-1\" value=\"\" placeholder=\"T.ex. Kotka\" id=\"forminator-field-text-1_69d4f1e67ec87\" class=\"forminator-input forminator-name--field\" data-required=\"\" \/><\/div><\/div><\/div><div class=\"forminator-row\"><div id=\"textarea-1\" class=\"forminator-field-textarea forminator-col forminator-col-12 \"><div class=\"forminator-field\"><label for=\"forminator-field-textarea-1_69d4f1e67ec87\" id=\"forminator-field-textarea-1_69d4f1e67ec87-label\" class=\"forminator-label\">Ditt \u00e4rende <span class=\"forminator-required\">*<\/span><\/label><textarea name=\"textarea-1\" placeholder=\"Beskriv ditt \u00e4rende h\u00e4r\" id=\"forminator-field-textarea-1_69d4f1e67ec87\" class=\"forminator-textarea\" rows=\"6\" style=\"min-height:140px;\" ><\/textarea><span id=\"forminator-field-textarea-1_69d4f1e67ec87-description\" class=\"forminator-description\"><span data-limit=\"1800\" data-type=\"words\" data-editor=\"\">0 \/ 1800<\/span><\/span><\/div><\/div><\/div><div class=\"forminator-row\"><div id=\"consent-1\" class=\"forminator-field-consent forminator-col forminator-col-12 \"><div class=\"forminator-field\"><label for=\"forminator-field-consent-1_69d4f1e67ec87\" id=\"forminator-field-consent-1_69d4f1e67ec87-label\" class=\"forminator-label\">Samtycke till datalagring <span class=\"forminator-required\">*<\/span><\/label><div class=\"forminator-checkbox__wrapper\"><label id=\"forminator-field-consent-1_69d4f1e67ec87__label\" class=\"forminator-checkbox forminator-consent\"><input type=\"checkbox\" name=\"consent-1\" id=\"forminator-field-consent-1_69d4f1e67ec87\" value=\"checked\" aria-labelledby=\"forminator-field-consent-1_69d4f1e67ec87-label\" aria-describedby=\"forminator-field-consent-1_69d4f1e67ec87__description\" data-required=\"true\" aria-required=\"true\" \/><span class=\"forminator-checkbox-box\" aria-hidden=\"true\"><\/span><\/label><div id=\"forminator-field-consent-1_69d4f1e67ec87__description\" class=\"forminator-checkbox__label forminator-consent__label\"><p>Ja, jag godk\u00e4nner att mina uppgifter lagras enligt FinnHEMS <a href=\"https:\/\/finnhems.fi\/privacy-policy\/\">dataskyddsbeskrivning<\/a>. FinnHEMS anv\u00e4nder uppgifterna fr\u00e5n detta formul\u00e4r enbart f\u00f6r n\u00f6dv\u00e4ndig kontakt med avs\u00e4ndaren och l\u00e4mnar inte ut dem till tredje part utan tillst\u00e5nd.<\/p><\/div><\/div><\/div><\/div><\/div><input type=\"hidden\" name=\"referer_url\" value=\"\" \/><div class=\"forminator-row forminator-row-last\"><div class=\"forminator-col\"><div class=\"forminator-field\"><button class=\"forminator-button forminator-button-submit\">Skicka kontaktf&ouml;rfr&aring;gan<\/button><\/div><\/div><\/div><input type=\"hidden\" id=\"forminator_nonce\" name=\"forminator_nonce\" value=\"f42c5a5271\" \/><input type=\"hidden\" name=\"_wp_http_referer\" value=\"\/sv\/wp-json\/wp\/v2\/pages\/5682\" \/><input type=\"hidden\" name=\"form_id\" value=\"8295\"><input type=\"hidden\" name=\"page_id\" value=\"5682\"><input type=\"hidden\" name=\"form_type\" value=\"default\"><input type=\"hidden\" name=\"current_url\" value=\"https:\/\/finnhems.fi\/sv\/kontaktformular\/\"><input type=\"hidden\" name=\"render_id\" value=\"0\"><input type=\"hidden\" name=\"action\" value=\"forminator_submit_form_custom-forms\"><\/form>\n        <\/div>\r\n    <\/div>\r\n<\/div>","protected":false},"excerpt":{"rendered":"<p> [&#8230;]<\/p>\n<p><a class=\"btn btn-secondary understrap-read-more-link\" href=\"https:\/\/finnhems.fi\/sv\/kontaktformular\/\">L\u00e4s mer \u2026<span class=\"screen-reader-text\"> from Kontaktformul\u00e4r<\/span><\/a><\/p>\n","protected":false},"author":1,"featured_media":0,"parent":0,"menu_order":0,"comment_status":"closed","ping_status":"closed","template":"","meta":{"_acf_changed":false,"footnotes":""},"class_list":["post-5682","page","type-page","status-publish","hentry"],"acf":[],"_links":{"self":[{"href":"https:\/\/finnhems.fi\/sv\/wp-json\/wp\/v2\/pages\/5682","targetHints":{"allow":["GET"]}}],"collection":[{"href":"https:\/\/finnhems.fi\/sv\/wp-json\/wp\/v2\/pages"}],"about":[{"href":"https:\/\/finnhems.fi\/sv\/wp-json\/wp\/v2\/types\/page"}],"author":[{"embeddable":true,"href":"https:\/\/finnhems.fi\/sv\/wp-json\/wp\/v2\/users\/1"}],"replies":[{"embeddable":true,"href":"https:\/\/finnhems.fi\/sv\/wp-json\/wp\/v2\/comments?post=5682"}],"version-history":[{"count":2,"href":"https:\/\/finnhems.fi\/sv\/wp-json\/wp\/v2\/pages\/5682\/revisions"}],"predecessor-version":[{"id":8298,"href":"https:\/\/finnhems.fi\/sv\/wp-json\/wp\/v2\/pages\/5682\/revisions\/8298"}],"wp:attachment":[{"href":"https:\/\/finnhems.fi\/sv\/wp-json\/wp\/v2\/media?parent=5682"}],"curies":[{"name":"wp","href":"https:\/\/api.w.org\/{rel}","templated":true}]}}